{"id":2520,"date":"2026-02-05T18:30:46","date_gmt":"2026-02-05T17:30:46","guid":{"rendered":"https:\/\/nabsolutions.com\/se\/?page_id=2520"},"modified":"2026-03-20T14:46:02","modified_gmt":"2026-03-20T13:46:02","slug":"guider","status":"publish","type":"page","link":"https:\/\/nabsolutions.com\/se\/guider\/","title":{"rendered":"Guider"},"content":{"rendered":"\r\n\r\n<section class=\"nab-hero   \" id=\"\">\r\n    <div class=\"nab-hero-inner\">\r\n        <header class=\"nab-hero-header\">\r\n                            <h1 class=\"nab-hero-header-title\">\r\n                    V\u00e5ra guider om AI, ERP, CRM och Microsofts produkter                <\/h1>\r\n                                        <p class=\"nab-hero-header-text is-ingress\">\r\n                    Ta del av v\u00e5ra guider f\u00f6r att \u00f6ka din kunskap eller f\u00f6rbereda dig f\u00f6r ett kommande projekt. \u00d6nskar du n\u00e5gon guide eller har n\u00e5gra fr\u00e5gor, tveka inte att kontakta oss!                <\/p>\r\n            \r\n            \r\n                        \r\n                    <\/header>\r\n\r\n        \r\n            <\/div>\r\n<\/section>\n\n\r\n<section class=\"nab-cases-list\">\r\n    <div class=\"nab-cases-list-inner\">\r\n        <div class=\"nab-cases-list-wrapper\">\r\n                            <div class=\"nab-cases-list-item\">\r\n                    <div class=\"nab-cases-list-item-image-wrapper lazyload\" style=\"background-image:inherit;\" data-bg-image=\"url(https:\/\/nabsolutions.com\/se\/wp-content\/uploads\/sites\/2\/2026\/03\/Guide-Roadmap-for-grossistaret-2026.webp)\">\r\n                        <div class=\"nab-cases-list-item-image-wrapper-overlay\"><\/div>\r\n                                                    <div class=\"nab-cases-list-item-tag-wrapper\">\r\n                                  \r\n                                                                <\/div>\r\n                                                                            <img decoding=\"async\" src=\"https:\/\/nabsolutions.com\/se\/wp-content\/themes\/nab-solutions-public\/assets\/static\/images\/logos\/nab-icon-green.svg\" alt=\"Case logo\" class=\"nab-cases-list-item-image-logo\">\r\n                                                <a href=\"https:\/\/nabsolutions.com\/se\/branscher\/erp-for-grossister\/guide-roadmap-for-grossistaret-2026\/\" class=\"nab-cases-list-item-link\">\r\n                            <i class=\"nab-cases-list-item-link-icon material-symbols-outlined\" aria-label=\"Arrow right\">arrow_right_alt<\/i>\r\n                        <\/a> \r\n                    <\/div>\r\n                    <div class=\"nab-cases-list-item-content\">\r\n                        <h4 class=\"nab-cases-list-item-content-title\">Guide &#8211; Roadmap f\u00f6r grossist\u00e5ret 2026<\/h4>\r\n                    <\/div>\r\n                <\/div>\r\n                            <div class=\"nab-cases-list-item\">\r\n                    <div class=\"nab-cases-list-item-image-wrapper lazyload\" style=\"background-image:inherit;\" data-bg-image=\"url(https:\/\/nabsolutions.com\/se\/wp-content\/uploads\/sites\/2\/2026\/03\/Guide-Business-Central-loser-5-av-SaaS-bolags-vanligaste-utmaningar.webp)\">\r\n                        <div class=\"nab-cases-list-item-image-wrapper-overlay\"><\/div>\r\n                                                    <div class=\"nab-cases-list-item-tag-wrapper\">\r\n                                  \r\n                                                                <\/div>\r\n                                                                            <img decoding=\"async\" src=\"https:\/\/nabsolutions.com\/se\/wp-content\/themes\/nab-solutions-public\/assets\/static\/images\/logos\/nab-icon-green.svg\" alt=\"Case logo\" class=\"nab-cases-list-item-image-logo\">\r\n                                                <a href=\"https:\/\/nabsolutions.com\/se\/erp\/guide-business-central-saas-bolags-vanligaste-utmaningar\/\" class=\"nab-cases-list-item-link\">\r\n                            <i class=\"nab-cases-list-item-link-icon material-symbols-outlined\" aria-label=\"Arrow right\">arrow_right_alt<\/i>\r\n                        <\/a> \r\n                    <\/div>\r\n                    <div class=\"nab-cases-list-item-content\">\r\n                        <h4 class=\"nab-cases-list-item-content-title\">Guide &#8211; Business Central l\u00f6ser 5 av SaaS-bolags vanligaste utmaningar<\/h4>\r\n                    <\/div>\r\n                <\/div>\r\n                            <div class=\"nab-cases-list-item\">\r\n                    <div class=\"nab-cases-list-item-image-wrapper lazyload\" style=\"background-image:inherit;\" data-bg-image=\"url(https:\/\/nabsolutions.com\/se\/wp-content\/uploads\/sites\/2\/2026\/02\/Vad-ar-Business-Central-\u2013-och-varfor-pratar-sa-manga-om-det_.webp)\">\r\n                        <div class=\"nab-cases-list-item-image-wrapper-overlay\"><\/div>\r\n                                                    <div class=\"nab-cases-list-item-tag-wrapper\">\r\n                                  \r\n                                                                <\/div>\r\n                                                                            <img decoding=\"async\" src=\"https:\/\/nabsolutions.com\/se\/wp-content\/uploads\/sites\/2\/2025\/11\/nab-icon-green.svg\" alt=\"NAB Solutions symbol logo logo\" class=\"nab-cases-list-item-image-logo\">\r\n                                                <a href=\"https:\/\/nabsolutions.com\/se\/crm\/guide-upptack-microsofts-crm\/\" class=\"nab-cases-list-item-link\">\r\n                            <i class=\"nab-cases-list-item-link-icon material-symbols-outlined\" aria-label=\"Arrow right\">arrow_right_alt<\/i>\r\n                        <\/a> \r\n                    <\/div>\r\n                    <div class=\"nab-cases-list-item-content\">\r\n                        <h4 class=\"nab-cases-list-item-content-title\">Guide \u2013 Uppt\u00e4ck Microsofts CRM<\/h4>\r\n                    <\/div>\r\n                <\/div>\r\n                            <div class=\"nab-cases-list-item\">\r\n                    <div class=\"nab-cases-list-item-image-wrapper lazyload\" style=\"background-image:inherit;\" data-bg-image=\"url(https:\/\/nabsolutions.com\/se\/wp-content\/uploads\/sites\/2\/2025\/04\/Varstada-ekonomin-med-Business-Central.webp)\">\r\n                        <div class=\"nab-cases-list-item-image-wrapper-overlay\"><\/div>\r\n                                                    <div class=\"nab-cases-list-item-tag-wrapper\">\r\n                                  \r\n                                                                <\/div>\r\n                                                                            <img decoding=\"async\" src=\"https:\/\/nabsolutions.com\/se\/wp-content\/uploads\/sites\/2\/2025\/11\/nab-icon-green.svg\" alt=\"NAB Solutions symbol logo logo\" class=\"nab-cases-list-item-image-logo\">\r\n                                                <a href=\"https:\/\/nabsolutions.com\/se\/guider\/guide-kom-igang-med-business-central\/\" class=\"nab-cases-list-item-link\">\r\n                            <i class=\"nab-cases-list-item-link-icon material-symbols-outlined\" aria-label=\"Arrow right\">arrow_right_alt<\/i>\r\n                        <\/a> \r\n                    <\/div>\r\n                    <div class=\"nab-cases-list-item-content\">\r\n                        <h4 class=\"nab-cases-list-item-content-title\">Guide \u2013 Kom ig\u00e5ng med Business Central<\/h4>\r\n                    <\/div>\r\n                <\/div>\r\n                    <\/div>\r\n    <\/div>\r\n<\/section>\n\n\n<section class=\"nab-cta-island   \" id=\"CTA\">\n    <div class=\"nab-cta-island-inner\">\n        <header class=\"nab-cta-island-header\">\n                            <h2 class=\"nab-cta-island-header-title \">\n                    Saknar du n\u00e5gon guide eller vill \u00f6nska n\u00e5got inneh\u00e5ll?                <\/h2>\n                        \n                            <p class=\"nab-cta-island-header-text is-ingress\">\n                    Vi vill alltid ha relevant inneh\u00e5ll f\u00f6r dig som bes\u00f6kare s\u00e5 saknar du n\u00e5gon guide \u00e4r det bara att h\u00f6ra av dig!                <\/p>\n                        \n                            <a href=\"\" class=\"nab-cta-island-header-button nab-button is-primary is-info-form-popup\" aria-label=\"Kontakta oss\">\n                    Kontakta oss                <\/a>\n                \n                    <\/header>\n\n    <\/div>\n<\/section>\n\n\r\n<section class=\"nab-form-popup nab-form\">\r\n    <div class=\"nab-form-popup-inner\">\r\n        <a href=\"#\" class=\"nab-form-popup-close\">\r\n            <i class=\"nab-form-popup-close-icon material-symbols-outlined\">close<\/i>\r\n        <\/a>\r\n        <header class=\"nab-form-popup-header\">\r\n            <h3 class=\"nab-form-popup-header-title is-large\">\r\n                H\u00f6r av dig!            <\/h3>\r\n            <p class=\"nab-form-popup-header-text is-lead\">\r\n                Fyll i formul\u00e4ret s\u00e5 \u00e5terkommer vi inom kort!            <\/p>\r\n        <\/header>\r\n\r\n        <div class=\"nab-form-popup-form-wrapper\">\r\n            <form\r\n                action=\"\/wp-json\/nab\/v1\/mail\"\r\n                class=\"nab-form-popup-form nab-form-area\"\r\n                id=\"nab-form-area\"\r\n                data-type=\"info\"\r\n            >\r\n                <div class=\"nab-form-area-item is-botcheck\">\r\n                    <input type=\"tel\" class=\"nab-form-area-input is-botcheck\">\r\n                <\/div>\r\n\r\n                <div class=\"nab-form-area-item is-50\">\r\n                    <label for=\"nab-form-first-name\" class=\"nab-form-area-label\">\r\n                        F\u00f6rnamn*  \r\n                    <\/label>\r\n                    <input type=\"text\" class=\"nab-form-area-input is-required\" id=\"nab-form-first-name\">\r\n                    <p class=\"nab-form-area-error\">\r\n                        Var v\u00e4nlig och fyll i ditt f\u00f6rnamn.                    <\/p>\r\n                <\/div>\r\n                \r\n                <div class=\"nab-form-area-item is-50\">\r\n                    <label for=\"nab-form-last-name\" class=\"nab-form-area-label\">\r\n                        Efternamn*                    <\/label>\r\n                    <input type=\"text\" class=\"nab-form-area-input is-required\" id=\"nab-form-last-name\">\r\n                    <p class=\"nab-form-area-error\">\r\n                        Var v\u00e4nlig och fyll i ditt efternamn.                    <\/p>\r\n                <\/div>\r\n                \r\n                <div class=\"nab-form-area-item\">\r\n                    <label for=\"nab-form-company\" class=\"nab-form-area-label\">\r\n                        F\u00f6retag                    <\/label>\r\n                    <input type=\"text\" class=\"nab-form-area-input\" id=\"nab-form-company\">\r\n                <\/div>\r\n\r\n                <div class=\"nab-form-area-item is-50\">\r\n                    <label for=\"nab-form-email\" class=\"nab-form-area-label\">\r\n                        E-post*                    <\/label>\r\n                    <input type=\"email\" class=\"nab-form-area-input is-required\" id=\"nab-form-email\">\r\n                    <p class=\"nab-form-area-error\">\r\n                        Var v\u00e4nlig och fyll i din e-post.                    <\/p>\r\n                <\/div>\r\n                \r\n                <div class=\"nab-form-area-item is-50\">\r\n                    <label for=\"nab-form-phone\" class=\"nab-form-area-label\">\r\n                        Telefon*                    <\/label>\r\n                    <input type=\"tel\" class=\"nab-form-area-input is-required\" id=\"nab-form-phone\">\r\n                    <p class=\"nab-form-area-error\">\r\n                        Var v\u00e4nlig och fyll i ditt telefonnummer.                    <\/p>\r\n                <\/div>\r\n\r\n                <div class=\"nab-form-area-item\">\r\n                    <label for=\"nab-form-message\" class=\"nab-form-area-label is-message\">\r\n                        Meddelande                    <\/label>\r\n                    <textarea name=\"\" id=\"nab-form-message\" class=\"nab-form-area-input nab-form-area-textarea\"><\/textarea>\r\n                <\/div>\r\n\r\n                <div class=\"nab-form-area-item\">\r\n                    <button class=\"nab-form-area-submit nab-button is-primary is-full\">\r\n                        Skicka                    <\/button>\r\n                    <img decoding=\"async\" src=\"https:\/\/nabsolutions.com\/se\/wp-content\/themes\/nab-solutions-public\/assets\/static\/images\/oval.svg\" alt=\"\" class=\"nab-form-area-submit-icon\">\r\n                <\/div>\r\n\r\n                <p class=\"nab-form-area-integritypolicy is-small\">\r\n                    Genom att kontakta NAB kommer dina personuppgifter behandlas enligt NAB:s <a href=\"\/se\/om-nab-solutions\/integritetspolicy\">integritetspolicy<\/a>.                <\/p>\r\n\r\n                            <\/form>\r\n        <\/div>\r\n    <\/div>\r\n<\/section>","protected":false},"excerpt":{"rendered":"<p>Ta del av v\u00e5ra guider f\u00f6r att \u00f6ka din kunskap eller f\u00f6rbereda dig f\u00f6r ett kommande projekt. \u00d6nskar du n\u00e5gon guide eller har n\u00e5gra fr\u00e5gor, tveka inte att kontakta oss!<\/p>\n","protected":false},"author":4,"featured_media":0,"parent":0,"menu_order":0,"comment_status":"closed","ping_status":"closed","template":"","meta":{"_acf_changed":false,"inline_featured_image":false,"footnotes":""},"tags":[],"folder":[74],"class_list":["post-2520","page","type-page","status-publish","hentry"],"acf":[],"yoast_head":"<!-- This site is optimized with the Yoast SEO plugin v27.3 - https:\/\/yoast.com\/product\/yoast-seo-wordpress\/ -->\n<title>Guider - NAB Solutions<\/title>\n<meta name=\"description\" content=\"Ta del av v\u00e5ra guider f\u00f6r att \u00f6ka din kunskap eller f\u00f6rbereda dig f\u00f6r ett kommande projekt. \u00d6nskar du n\u00e5gon guide eller har n\u00e5gra fr\u00e5gor,\" \/>\n<meta name=\"robots\" content=\"index, follow, max-snippet:-1, max-image-preview:large, max-video-preview:-1\" \/>\n<link rel=\"canonical\" href=\"https:\/\/nabsolutions.com\/se\/guider\/\" \/>\n<meta property=\"og:locale\" content=\"sv_SE\" \/>\n<meta property=\"og:type\" content=\"article\" \/>\n<meta property=\"og:title\" content=\"Guider - NAB Solutions\" \/>\n<meta property=\"og:description\" content=\"Ta del av v\u00e5ra guider f\u00f6r att \u00f6ka din kunskap eller f\u00f6rbereda dig f\u00f6r ett kommande projekt. \u00d6nskar du n\u00e5gon guide eller har n\u00e5gra fr\u00e5gor,\" \/>\n<meta property=\"og:url\" content=\"https:\/\/nabsolutions.com\/se\/guider\/\" \/>\n<meta property=\"og:site_name\" content=\"NAB SVERIGE\" \/>\n<meta property=\"article:modified_time\" content=\"2026-03-20T13:46:02+00:00\" \/>\n<meta name=\"twitter:card\" content=\"summary_large_image\" \/>\n<script type=\"application\/ld+json\" class=\"yoast-schema-graph\">{\"@context\":\"https:\\\/\\\/schema.org\",\"@graph\":[{\"@type\":\"WebPage\",\"@id\":\"https:\\\/\\\/nabsolutions.com\\\/se\\\/guider\\\/\",\"url\":\"https:\\\/\\\/nabsolutions.com\\\/se\\\/guider\\\/\",\"name\":\"Guider - NAB Solutions\",\"isPartOf\":{\"@id\":\"https:\\\/\\\/nabsolutions.com\\\/se\\\/#website\"},\"datePublished\":\"2026-02-05T17:30:46+00:00\",\"dateModified\":\"2026-03-20T13:46:02+00:00\",\"description\":\"Ta del av v\u00e5ra guider f\u00f6r att \u00f6ka din kunskap eller f\u00f6rbereda dig f\u00f6r ett kommande projekt. \u00d6nskar du n\u00e5gon guide eller har n\u00e5gra fr\u00e5gor,\",\"breadcrumb\":{\"@id\":\"https:\\\/\\\/nabsolutions.com\\\/se\\\/guider\\\/#breadcrumb\"},\"inLanguage\":\"sv-SE\",\"potentialAction\":[{\"@type\":\"ReadAction\",\"target\":[\"https:\\\/\\\/nabsolutions.com\\\/se\\\/guider\\\/\"]}]},{\"@type\":\"BreadcrumbList\",\"@id\":\"https:\\\/\\\/nabsolutions.com\\\/se\\\/guider\\\/#breadcrumb\",\"itemListElement\":[{\"@type\":\"ListItem\",\"position\":1,\"name\":\"Home\",\"item\":\"https:\\\/\\\/nabsolutions.com\\\/se\\\/\"},{\"@type\":\"ListItem\",\"position\":2,\"name\":\"Guider\"}]},{\"@type\":\"WebSite\",\"@id\":\"https:\\\/\\\/nabsolutions.com\\\/se\\\/#website\",\"url\":\"https:\\\/\\\/nabsolutions.com\\\/se\\\/\",\"name\":\"NAB Solutions AB\",\"description\":\"\",\"publisher\":{\"@id\":\"https:\\\/\\\/nabsolutions.com\\\/se\\\/#organization\"},\"alternateName\":\"NAB\",\"potentialAction\":[{\"@type\":\"SearchAction\",\"target\":{\"@type\":\"EntryPoint\",\"urlTemplate\":\"https:\\\/\\\/nabsolutions.com\\\/se\\\/?s={search_term_string}\"},\"query-input\":{\"@type\":\"PropertyValueSpecification\",\"valueRequired\":true,\"valueName\":\"search_term_string\"}}],\"inLanguage\":\"sv-SE\"},{\"@type\":\"Organization\",\"@id\":\"https:\\\/\\\/nabsolutions.com\\\/se\\\/#organization\",\"name\":\"NAB Solutions\",\"alternateName\":\"NAB\",\"url\":\"https:\\\/\\\/nabsolutions.com\\\/se\\\/\",\"logo\":{\"@type\":\"ImageObject\",\"inLanguage\":\"sv-SE\",\"@id\":\"https:\\\/\\\/nabsolutions.com\\\/se\\\/#\\\/schema\\\/logo\\\/image\\\/\",\"url\":\"https:\\\/\\\/nabsolutions.com\\\/se\\\/wp-content\\\/uploads\\\/sites\\\/2\\\/2025\\\/10\\\/nab-logo.svg\",\"contentUrl\":\"https:\\\/\\\/nabsolutions.com\\\/se\\\/wp-content\\\/uploads\\\/sites\\\/2\\\/2025\\\/10\\\/nab-logo.svg\",\"width\":191,\"height\":53,\"caption\":\"NAB Solutions\"},\"image\":{\"@id\":\"https:\\\/\\\/nabsolutions.com\\\/se\\\/#\\\/schema\\\/logo\\\/image\\\/\"}}]}<\/script>\n<!-- \/ Yoast SEO plugin. -->","yoast_head_json":{"title":"Guider - NAB Solutions","description":"Ta del av v\u00e5ra guider f\u00f6r att \u00f6ka din kunskap eller f\u00f6rbereda dig f\u00f6r ett kommande projekt. \u00d6nskar du n\u00e5gon guide eller har n\u00e5gra fr\u00e5gor,","robots":{"index":"index","follow":"follow","max-snippet":"max-snippet:-1","max-image-preview":"max-image-preview:large","max-video-preview":"max-video-preview:-1"},"canonical":"https:\/\/nabsolutions.com\/se\/guider\/","og_locale":"sv_SE","og_type":"article","og_title":"Guider - NAB Solutions","og_description":"Ta del av v\u00e5ra guider f\u00f6r att \u00f6ka din kunskap eller f\u00f6rbereda dig f\u00f6r ett kommande projekt. \u00d6nskar du n\u00e5gon guide eller har n\u00e5gra fr\u00e5gor,","og_url":"https:\/\/nabsolutions.com\/se\/guider\/","og_site_name":"NAB SVERIGE","article_modified_time":"2026-03-20T13:46:02+00:00","twitter_card":"summary_large_image","schema":{"@context":"https:\/\/schema.org","@graph":[{"@type":"WebPage","@id":"https:\/\/nabsolutions.com\/se\/guider\/","url":"https:\/\/nabsolutions.com\/se\/guider\/","name":"Guider - NAB Solutions","isPartOf":{"@id":"https:\/\/nabsolutions.com\/se\/#website"},"datePublished":"2026-02-05T17:30:46+00:00","dateModified":"2026-03-20T13:46:02+00:00","description":"Ta del av v\u00e5ra guider f\u00f6r att \u00f6ka din kunskap eller f\u00f6rbereda dig f\u00f6r ett kommande projekt. \u00d6nskar du n\u00e5gon guide eller har n\u00e5gra fr\u00e5gor,","breadcrumb":{"@id":"https:\/\/nabsolutions.com\/se\/guider\/#breadcrumb"},"inLanguage":"sv-SE","potentialAction":[{"@type":"ReadAction","target":["https:\/\/nabsolutions.com\/se\/guider\/"]}]},{"@type":"BreadcrumbList","@id":"https:\/\/nabsolutions.com\/se\/guider\/#breadcrumb","itemListElement":[{"@type":"ListItem","position":1,"name":"Home","item":"https:\/\/nabsolutions.com\/se\/"},{"@type":"ListItem","position":2,"name":"Guider"}]},{"@type":"WebSite","@id":"https:\/\/nabsolutions.com\/se\/#website","url":"https:\/\/nabsolutions.com\/se\/","name":"NAB Solutions AB","description":"","publisher":{"@id":"https:\/\/nabsolutions.com\/se\/#organization"},"alternateName":"NAB","potentialAction":[{"@type":"SearchAction","target":{"@type":"EntryPoint","urlTemplate":"https:\/\/nabsolutions.com\/se\/?s={search_term_string}"},"query-input":{"@type":"PropertyValueSpecification","valueRequired":true,"valueName":"search_term_string"}}],"inLanguage":"sv-SE"},{"@type":"Organization","@id":"https:\/\/nabsolutions.com\/se\/#organization","name":"NAB Solutions","alternateName":"NAB","url":"https:\/\/nabsolutions.com\/se\/","logo":{"@type":"ImageObject","inLanguage":"sv-SE","@id":"https:\/\/nabsolutions.com\/se\/#\/schema\/logo\/image\/","url":"https:\/\/nabsolutions.com\/se\/wp-content\/uploads\/sites\/2\/2025\/10\/nab-logo.svg","contentUrl":"https:\/\/nabsolutions.com\/se\/wp-content\/uploads\/sites\/2\/2025\/10\/nab-logo.svg","width":191,"height":53,"caption":"NAB Solutions"},"image":{"@id":"https:\/\/nabsolutions.com\/se\/#\/schema\/logo\/image\/"}}]}},"_links":{"self":[{"href":"https:\/\/nabsolutions.com\/se\/wp-json\/wp\/v2\/pages\/2520","targetHints":{"allow":["GET"]}}],"collection":[{"href":"https:\/\/nabsolutions.com\/se\/wp-json\/wp\/v2\/pages"}],"about":[{"href":"https:\/\/nabsolutions.com\/se\/wp-json\/wp\/v2\/types\/page"}],"author":[{"embeddable":true,"href":"https:\/\/nabsolutions.com\/se\/wp-json\/wp\/v2\/users\/4"}],"replies":[{"embeddable":true,"href":"https:\/\/nabsolutions.com\/se\/wp-json\/wp\/v2\/comments?post=2520"}],"version-history":[{"count":5,"href":"https:\/\/nabsolutions.com\/se\/wp-json\/wp\/v2\/pages\/2520\/revisions"}],"predecessor-version":[{"id":6683,"href":"https:\/\/nabsolutions.com\/se\/wp-json\/wp\/v2\/pages\/2520\/revisions\/6683"}],"wp:attachment":[{"href":"https:\/\/nabsolutions.com\/se\/wp-json\/wp\/v2\/media?parent=2520"}],"wp:term":[{"taxonomy":"post_tag","embeddable":true,"href":"https:\/\/nabsolutions.com\/se\/wp-json\/wp\/v2\/tags?post=2520"},{"taxonomy":"folder","embeddable":true,"href":"https:\/\/nabsolutions.com\/se\/wp-json\/wp\/v2\/folder?post=2520"}],"curies":[{"name":"wp","href":"https:\/\/api.w.org\/{rel}","templated":true}]}}