{"id":2768,"date":"2026-02-09T15:54:37","date_gmt":"2026-02-09T14:54:37","guid":{"rendered":"https:\/\/nabsolutions.com\/se\/?page_id=2768"},"modified":"2026-03-17T13:32:25","modified_gmt":"2026-03-17T12:32:25","slug":"ai-kundansvarig","status":"publish","type":"page","link":"https:\/\/nabsolutions.com\/se\/erp\/ai-kundansvarig\/","title":{"rendered":"AI Kundansvarig"},"content":{"rendered":"\r\n<div class=\"nab-event-wrapper\">\r\n    <div class=\"nab-event-inner\">\r\n        <div class=\"nab-breadcrumbs\">\r\n            <a href=\"\/se\" class=\"nab-breadcrumbs-link is-regular\">\r\n                Hem                <i class=\"nab-breadcrumbs-link-icon material-symbols-outlined\" aria-label=\"Chevron right\">chevron_right<\/i>\r\n            <\/a>\r\n\r\n                            <a href=\"\/se\/resurser\/webinars-events\/\" class=\"nab-breadcrumbs-link is-regular\" aria-label=\"Webinars &#038; Events\">\r\n                    Webinars &#038; Events\r\n                    <i class=\"nab-breadcrumbs-link-icon material-symbols-outlined\" aria-label=\"Chevron right\">chevron_right<\/i>\r\n                <\/a>\r\n                        <a class=\"nab-breadcrumbs-link is-regular is-current is-desktop\">\r\n                AI Kundansvarig            <\/a>\r\n            <a class=\"nab-breadcrumbs-link is-regular is-current is-mobile\">\r\n                AI Kundansvarig            <\/a>\r\n        <\/div>\r\n        <!-- breadcrumbs h\u00e4r  -->\r\n        <div class=\"nab-event-content\">\r\n            <div class=\"nab-event-hero\">\r\n                <p class=\"nab-event-hero-category is-ingress\">\r\n                    Webinar                <\/p>\r\n\r\n                <h1 class=\"nab-news-hero-header-title is-h2\">\r\n                    AI Kundansvarig                <\/h1>\r\n\r\n                                    <a href=\"https:\/\/nabsolutions.com\/se\/erp\/\" class=\"nab-news-hero-header-button nab-button is-primary is-grey is-chips\">\r\n                        ERP                    <\/a>\r\n                                \r\n                \r\n                                    <p class=\"nab-event-hero-text is-ingress\">\r\n                        F\u00f6lj med oss genom en hel arbetsdag och uppt\u00e4ck hur Microsoft Copilot f\u00f6renklar vardagen f\u00f6r en kundansvarig. Fr\u00e5n morgonens mailhantering till kv\u00e4llens sammanfattning \u2013 se konkreta exempel p\u00e5 hur Copilot i Outlook, Teams, Sales och Business Central hj\u00e4lper dig att arbeta smartare.                    <\/p>\r\n                            <\/div>\r\n\r\n            <div class=\"nab-article\">\r\n                <div class=\"nab-article-inner\">\r\n                    \r\n                                            <div class=\"nab-article-image\">\r\n                            <img decoding=\"async\" data-src=\"https:\/\/nabsolutions.com\/se\/wp-content\/uploads\/sites\/2\/2026\/02\/AI-Kundansvarig.webp\" alt=\"AI Kundansvarig\" class=\"nab-article-image-figure lazyload\" src=\"data:image\/svg+xml;base64,PHN2ZyB3aWR0aD0iMSIgaGVpZ2h0PSIxIiB4bWxucz0iaHR0cDovL3d3dy53My5vcmcvMjAwMC9zdmciPjwvc3ZnPg==\" style=\"--smush-placeholder-width: 1920px; --smush-placeholder-aspect-ratio: 1920\/1080;\">\r\n                        <\/div>\r\n                    \r\n                                    <\/div>\r\n            <\/div>\r\n\r\n            <div class=\"nab-event-timeline\">\r\n                    \r\n                            <\/div>\r\n\r\n                    <\/div>\r\n        \r\n        <div class=\"nab-event-sidemenu\">\r\n            <div class=\"nab-event-sidemenu-inner\">\r\n                <div class=\"nab-event-sidemenu-content\">\r\n                                            <h3 class=\"nab-event-sidemenu-content-title\">\r\n                            Anm\u00e4l dig                        <\/h3>\r\n                    \r\n                    <div class=\"nab-event-sidemenu-content-info-wrapper \">\r\n                                                \r\n                                                \r\n                                                    <h4 class=\"nab-event-sidemenu-content-info is-bold\">\r\n                                <i class=\"nab-event-sidemenu-content-info-icon material-symbols-outlined\" style=\"font-variation-settings: 'FILL' 1;\">location_on<\/i>\r\n                                Teams                            <\/h4>\r\n                                                \r\n                                               \r\n                                                    <h4 class=\"nab-event-sidemenu-content-info is-bold\">\r\n                                <i class=\"nab-event-sidemenu-content-info-icon material-symbols-outlined\" style=\"font-variation-settings: 'FILL' 1;\">mindfulness<\/i>\r\n                                Nyb\u00f6rjare                            <\/h4>\r\n                                            <\/div>\r\n\r\n                                                                                                                    \r\n                                                                                <\/div>\r\n            <\/div>\r\n        <\/div>\r\n    <\/div>\r\n<\/div>\r\n\r\n    <section class=\"nab-usp-island has-more-padding-bottom\">\r\n        <div class=\"nab-usp-island-inner\">\r\n            <header class=\"nab-usp-island-header\">\r\n                                    <h2 class=\"nab-usp-island-header-title\">\r\n                        Fler webinars                    <\/h2>\r\n                            <\/header>\r\n\r\n            \r\n            <div class=\"nab-usp-island-items\">\r\n                                                                                                                                        <\/div>\r\n        <\/div>\r\n    <\/section>\r\n","protected":false},"excerpt":{"rendered":"<p>F\u00f6lj med oss genom en hel arbetsdag och uppt\u00e4ck hur Microsoft Copilot f\u00f6renklar vardagen f\u00f6r en kundansvarig. Fr\u00e5n morgonens mailhantering till kv\u00e4llens sammanfattning \u2013 se konkreta exempel p\u00e5 hur Copilot i Outlook, Teams, Sales och Business Central hj\u00e4lper dig att arbeta smartare.<\/p>\n","protected":false},"author":7,"featured_media":2769,"parent":13,"menu_order":0,"comment_status":"closed","ping_status":"closed","template":"","meta":{"_acf_changed":false,"inline_featured_image":false,"footnotes":""},"tags":[21],"folder":[20],"class_list":["post-2768","page","type-page","status-publish","has-post-thumbnail","hentry","tag-event"],"acf":[],"yoast_head":"<!-- This site is optimized with the Yoast SEO plugin v27.4 - https:\/\/yoast.com\/product\/yoast-seo-wordpress\/ -->\n<title>AI Kundansvarig - NAB Solutions<\/title>\n<meta name=\"description\" content=\"F\u00f6lj med oss genom en hel arbetsdag och uppt\u00e4ck hur Microsoft Copilot f\u00f6renklar vardagen f\u00f6r en kundansvarig. Fr\u00e5n morgonens mailhantering\" \/>\n<meta name=\"robots\" content=\"index, follow, max-snippet:-1, max-image-preview:large, max-video-preview:-1\" \/>\n<link rel=\"canonical\" href=\"https:\/\/nabsolutions.com\/se\/erp\/ai-kundansvarig\/\" \/>\n<meta property=\"og:locale\" content=\"sv_SE\" \/>\n<meta property=\"og:type\" content=\"article\" \/>\n<meta property=\"og:title\" content=\"AI Kundansvarig - NAB Solutions\" \/>\n<meta property=\"og:description\" content=\"F\u00f6lj med oss genom en hel arbetsdag och uppt\u00e4ck hur Microsoft Copilot f\u00f6renklar vardagen f\u00f6r en kundansvarig. Fr\u00e5n morgonens mailhantering\" \/>\n<meta property=\"og:url\" content=\"https:\/\/nabsolutions.com\/se\/erp\/ai-kundansvarig\/\" \/>\n<meta property=\"og:site_name\" content=\"NAB SVERIGE\" \/>\n<meta property=\"article:modified_time\" content=\"2026-03-17T12:32:25+00:00\" \/>\n<meta property=\"og:image\" content=\"https:\/\/nabsolutions.com\/se\/wp-content\/uploads\/sites\/2\/2026\/02\/AI-Kundansvarig.webp\" \/>\n\t<meta property=\"og:image:width\" content=\"1920\" \/>\n\t<meta property=\"og:image:height\" content=\"1080\" \/>\n\t<meta property=\"og:image:type\" content=\"image\/webp\" \/>\n<meta name=\"twitter:card\" content=\"summary_large_image\" \/>\n<meta name=\"twitter:label1\" content=\"Ber\u00e4knad l\u00e4stid\" \/>\n\t<meta name=\"twitter:data1\" content=\"1 minut\" \/>\n<script type=\"application\/ld+json\" class=\"yoast-schema-graph\">{\"@context\":\"https:\\\/\\\/schema.org\",\"@graph\":[{\"@type\":\"WebPage\",\"@id\":\"https:\\\/\\\/nabsolutions.com\\\/se\\\/erp\\\/ai-kundansvarig\\\/\",\"url\":\"https:\\\/\\\/nabsolutions.com\\\/se\\\/erp\\\/ai-kundansvarig\\\/\",\"name\":\"AI Kundansvarig - NAB Solutions\",\"isPartOf\":{\"@id\":\"https:\\\/\\\/nabsolutions.com\\\/se\\\/#website\"},\"primaryImageOfPage\":{\"@id\":\"https:\\\/\\\/nabsolutions.com\\\/se\\\/erp\\\/ai-kundansvarig\\\/#primaryimage\"},\"image\":{\"@id\":\"https:\\\/\\\/nabsolutions.com\\\/se\\\/erp\\\/ai-kundansvarig\\\/#primaryimage\"},\"thumbnailUrl\":\"https:\\\/\\\/nabsolutions.com\\\/se\\\/wp-content\\\/uploads\\\/sites\\\/2\\\/2026\\\/02\\\/AI-Kundansvarig.webp\",\"datePublished\":\"2026-02-09T14:54:37+00:00\",\"dateModified\":\"2026-03-17T12:32:25+00:00\",\"description\":\"F\u00f6lj med oss genom en hel arbetsdag och uppt\u00e4ck hur Microsoft Copilot f\u00f6renklar vardagen f\u00f6r en kundansvarig. Fr\u00e5n morgonens mailhantering\",\"breadcrumb\":{\"@id\":\"https:\\\/\\\/nabsolutions.com\\\/se\\\/erp\\\/ai-kundansvarig\\\/#breadcrumb\"},\"inLanguage\":\"sv-SE\",\"potentialAction\":[{\"@type\":\"ReadAction\",\"target\":[\"https:\\\/\\\/nabsolutions.com\\\/se\\\/erp\\\/ai-kundansvarig\\\/\"]}]},{\"@type\":\"ImageObject\",\"inLanguage\":\"sv-SE\",\"@id\":\"https:\\\/\\\/nabsolutions.com\\\/se\\\/erp\\\/ai-kundansvarig\\\/#primaryimage\",\"url\":\"https:\\\/\\\/nabsolutions.com\\\/se\\\/wp-content\\\/uploads\\\/sites\\\/2\\\/2026\\\/02\\\/AI-Kundansvarig.webp\",\"contentUrl\":\"https:\\\/\\\/nabsolutions.com\\\/se\\\/wp-content\\\/uploads\\\/sites\\\/2\\\/2026\\\/02\\\/AI-Kundansvarig.webp\",\"width\":1920,\"height\":1080,\"caption\":\"AI Kundansvarig\"},{\"@type\":\"BreadcrumbList\",\"@id\":\"https:\\\/\\\/nabsolutions.com\\\/se\\\/erp\\\/ai-kundansvarig\\\/#breadcrumb\",\"itemListElement\":[{\"@type\":\"ListItem\",\"position\":1,\"name\":\"Home\",\"item\":\"https:\\\/\\\/nabsolutions.com\\\/se\\\/\"},{\"@type\":\"ListItem\",\"position\":2,\"name\":\"ERP\",\"item\":\"https:\\\/\\\/nabsolutions.com\\\/se\\\/erp\\\/\"},{\"@type\":\"ListItem\",\"position\":3,\"name\":\"AI Kundansvarig\"}]},{\"@type\":\"WebSite\",\"@id\":\"https:\\\/\\\/nabsolutions.com\\\/se\\\/#website\",\"url\":\"https:\\\/\\\/nabsolutions.com\\\/se\\\/\",\"name\":\"NAB Solutions AB\",\"description\":\"\",\"publisher\":{\"@id\":\"https:\\\/\\\/nabsolutions.com\\\/se\\\/#organization\"},\"alternateName\":\"NAB\",\"potentialAction\":[{\"@type\":\"SearchAction\",\"target\":{\"@type\":\"EntryPoint\",\"urlTemplate\":\"https:\\\/\\\/nabsolutions.com\\\/se\\\/?s={search_term_string}\"},\"query-input\":{\"@type\":\"PropertyValueSpecification\",\"valueRequired\":true,\"valueName\":\"search_term_string\"}}],\"inLanguage\":\"sv-SE\"},{\"@type\":\"Organization\",\"@id\":\"https:\\\/\\\/nabsolutions.com\\\/se\\\/#organization\",\"name\":\"NAB Solutions\",\"alternateName\":\"NAB\",\"url\":\"https:\\\/\\\/nabsolutions.com\\\/se\\\/\",\"logo\":{\"@type\":\"ImageObject\",\"inLanguage\":\"sv-SE\",\"@id\":\"https:\\\/\\\/nabsolutions.com\\\/se\\\/#\\\/schema\\\/logo\\\/image\\\/\",\"url\":\"https:\\\/\\\/nabsolutions.com\\\/se\\\/wp-content\\\/uploads\\\/sites\\\/2\\\/2025\\\/10\\\/nab-logo.svg\",\"contentUrl\":\"https:\\\/\\\/nabsolutions.com\\\/se\\\/wp-content\\\/uploads\\\/sites\\\/2\\\/2025\\\/10\\\/nab-logo.svg\",\"width\":191,\"height\":53,\"caption\":\"NAB Solutions\"},\"image\":{\"@id\":\"https:\\\/\\\/nabsolutions.com\\\/se\\\/#\\\/schema\\\/logo\\\/image\\\/\"}}]}<\/script>\n<!-- \/ Yoast SEO plugin. -->","yoast_head_json":{"title":"AI Kundansvarig - NAB Solutions","description":"F\u00f6lj med oss genom en hel arbetsdag och uppt\u00e4ck hur Microsoft Copilot f\u00f6renklar vardagen f\u00f6r en kundansvarig. Fr\u00e5n morgonens mailhantering","robots":{"index":"index","follow":"follow","max-snippet":"max-snippet:-1","max-image-preview":"max-image-preview:large","max-video-preview":"max-video-preview:-1"},"canonical":"https:\/\/nabsolutions.com\/se\/erp\/ai-kundansvarig\/","og_locale":"sv_SE","og_type":"article","og_title":"AI Kundansvarig - NAB Solutions","og_description":"F\u00f6lj med oss genom en hel arbetsdag och uppt\u00e4ck hur Microsoft Copilot f\u00f6renklar vardagen f\u00f6r en kundansvarig. Fr\u00e5n morgonens mailhantering","og_url":"https:\/\/nabsolutions.com\/se\/erp\/ai-kundansvarig\/","og_site_name":"NAB SVERIGE","article_modified_time":"2026-03-17T12:32:25+00:00","og_image":[{"width":1920,"height":1080,"url":"https:\/\/nabsolutions.com\/se\/wp-content\/uploads\/sites\/2\/2026\/02\/AI-Kundansvarig.webp","type":"image\/webp"}],"twitter_card":"summary_large_image","twitter_misc":{"Ber\u00e4knad l\u00e4stid":"1 minut"},"schema":{"@context":"https:\/\/schema.org","@graph":[{"@type":"WebPage","@id":"https:\/\/nabsolutions.com\/se\/erp\/ai-kundansvarig\/","url":"https:\/\/nabsolutions.com\/se\/erp\/ai-kundansvarig\/","name":"AI Kundansvarig - NAB Solutions","isPartOf":{"@id":"https:\/\/nabsolutions.com\/se\/#website"},"primaryImageOfPage":{"@id":"https:\/\/nabsolutions.com\/se\/erp\/ai-kundansvarig\/#primaryimage"},"image":{"@id":"https:\/\/nabsolutions.com\/se\/erp\/ai-kundansvarig\/#primaryimage"},"thumbnailUrl":"https:\/\/nabsolutions.com\/se\/wp-content\/uploads\/sites\/2\/2026\/02\/AI-Kundansvarig.webp","datePublished":"2026-02-09T14:54:37+00:00","dateModified":"2026-03-17T12:32:25+00:00","description":"F\u00f6lj med oss genom en hel arbetsdag och uppt\u00e4ck hur Microsoft Copilot f\u00f6renklar vardagen f\u00f6r en kundansvarig. Fr\u00e5n morgonens mailhantering","breadcrumb":{"@id":"https:\/\/nabsolutions.com\/se\/erp\/ai-kundansvarig\/#breadcrumb"},"inLanguage":"sv-SE","potentialAction":[{"@type":"ReadAction","target":["https:\/\/nabsolutions.com\/se\/erp\/ai-kundansvarig\/"]}]},{"@type":"ImageObject","inLanguage":"sv-SE","@id":"https:\/\/nabsolutions.com\/se\/erp\/ai-kundansvarig\/#primaryimage","url":"https:\/\/nabsolutions.com\/se\/wp-content\/uploads\/sites\/2\/2026\/02\/AI-Kundansvarig.webp","contentUrl":"https:\/\/nabsolutions.com\/se\/wp-content\/uploads\/sites\/2\/2026\/02\/AI-Kundansvarig.webp","width":1920,"height":1080,"caption":"AI Kundansvarig"},{"@type":"BreadcrumbList","@id":"https:\/\/nabsolutions.com\/se\/erp\/ai-kundansvarig\/#breadcrumb","itemListElement":[{"@type":"ListItem","position":1,"name":"Home","item":"https:\/\/nabsolutions.com\/se\/"},{"@type":"ListItem","position":2,"name":"ERP","item":"https:\/\/nabsolutions.com\/se\/erp\/"},{"@type":"ListItem","position":3,"name":"AI Kundansvarig"}]},{"@type":"WebSite","@id":"https:\/\/nabsolutions.com\/se\/#website","url":"https:\/\/nabsolutions.com\/se\/","name":"NAB Solutions AB","description":"","publisher":{"@id":"https:\/\/nabsolutions.com\/se\/#organization"},"alternateName":"NAB","potentialAction":[{"@type":"SearchAction","target":{"@type":"EntryPoint","urlTemplate":"https:\/\/nabsolutions.com\/se\/?s={search_term_string}"},"query-input":{"@type":"PropertyValueSpecification","valueRequired":true,"valueName":"search_term_string"}}],"inLanguage":"sv-SE"},{"@type":"Organization","@id":"https:\/\/nabsolutions.com\/se\/#organization","name":"NAB Solutions","alternateName":"NAB","url":"https:\/\/nabsolutions.com\/se\/","logo":{"@type":"ImageObject","inLanguage":"sv-SE","@id":"https:\/\/nabsolutions.com\/se\/#\/schema\/logo\/image\/","url":"https:\/\/nabsolutions.com\/se\/wp-content\/uploads\/sites\/2\/2025\/10\/nab-logo.svg","contentUrl":"https:\/\/nabsolutions.com\/se\/wp-content\/uploads\/sites\/2\/2025\/10\/nab-logo.svg","width":191,"height":53,"caption":"NAB Solutions"},"image":{"@id":"https:\/\/nabsolutions.com\/se\/#\/schema\/logo\/image\/"}}]}},"_links":{"self":[{"href":"https:\/\/nabsolutions.com\/se\/wp-json\/wp\/v2\/pages\/2768","targetHints":{"allow":["GET"]}}],"collection":[{"href":"https:\/\/nabsolutions.com\/se\/wp-json\/wp\/v2\/pages"}],"about":[{"href":"https:\/\/nabsolutions.com\/se\/wp-json\/wp\/v2\/types\/page"}],"author":[{"embeddable":true,"href":"https:\/\/nabsolutions.com\/se\/wp-json\/wp\/v2\/users\/7"}],"replies":[{"embeddable":true,"href":"https:\/\/nabsolutions.com\/se\/wp-json\/wp\/v2\/comments?post=2768"}],"version-history":[{"count":19,"href":"https:\/\/nabsolutions.com\/se\/wp-json\/wp\/v2\/pages\/2768\/revisions"}],"predecessor-version":[{"id":6868,"href":"https:\/\/nabsolutions.com\/se\/wp-json\/wp\/v2\/pages\/2768\/revisions\/6868"}],"up":[{"embeddable":true,"href":"https:\/\/nabsolutions.com\/se\/wp-json\/wp\/v2\/pages\/13"}],"wp:featuredmedia":[{"embeddable":true,"href":"https:\/\/nabsolutions.com\/se\/wp-json\/wp\/v2\/media\/2769"}],"wp:attachment":[{"href":"https:\/\/nabsolutions.com\/se\/wp-json\/wp\/v2\/media?parent=2768"}],"wp:term":[{"taxonomy":"post_tag","embeddable":true,"href":"https:\/\/nabsolutions.com\/se\/wp-json\/wp\/v2\/tags?post=2768"},{"taxonomy":"folder","embeddable":true,"href":"https:\/\/nabsolutions.com\/se\/wp-json\/wp\/v2\/folder?post=2768"}],"curies":[{"name":"wp","href":"https:\/\/api.w.org\/{rel}","templated":true}]}}