{"id":315,"date":"2026-03-19T10:54:32","date_gmt":"2026-03-19T09:54:32","guid":{"rendered":"http:\/\/nabsolutions.com\/se\/?page_id=315"},"modified":"2026-03-20T14:36:24","modified_gmt":"2026-03-20T13:36:24","slug":"oresundsbron-fann-ett-robust-erp","status":"publish","type":"page","link":"https:\/\/nabsolutions.com\/se\/erp\/oresundsbron-fann-ett-robust-erp\/","title":{"rendered":"\u00d6resundsbron"},"content":{"rendered":"\r\n<section class=\"nab-half-hero   \" id=\"\">\r\n    <div class=\"nab-half-hero-inner\">\r\n        <div class=\"nab-half-hero-items\">\r\n            <header class=\"nab-half-hero-header\">\r\n                \r\n                                    <h1 class=\"nab-half-hero-header-title is-h2\">\r\n                        \u00d6resundsbron fann ett robust ERP i Business Central                    <\/h1>\r\n                \r\n                                    <p class=\"nab-half-hero-header-text is-ingress\">\r\n                        N\u00e4r tusentals fordon passerar \u00d6resundsbron varje dag kr\u00e4vs det ett robust aff\u00e4rssystem som klarar av att hantera alla transaktioner och all data f\u00f6r att h\u00e5lla trafiken flytande. Dynamics 365 NAV \u00e4r aff\u00e4rssystemet som ser till att trafikanterna kan ta sig smidigt mellan Sverige och Danmark.                    <\/p>\r\n                \r\n                                \r\n                                \r\n                                \r\n                            <\/header>\r\n\r\n                            <div class=\"nab-half-hero-image\">\r\n                    <img decoding=\"async\" \r\n                        class=\"nab-half-hero-image-figure lazyload\" \r\n                        data-src=\"https:\/\/nabsolutions.com\/se\/wp-content\/uploads\/sites\/2\/2026\/03\/Oresundsbron-1-1.webp\" \r\n                        alt=\"\u00d6resundsbron Business Central\"\r\n                     src=\"data:image\/svg+xml;base64,PHN2ZyB3aWR0aD0iMSIgaGVpZ2h0PSIxIiB4bWxucz0iaHR0cDovL3d3dy53My5vcmcvMjAwMC9zdmciPjwvc3ZnPg==\" style=\"--smush-placeholder-width: 720px; --smush-placeholder-aspect-ratio: 720\/720;\">\r\n\r\n                                            <div class=\"nab-half-hero-image-logo-wrapper\">\r\n                            <img decoding=\"async\" \r\n                                class=\"nab-half-hero-image-logo\" \r\n                                src=\"https:\/\/nabsolutions.com\/se\/wp-content\/uploads\/sites\/2\/2025\/10\/oresund.svg\" \r\n                                alt=\"\u00d6resundsbron logo\"\r\n                            >\r\n                        <\/div>\r\n                                    <\/div>\r\n                    <\/div>\r\n    <\/div>\r\n<\/section>\n\n\r\n\r\n    <section class=\"nab-article has-offset has--padding-top has--padding-bottom\" id=\"\">\r\n        <div class=\"nab-article-inner \">\r\n            <h2>Hans Arvidsson, \u00d6resundsbron<\/h2>\n<p>\u2013 Vi tycker verkligen att vi fann det vi s\u00f6kte i NAB. I och med att vi k\u00e4nde oss trygga med NAB s\u00e5g vi inte n\u00e5gra direkta sv\u00e5righeter eller utmaningar n\u00e4r vi klev in i projektet, eller under projektets g\u00e5ng. Vi litade p\u00e5 NAB och k\u00e4nde oss lugna med deras kompetens och att NAV-delen i projektet skulle fungera. De utmaningar som i s\u00e5 fall uppstod handlade egentligen om andra interna projekt som l\u00e5g v\u00e4ldigt tight med det h\u00e4r projektet.<\/p>\n<h4><b>Vad var utmaningen i ett s\u00e5 h\u00e4r stort projekt f\u00f6r dig som projektledare?<\/b><\/h4>\n<p>\u2013 Allts\u00e5 i det h\u00e4r projektet.. ingenting. I vanliga fall brukar det vara en utmaning att f\u00e5 ihop interna resurser men h\u00e4r har det inte varit n\u00e5got problem alls. Vi har varit helt och fullt trygga med att NAB har vetat vad vi ska g\u00f6ra och ni har kunnat utmana och ifr\u00e5gas\u00e4tta oss. Det har varit en enkel och smidig resa eller s\u00e5 h\u00e4r; En snabb, smidig och s\u00e4ker passage \u2013 precis som vi s\u00e4ger om resan \u00f6ver \u00d6resundsbron. \u2013 Allts\u00e5 i det h\u00e4r projektet.. ingenting. I vanliga fall brukar det vara en utmaning att f\u00e5 ihop interna resurser men h\u00e4r har det inte varit n\u00e5got problem alls. Vi har varit helt och fullt trygga med att NAB har vetat vad vi ska g\u00f6ra och ni har kunnat utmana och ifr\u00e5gas\u00e4tta oss. Det har varit en enkel och smidig resa eller s\u00e5 h\u00e4r; En snabb, smidig och s\u00e4ker passage \u2013 precis som vi s\u00e4ger om resan \u00f6ver \u00d6resundsbron.<\/p>\n        <\/div>\r\n    <\/section>\r\n\n\n\n\n\n    <section class=\"nab-bento has-less-padding-top has-less-padding-bottom\" id=\"\">\n        <div class=\"nab-bento-inner\">\n                            \n                                \n                                    <div class=\"nab-bento-items is-bento-two\">\n                                                    <div class=\"nab-bento-item link-box-wrapper is-bento-two is-2-1  \">\n                                <div class=\"nab-bento-item-inner is-dark-green    is-flex-end \">\n                                                                            <img decoding=\"async\"\n                                            class=\"nab-bento-item-image-figure lazyload\" \n                                            data-src=\"https:\/\/nabsolutions.com\/se\/wp-content\/uploads\/sites\/2\/2026\/03\/oresundsbron.webp\" \n                                            alt=\"\u00d6resundsbron\"\n                                         src=\"data:image\/svg+xml;base64,PHN2ZyB3aWR0aD0iMSIgaGVpZ2h0PSIxIiB4bWxucz0iaHR0cDovL3d3dy53My5vcmcvMjAwMC9zdmciPjwvc3ZnPg==\" style=\"--smush-placeholder-width: 1080px; --smush-placeholder-aspect-ratio: 1080\/720;\">\n                                    \n                                    \n                                    <header class=\"nab-bento-item-header is-quote \">\n                                                                                    <p class=\"nab-bento-item-header-quote\">\n                                                \u201c\n                                            <\/p>\n\n                                            <h3 class=\"nab-bento-item-header-title   \">\n                                                \u201dVi tycker verkligen att vi fann det vi s\u00f6kte i NAB. I och med att vi k\u00e4nde oss trygga med NAB s\u00e5g vi inte n\u00e5gra direkta sv\u00e5righeter eller utmaningar n\u00e4r vi klev in i projektet, eller under projektets g\u00e5ng.\u201d                                            <\/h3>\n\n                                            <p class=\"nab-bento-item-header-subtitle is-lead is-uppercase\">\n                                                Hans Arvidsson                                            <\/p>\n                                        \n                                                                            <\/header>\n\n                                    \n                                                                    <\/div>\n                            <\/div>\n                                                    <div class=\"nab-bento-item link-box-wrapper is-bento-two   \">\n                                <div class=\"nab-bento-item-inner is-dark-green has-lesser-padding   is-flex-end is-column-reverse\">\n                                    \n                                    \n                                    <header class=\"nab-bento-item-header  is-centered\">\n                                                                                    <p class=\"nab-bento-item-header-subtitle is-uppercase\">\n                                                ERP                                            <\/p>\n                                            <h3 class=\"nab-bento-item-header-title is-smaller  \">\n                                                Utforska en modern ERP l\u00f6sning i Business Central                                            <\/h3>\n                                                                                    \n                                                                                    <a \n                                                href=\"https:\/\/nabsolutions.com\/se\/erp\/vad-ar-microsoft-dynamics-365-business-central\/\" \n                                                class=\"nab-bento-item-header-button is-arrow \"\n                                                aria-label=\"Utforska BC\"\n                                            >\n                                                <span class=\"nab-link-box\"><\/span>\n                                                                                                    <i class=\"nab-bento-item-header-title-icon material-symbols-outlined \" aria-label=\"Arrow right\">arrow_right_alt<\/i>\n                                                                                            <\/a>\n                                                                            <\/header>\n\n                                                                                                                        <div class=\"nab-bento-item-image \">\n                                                                                                    <img decoding=\"async\"\n                                                        class=\"nab-bento-item-image-boxed-figure  is-center\" \n                                                        src=\"https:\/\/nabsolutions.com\/se\/wp-content\/uploads\/sites\/2\/2026\/01\/BusinessCentral_scalable.svg\" \n                                                        alt=\"Microsoft Dynamics 365 Business Central Logo\"\n                                                    >\n                                                                                            <\/div>\n                                                                            \n                                                                    <\/div>\n                            <\/div>\n                                            <\/div>\n                               \n                                    <\/div>\n    <\/section>\n\n\n\n<section class=\"nab-cta-island   \" id=\"CTA\">\n    <div class=\"nab-cta-island-inner\">\n        <header class=\"nab-cta-island-header\">\n                            <h2 class=\"nab-cta-island-header-title \">\n                    Vill du g\u00f6ra samma resa som \u00d6resundsbron? H\u00f6r av dig!                <\/h2>\n                        \n                            <p class=\"nab-cta-island-header-text is-ingress\">\n                    Ta kontakt med oss ifall du \u00e4r nyfiken p\u00e5 vad Dynamics 365 Business Central kan g\u00f6ra f\u00f6r ditt f\u00f6retag! Vi hj\u00e4lper dig att komma ig\u00e5ng med ett aff\u00e4rssystem som ger dig r\u00e4tt f\u00f6ruts\u00e4ttningar.\r\n\r\n                <\/p>\n                        \n                            <a href=\"\" class=\"nab-cta-island-header-button nab-button is-primary is-info-form-popup\" aria-label=\"Kontakta oss\">\n                    Kontakta oss                <\/a>\n                \n                    <\/header>\n\n    <\/div>\n<\/section>\n\n\r\n<section class=\"nab-form-popup nab-form\">\r\n    <div class=\"nab-form-popup-inner\">\r\n        <a href=\"#\" class=\"nab-form-popup-close\">\r\n            <i class=\"nab-form-popup-close-icon material-symbols-outlined\">close<\/i>\r\n        <\/a>\r\n        <header class=\"nab-form-popup-header\">\r\n            <h3 class=\"nab-form-popup-header-title is-large\">\r\n                H\u00f6r av dig!            <\/h3>\r\n            <p class=\"nab-form-popup-header-text is-lead\">\r\n                Fyll i dina uppgifter s\u00e5 \u00e5terkommer vi inom kort!            <\/p>\r\n        <\/header>\r\n\r\n        <div class=\"nab-form-popup-form-wrapper\">\r\n            <form\r\n                action=\"\/wp-json\/nab\/v1\/mail\"\r\n                class=\"nab-form-popup-form nab-form-area\"\r\n                id=\"nab-form-area\"\r\n                data-type=\"info\"\r\n            >\r\n                <div class=\"nab-form-area-item is-botcheck\">\r\n                    <input type=\"tel\" class=\"nab-form-area-input is-botcheck\">\r\n                <\/div>\r\n\r\n                <div class=\"nab-form-area-item is-50\">\r\n                    <label for=\"nab-form-first-name\" class=\"nab-form-area-label\">\r\n                        F\u00f6rnamn*  \r\n                    <\/label>\r\n                    <input type=\"text\" class=\"nab-form-area-input is-required\" id=\"nab-form-first-name\">\r\n                    <p class=\"nab-form-area-error\">\r\n                        Var v\u00e4nlig och fyll i ditt f\u00f6rnamn.                    <\/p>\r\n                <\/div>\r\n                \r\n                <div class=\"nab-form-area-item is-50\">\r\n                    <label for=\"nab-form-last-name\" class=\"nab-form-area-label\">\r\n                        Efternamn*                    <\/label>\r\n                    <input type=\"text\" class=\"nab-form-area-input is-required\" id=\"nab-form-last-name\">\r\n                    <p class=\"nab-form-area-error\">\r\n                        Var v\u00e4nlig och fyll i ditt efternamn.                    <\/p>\r\n                <\/div>\r\n                \r\n                <div class=\"nab-form-area-item\">\r\n                    <label for=\"nab-form-company\" class=\"nab-form-area-label\">\r\n                        F\u00f6retag                    <\/label>\r\n                    <input type=\"text\" class=\"nab-form-area-input\" id=\"nab-form-company\">\r\n                <\/div>\r\n\r\n                <div class=\"nab-form-area-item is-50\">\r\n                    <label for=\"nab-form-email\" class=\"nab-form-area-label\">\r\n                        E-post*                    <\/label>\r\n                    <input type=\"email\" class=\"nab-form-area-input is-required\" id=\"nab-form-email\">\r\n                    <p class=\"nab-form-area-error\">\r\n                        Var v\u00e4nlig och fyll i din e-post.                    <\/p>\r\n                <\/div>\r\n                \r\n                <div class=\"nab-form-area-item is-50\">\r\n                    <label for=\"nab-form-phone\" class=\"nab-form-area-label\">\r\n                        Telefon*                    <\/label>\r\n                    <input type=\"tel\" class=\"nab-form-area-input is-required\" id=\"nab-form-phone\">\r\n                    <p class=\"nab-form-area-error\">\r\n                        Var v\u00e4nlig och fyll i ditt telefonnummer.                    <\/p>\r\n                <\/div>\r\n\r\n                <div class=\"nab-form-area-item\">\r\n                    <label for=\"nab-form-message\" class=\"nab-form-area-label is-message\">\r\n                        Meddelande                    <\/label>\r\n                    <textarea name=\"\" id=\"nab-form-message\" class=\"nab-form-area-input nab-form-area-textarea\"><\/textarea>\r\n                <\/div>\r\n\r\n                <div class=\"nab-form-area-item\">\r\n                    <button class=\"nab-form-area-submit nab-button is-primary is-full\">\r\n                        Skicka                    <\/button>\r\n                    <img decoding=\"async\" src=\"https:\/\/nabsolutions.com\/se\/wp-content\/themes\/nab-solutions-public\/assets\/static\/images\/oval.svg\" alt=\"\" class=\"nab-form-area-submit-icon\">\r\n                <\/div>\r\n\r\n                <p class=\"nab-form-area-integritypolicy is-small\">\r\n                    Genom att kontakta NAB kommer dina personuppgifter behandlas enligt NAB:s <a href=\"\/se\/om-nab-solutions\/integritetspolicy\">integritetspolicy<\/a>.                <\/p>\r\n\r\n                            <\/form>\r\n        <\/div>\r\n    <\/div>\r\n<\/section>","protected":false},"excerpt":{"rendered":"<p>N\u00e4r tusentals fordon passerar \u00d6resundsbron varje dag kr\u00e4vs det ett robust aff\u00e4rssystem som klarar av att hantera alla transaktioner och all data f\u00f6r att h\u00e5lla trafiken flytande. Dynamics 365 NAV \u00e4r aff\u00e4rssystemet som ser till att trafikanterna kan ta sig smidigt mellan Sverige och Danmark.<\/p>\n","protected":false},"author":1,"featured_media":4968,"parent":13,"menu_order":0,"comment_status":"closed","ping_status":"closed","template":"","meta":{"_acf_changed":false,"inline_featured_image":false,"footnotes":""},"tags":[19],"folder":[22,135],"class_list":["post-315","page","type-page","status-publish","has-post-thumbnail","hentry","tag-kundcase"],"acf":[],"yoast_head":"<!-- This site is optimized with the Yoast SEO plugin v27.3 - https:\/\/yoast.com\/product\/yoast-seo-wordpress\/ -->\n<title>\u00d6resundsbron - NAB Solutions<\/title>\n<meta name=\"description\" content=\"N\u00e4r tusentals fordon passerar \u00d6resundsbron varje dag kr\u00e4vs det ett robust aff\u00e4rssystem som klarar av att hantera alla transaktioner och all\" \/>\n<meta name=\"robots\" content=\"index, follow, max-snippet:-1, max-image-preview:large, max-video-preview:-1\" \/>\n<link rel=\"canonical\" href=\"https:\/\/nabsolutions.com\/se\/erp\/oresundsbron-fann-ett-robust-erp\/\" \/>\n<meta property=\"og:locale\" content=\"sv_SE\" \/>\n<meta property=\"og:type\" content=\"article\" \/>\n<meta property=\"og:title\" content=\"\u00d6resundsbron - NAB Solutions\" \/>\n<meta property=\"og:description\" content=\"N\u00e4r tusentals fordon passerar \u00d6resundsbron varje dag kr\u00e4vs det ett robust aff\u00e4rssystem som klarar av att hantera alla transaktioner och all\" \/>\n<meta property=\"og:url\" content=\"https:\/\/nabsolutions.com\/se\/erp\/oresundsbron-fann-ett-robust-erp\/\" \/>\n<meta property=\"og:site_name\" content=\"NAB SVERIGE\" \/>\n<meta property=\"article:modified_time\" content=\"2026-03-20T13:36:24+00:00\" \/>\n<meta property=\"og:image\" content=\"https:\/\/nabsolutions.com\/se\/wp-content\/uploads\/sites\/2\/2026\/03\/Oresundsbron-1-1.webp\" \/>\n\t<meta property=\"og:image:width\" content=\"720\" \/>\n\t<meta property=\"og:image:height\" content=\"720\" \/>\n\t<meta property=\"og:image:type\" content=\"image\/webp\" \/>\n<meta name=\"twitter:card\" content=\"summary_large_image\" \/>\n<meta name=\"twitter:label1\" content=\"Ber\u00e4knad l\u00e4stid\" \/>\n\t<meta name=\"twitter:data1\" content=\"1 minut\" \/>\n<script type=\"application\/ld+json\" class=\"yoast-schema-graph\">{\"@context\":\"https:\\\/\\\/schema.org\",\"@graph\":[{\"@type\":\"WebPage\",\"@id\":\"https:\\\/\\\/nabsolutions.com\\\/se\\\/erp\\\/oresundsbron-fann-ett-robust-erp\\\/\",\"url\":\"https:\\\/\\\/nabsolutions.com\\\/se\\\/erp\\\/oresundsbron-fann-ett-robust-erp\\\/\",\"name\":\"\u00d6resundsbron - NAB Solutions\",\"isPartOf\":{\"@id\":\"https:\\\/\\\/nabsolutions.com\\\/se\\\/#website\"},\"primaryImageOfPage\":{\"@id\":\"https:\\\/\\\/nabsolutions.com\\\/se\\\/erp\\\/oresundsbron-fann-ett-robust-erp\\\/#primaryimage\"},\"image\":{\"@id\":\"https:\\\/\\\/nabsolutions.com\\\/se\\\/erp\\\/oresundsbron-fann-ett-robust-erp\\\/#primaryimage\"},\"thumbnailUrl\":\"https:\\\/\\\/nabsolutions.com\\\/se\\\/wp-content\\\/uploads\\\/sites\\\/2\\\/2026\\\/03\\\/Oresundsbron-1-1.webp\",\"datePublished\":\"2026-03-19T09:54:32+00:00\",\"dateModified\":\"2026-03-20T13:36:24+00:00\",\"description\":\"N\u00e4r tusentals fordon passerar \u00d6resundsbron varje dag kr\u00e4vs det ett robust aff\u00e4rssystem som klarar av att hantera alla transaktioner och all\",\"breadcrumb\":{\"@id\":\"https:\\\/\\\/nabsolutions.com\\\/se\\\/erp\\\/oresundsbron-fann-ett-robust-erp\\\/#breadcrumb\"},\"inLanguage\":\"sv-SE\",\"potentialAction\":[{\"@type\":\"ReadAction\",\"target\":[\"https:\\\/\\\/nabsolutions.com\\\/se\\\/erp\\\/oresundsbron-fann-ett-robust-erp\\\/\"]}]},{\"@type\":\"ImageObject\",\"inLanguage\":\"sv-SE\",\"@id\":\"https:\\\/\\\/nabsolutions.com\\\/se\\\/erp\\\/oresundsbron-fann-ett-robust-erp\\\/#primaryimage\",\"url\":\"https:\\\/\\\/nabsolutions.com\\\/se\\\/wp-content\\\/uploads\\\/sites\\\/2\\\/2026\\\/03\\\/Oresundsbron-1-1.webp\",\"contentUrl\":\"https:\\\/\\\/nabsolutions.com\\\/se\\\/wp-content\\\/uploads\\\/sites\\\/2\\\/2026\\\/03\\\/Oresundsbron-1-1.webp\",\"width\":720,\"height\":720,\"caption\":\"\u00d6resundsbron Business Central\"},{\"@type\":\"BreadcrumbList\",\"@id\":\"https:\\\/\\\/nabsolutions.com\\\/se\\\/erp\\\/oresundsbron-fann-ett-robust-erp\\\/#breadcrumb\",\"itemListElement\":[{\"@type\":\"ListItem\",\"position\":1,\"name\":\"Home\",\"item\":\"https:\\\/\\\/nabsolutions.com\\\/se\\\/\"},{\"@type\":\"ListItem\",\"position\":2,\"name\":\"ERP\",\"item\":\"https:\\\/\\\/nabsolutions.com\\\/se\\\/erp\\\/\"},{\"@type\":\"ListItem\",\"position\":3,\"name\":\"\u00d6resundsbron\"}]},{\"@type\":\"WebSite\",\"@id\":\"https:\\\/\\\/nabsolutions.com\\\/se\\\/#website\",\"url\":\"https:\\\/\\\/nabsolutions.com\\\/se\\\/\",\"name\":\"NAB Solutions AB\",\"description\":\"\",\"publisher\":{\"@id\":\"https:\\\/\\\/nabsolutions.com\\\/se\\\/#organization\"},\"alternateName\":\"NAB\",\"potentialAction\":[{\"@type\":\"SearchAction\",\"target\":{\"@type\":\"EntryPoint\",\"urlTemplate\":\"https:\\\/\\\/nabsolutions.com\\\/se\\\/?s={search_term_string}\"},\"query-input\":{\"@type\":\"PropertyValueSpecification\",\"valueRequired\":true,\"valueName\":\"search_term_string\"}}],\"inLanguage\":\"sv-SE\"},{\"@type\":\"Organization\",\"@id\":\"https:\\\/\\\/nabsolutions.com\\\/se\\\/#organization\",\"name\":\"NAB Solutions\",\"alternateName\":\"NAB\",\"url\":\"https:\\\/\\\/nabsolutions.com\\\/se\\\/\",\"logo\":{\"@type\":\"ImageObject\",\"inLanguage\":\"sv-SE\",\"@id\":\"https:\\\/\\\/nabsolutions.com\\\/se\\\/#\\\/schema\\\/logo\\\/image\\\/\",\"url\":\"https:\\\/\\\/nabsolutions.com\\\/se\\\/wp-content\\\/uploads\\\/sites\\\/2\\\/2025\\\/10\\\/nab-logo.svg\",\"contentUrl\":\"https:\\\/\\\/nabsolutions.com\\\/se\\\/wp-content\\\/uploads\\\/sites\\\/2\\\/2025\\\/10\\\/nab-logo.svg\",\"width\":191,\"height\":53,\"caption\":\"NAB Solutions\"},\"image\":{\"@id\":\"https:\\\/\\\/nabsolutions.com\\\/se\\\/#\\\/schema\\\/logo\\\/image\\\/\"}}]}<\/script>\n<!-- \/ Yoast SEO plugin. -->","yoast_head_json":{"title":"\u00d6resundsbron - NAB Solutions","description":"N\u00e4r tusentals fordon passerar \u00d6resundsbron varje dag kr\u00e4vs det ett robust aff\u00e4rssystem som klarar av att hantera alla transaktioner och all","robots":{"index":"index","follow":"follow","max-snippet":"max-snippet:-1","max-image-preview":"max-image-preview:large","max-video-preview":"max-video-preview:-1"},"canonical":"https:\/\/nabsolutions.com\/se\/erp\/oresundsbron-fann-ett-robust-erp\/","og_locale":"sv_SE","og_type":"article","og_title":"\u00d6resundsbron - NAB Solutions","og_description":"N\u00e4r tusentals fordon passerar \u00d6resundsbron varje dag kr\u00e4vs det ett robust aff\u00e4rssystem som klarar av att hantera alla transaktioner och all","og_url":"https:\/\/nabsolutions.com\/se\/erp\/oresundsbron-fann-ett-robust-erp\/","og_site_name":"NAB SVERIGE","article_modified_time":"2026-03-20T13:36:24+00:00","og_image":[{"width":720,"height":720,"url":"https:\/\/nabsolutions.com\/se\/wp-content\/uploads\/sites\/2\/2026\/03\/Oresundsbron-1-1.webp","type":"image\/webp"}],"twitter_card":"summary_large_image","twitter_misc":{"Ber\u00e4knad l\u00e4stid":"1 minut"},"schema":{"@context":"https:\/\/schema.org","@graph":[{"@type":"WebPage","@id":"https:\/\/nabsolutions.com\/se\/erp\/oresundsbron-fann-ett-robust-erp\/","url":"https:\/\/nabsolutions.com\/se\/erp\/oresundsbron-fann-ett-robust-erp\/","name":"\u00d6resundsbron - NAB Solutions","isPartOf":{"@id":"https:\/\/nabsolutions.com\/se\/#website"},"primaryImageOfPage":{"@id":"https:\/\/nabsolutions.com\/se\/erp\/oresundsbron-fann-ett-robust-erp\/#primaryimage"},"image":{"@id":"https:\/\/nabsolutions.com\/se\/erp\/oresundsbron-fann-ett-robust-erp\/#primaryimage"},"thumbnailUrl":"https:\/\/nabsolutions.com\/se\/wp-content\/uploads\/sites\/2\/2026\/03\/Oresundsbron-1-1.webp","datePublished":"2026-03-19T09:54:32+00:00","dateModified":"2026-03-20T13:36:24+00:00","description":"N\u00e4r tusentals fordon passerar \u00d6resundsbron varje dag kr\u00e4vs det ett robust aff\u00e4rssystem som klarar av att hantera alla transaktioner och all","breadcrumb":{"@id":"https:\/\/nabsolutions.com\/se\/erp\/oresundsbron-fann-ett-robust-erp\/#breadcrumb"},"inLanguage":"sv-SE","potentialAction":[{"@type":"ReadAction","target":["https:\/\/nabsolutions.com\/se\/erp\/oresundsbron-fann-ett-robust-erp\/"]}]},{"@type":"ImageObject","inLanguage":"sv-SE","@id":"https:\/\/nabsolutions.com\/se\/erp\/oresundsbron-fann-ett-robust-erp\/#primaryimage","url":"https:\/\/nabsolutions.com\/se\/wp-content\/uploads\/sites\/2\/2026\/03\/Oresundsbron-1-1.webp","contentUrl":"https:\/\/nabsolutions.com\/se\/wp-content\/uploads\/sites\/2\/2026\/03\/Oresundsbron-1-1.webp","width":720,"height":720,"caption":"\u00d6resundsbron Business Central"},{"@type":"BreadcrumbList","@id":"https:\/\/nabsolutions.com\/se\/erp\/oresundsbron-fann-ett-robust-erp\/#breadcrumb","itemListElement":[{"@type":"ListItem","position":1,"name":"Home","item":"https:\/\/nabsolutions.com\/se\/"},{"@type":"ListItem","position":2,"name":"ERP","item":"https:\/\/nabsolutions.com\/se\/erp\/"},{"@type":"ListItem","position":3,"name":"\u00d6resundsbron"}]},{"@type":"WebSite","@id":"https:\/\/nabsolutions.com\/se\/#website","url":"https:\/\/nabsolutions.com\/se\/","name":"NAB Solutions AB","description":"","publisher":{"@id":"https:\/\/nabsolutions.com\/se\/#organization"},"alternateName":"NAB","potentialAction":[{"@type":"SearchAction","target":{"@type":"EntryPoint","urlTemplate":"https:\/\/nabsolutions.com\/se\/?s={search_term_string}"},"query-input":{"@type":"PropertyValueSpecification","valueRequired":true,"valueName":"search_term_string"}}],"inLanguage":"sv-SE"},{"@type":"Organization","@id":"https:\/\/nabsolutions.com\/se\/#organization","name":"NAB Solutions","alternateName":"NAB","url":"https:\/\/nabsolutions.com\/se\/","logo":{"@type":"ImageObject","inLanguage":"sv-SE","@id":"https:\/\/nabsolutions.com\/se\/#\/schema\/logo\/image\/","url":"https:\/\/nabsolutions.com\/se\/wp-content\/uploads\/sites\/2\/2025\/10\/nab-logo.svg","contentUrl":"https:\/\/nabsolutions.com\/se\/wp-content\/uploads\/sites\/2\/2025\/10\/nab-logo.svg","width":191,"height":53,"caption":"NAB Solutions"},"image":{"@id":"https:\/\/nabsolutions.com\/se\/#\/schema\/logo\/image\/"}}]}},"_links":{"self":[{"href":"https:\/\/nabsolutions.com\/se\/wp-json\/wp\/v2\/pages\/315","targetHints":{"allow":["GET"]}}],"collection":[{"href":"https:\/\/nabsolutions.com\/se\/wp-json\/wp\/v2\/pages"}],"about":[{"href":"https:\/\/nabsolutions.com\/se\/wp-json\/wp\/v2\/types\/page"}],"author":[{"embeddable":true,"href":"https:\/\/nabsolutions.com\/se\/wp-json\/wp\/v2\/users\/1"}],"replies":[{"embeddable":true,"href":"https:\/\/nabsolutions.com\/se\/wp-json\/wp\/v2\/comments?post=315"}],"version-history":[{"count":7,"href":"https:\/\/nabsolutions.com\/se\/wp-json\/wp\/v2\/pages\/315\/revisions"}],"predecessor-version":[{"id":6676,"href":"https:\/\/nabsolutions.com\/se\/wp-json\/wp\/v2\/pages\/315\/revisions\/6676"}],"up":[{"embeddable":true,"href":"https:\/\/nabsolutions.com\/se\/wp-json\/wp\/v2\/pages\/13"}],"wp:featuredmedia":[{"embeddable":true,"href":"https:\/\/nabsolutions.com\/se\/wp-json\/wp\/v2\/media\/4968"}],"wp:attachment":[{"href":"https:\/\/nabsolutions.com\/se\/wp-json\/wp\/v2\/media?parent=315"}],"wp:term":[{"taxonomy":"post_tag","embeddable":true,"href":"https:\/\/nabsolutions.com\/se\/wp-json\/wp\/v2\/tags?post=315"},{"taxonomy":"folder","embeddable":true,"href":"https:\/\/nabsolutions.com\/se\/wp-json\/wp\/v2\/folder?post=315"}],"curies":[{"name":"wp","href":"https:\/\/api.w.org\/{rel}","templated":true}]}}