{"id":3543,"date":"2026-02-19T13:27:05","date_gmt":"2026-02-19T12:27:05","guid":{"rendered":"https:\/\/nabsolutions.com\/se\/?page_id=3543"},"modified":"2026-03-20T14:26:27","modified_gmt":"2026-03-20T13:26:27","slug":"courtyard-by-marriott-stockholm","status":"publish","type":"page","link":"https:\/\/nabsolutions.com\/se\/erp\/courtyard-by-marriott-stockholm\/","title":{"rendered":"Courtyard by Marriott Stockholm k\u00e4nde en trygghet genom hela den snabba leveransen"},"content":{"rendered":"\r\n<section class=\"nab-half-hero   \" id=\"\">\r\n    <div class=\"nab-half-hero-inner\">\r\n        <div class=\"nab-half-hero-items\">\r\n            <header class=\"nab-half-hero-header\">\r\n                \r\n                                    <h1 class=\"nab-half-hero-header-title is-h2\">\r\n                        En snabb leverans av Business Central  var ett krav                     <\/h1>\r\n                \r\n                                    <p class=\"nab-half-hero-header-text is-ingress\">\r\n                        N\u00e4r Courtyard by Marriott Stockholm ville komma ig\u00e5ng snabbt med ett modernt aff\u00e4rssystem f\u00f6ll valet p\u00e5 Business Central Start. Resultatet? En trygg implementation i h\u00f6gt tempo, smidigare leverant\u00f6rsfakturahantering och ett aff\u00e4rssystem helt i molnet.                    <\/p>\r\n                \r\n                                \r\n                                \r\n                                \r\n                            <\/header>\r\n\r\n                            <div class=\"nab-half-hero-image\">\r\n                    <img decoding=\"async\" \r\n                        class=\"nab-half-hero-image-figure lazyload\" \r\n                        data-src=\"https:\/\/nabsolutions.com\/se\/wp-content\/uploads\/sites\/2\/2026\/02\/Frame-868-1.png\" \r\n                        alt=\"Courtyard by Marriott ERP Microsoft Dynamics 365 Business Central\"\r\n                     src=\"data:image\/svg+xml;base64,PHN2ZyB3aWR0aD0iMSIgaGVpZ2h0PSIxIiB4bWxucz0iaHR0cDovL3d3dy53My5vcmcvMjAwMC9zdmciPjwvc3ZnPg==\" style=\"--smush-placeholder-width: 1080px; --smush-placeholder-aspect-ratio: 1080\/1080;\">\r\n\r\n                                            <div class=\"nab-half-hero-image-logo-wrapper\">\r\n                            <img decoding=\"async\" \r\n                                class=\"nab-half-hero-image-logo\" \r\n                                src=\"https:\/\/nabsolutions.com\/se\/wp-content\/uploads\/sites\/2\/2026\/03\/Courtyard_by_Marriott_logo.svg\" \r\n                                alt=\"Courtyard by Marriott logo\"\r\n                            >\r\n                        <\/div>\r\n                                    <\/div>\r\n                    <\/div>\r\n    <\/div>\r\n<\/section>\n\n\r\n\r\n    <section class=\"nab-article has-offset  \" id=\"\">\r\n        <div class=\"nab-article-inner \">\r\n            <section id=\"\" class=\"nab-island top-of-page-top-padding no-padding-bottom\">\n<div class=\"nab-island-inner is-wide\">\n<div class=\"nab-island-wrapper lazyloaded\" data-bg-image=\"url(https:\/\/nabsolutions.com\/se\/wp-content\/uploads\/sites\/4\/2023\/05\/courtyard-by-marriot-min.jpg)\">\n<div class=\"nab-island-wrapper-inner \">\n<h2 class=\"nab-island-title-medium \">Att b\u00f6rja sm\u00e5tt och skala upp passade Courtyard by Marriott\u00a0 Stockholm perfekt<\/h2>\n<\/div>\n<\/div>\n<\/div>\n<\/section>\n<section class=\"nab-text-editor\">\n<div class=\"nab-text-editor-inner\">\n<div id=\"text-editor\" class=\"nab-text-editor-wrapper\">\n<p>F\u00f6r Courtyard by Marriott Stockholm var Business Central Start perfekt. Den snabbaste v\u00e4gen f\u00f6r implementation. De ville komma ig\u00e5ng snabbt med Business Central och kunna integrera aff\u00e4rssystemet med ett av deras f\u00f6rsystem. De valde att bygga ut systemet och addera mer funktionalitet f\u00f6r att tolka och attestera leverant\u00f6rsfakturor f\u00f6r att f\u00e5 en smidigare leverant\u00f6rsfakturahantering och arbetar nu effektivt i molnet. Maria Nord som \u00e4r Business Controller p\u00e5 Courtyard by Marriott Stockholm var med under implementationsveckan. Det fanns alltid en person d\u00e4r som st\u00f6ttade uppom vi beh\u00f6vde det, ber\u00e4ttar Maria.<\/p>\n<\/div>\n<h3 class=\"nab-half-half-text-title\">270 Rum p\u00e5 Kungsholmen i Stockholm<\/h3>\n<p class=\"nab-half-half-text \">Courtyard by Marriott Stockholm \u00e4r ett 8-v\u00e5ningshotell som erbjuder \u00f6ver 270 rum p\u00e5 Kungsholmen i Stockholm. Hotellverksamheten drivs av bolaget SHG Courthotel Lindhagensplan och hotellet \u00e4r en del av hotellkedjan Marriott International som finns runt om i v\u00e4rlden. Hotellet ligger precis utanf\u00f6r cityk\u00e4rnan och kan erbjuda det b\u00e4sta ur tv\u00e5 v\u00e4rldar, lugnet fr\u00e5n R\u00e5lambshovsparken och pulsen fr\u00e5n staden. H\u00e4r erbjuds hotellverksamhet med restaurangr\u00f6relse och m\u00f6jlighet till konferens.<\/p>\n<\/div>\n<\/section>\n        <\/div>\r\n    <\/section>\r\n\n\n\n\n\n    <section class=\"nab-bento has-less-padding-top \" id=\"\">\n        <div class=\"nab-bento-inner\">\n                            \n                                    <div class=\"nab-bento-items is-bento-one\">\n                                                    <div class=\"nab-bento-item link-box-wrapper is-bento-one\">\n                                <div class=\"nab-bento-item-inner is-forrest-green   is-flex-end \">\n                                                                        \n                                    \n                                    <header class=\"nab-bento-item-header is-quote\">\n                                                                                    <p class=\"nab-bento-item-header-quote\">\n                                                \u201c\n                                            <\/p>\n\n                                            <h3 class=\"nab-bento-item-header-title is-wider  \">\n                                                Vi implementerade Business Central Start tillsammans med till\u00e4ggspaketet Tolka &amp; attestera leverant\u00f6rsfakturor. Trots att allting gick fort k\u00e4nde vi en trygghet genom hela leveransen och i konceptet.                                            <\/h3>\n\n                                            <p class=\"nab-bento-item-header-subtitle is-lead is-uppercase\">\n                                                Maria Nord, Business Controller Courtyard by Marriott                                            <\/p>\n                                        \n                                                                            <\/header>\n\n                                    \n                                                                    <\/div>\n                            <\/div>\n                                            <\/div>\n                                \n                               \n                                    <\/div>\n    <\/section>\n\n\n\n<section class=\"nab-cta-island   \" id=\"CTA\">\n    <div class=\"nab-cta-island-inner\">\n        <header class=\"nab-cta-island-header\">\n                            <h2 class=\"nab-cta-island-header-title \">\n                    Vill ni g\u00f6ra samma resa som Courtyard by Marriott Stockholm ?                <\/h2>\n                        \n                            <p class=\"nab-cta-island-header-text is-ingress\">\n                    H\u00f6r av er s\u00e5 hj\u00e4lper vi er komma ig\u00e5ng med ett v\u00e4rldsledande ERP!                <\/p>\n                        \n                            <a href=\"\" class=\"nab-cta-island-header-button nab-button is-primary is-info-form-popup\" aria-label=\"Kontakta oss\">\n                    Kontakta oss                <\/a>\n                \n                    <\/header>\n\n    <\/div>\n<\/section>\n\n\r\n<section class=\"nab-form-popup nab-form\">\r\n    <div class=\"nab-form-popup-inner\">\r\n        <a href=\"#\" class=\"nab-form-popup-close\">\r\n            <i class=\"nab-form-popup-close-icon material-symbols-outlined\">close<\/i>\r\n        <\/a>\r\n        <header class=\"nab-form-popup-header\">\r\n            <h3 class=\"nab-form-popup-header-title is-large\">\r\n                F\u00e5 mer information            <\/h3>\r\n            <p class=\"nab-form-popup-header-text is-lead\">\r\n                Fyll i formul\u00e4ret nedan f\u00f6r att f\u00e5 mer information om v\u00e5ra l\u00f6sningar.            <\/p>\r\n        <\/header>\r\n\r\n        <div class=\"nab-form-popup-form-wrapper\">\r\n            <form\r\n                action=\"\/wp-json\/nab\/v1\/mail\"\r\n                class=\"nab-form-popup-form nab-form-area\"\r\n                id=\"nab-form-area\"\r\n                data-type=\"info\"\r\n            >\r\n                <div class=\"nab-form-area-item is-botcheck\">\r\n                    <input type=\"tel\" class=\"nab-form-area-input is-botcheck\">\r\n                <\/div>\r\n\r\n                <div class=\"nab-form-area-item is-50\">\r\n                    <label for=\"nab-form-first-name\" class=\"nab-form-area-label\">\r\n                        F\u00f6rnamn*  \r\n                    <\/label>\r\n                    <input type=\"text\" class=\"nab-form-area-input is-required\" id=\"nab-form-first-name\">\r\n                    <p class=\"nab-form-area-error\">\r\n                        Var v\u00e4nlig och fyll i ditt f\u00f6rnamn.                    <\/p>\r\n                <\/div>\r\n                \r\n                <div class=\"nab-form-area-item is-50\">\r\n                    <label for=\"nab-form-last-name\" class=\"nab-form-area-label\">\r\n                        Efternamn*                    <\/label>\r\n                    <input type=\"text\" class=\"nab-form-area-input is-required\" id=\"nab-form-last-name\">\r\n                    <p class=\"nab-form-area-error\">\r\n                        Var v\u00e4nlig och fyll i ditt efternamn.                    <\/p>\r\n                <\/div>\r\n                \r\n                <div class=\"nab-form-area-item\">\r\n                    <label for=\"nab-form-company\" class=\"nab-form-area-label\">\r\n                        F\u00f6retag                    <\/label>\r\n                    <input type=\"text\" class=\"nab-form-area-input\" id=\"nab-form-company\">\r\n                <\/div>\r\n\r\n                <div class=\"nab-form-area-item is-50\">\r\n                    <label for=\"nab-form-email\" class=\"nab-form-area-label\">\r\n                        E-post*                    <\/label>\r\n                    <input type=\"email\" class=\"nab-form-area-input is-required\" id=\"nab-form-email\">\r\n                    <p class=\"nab-form-area-error\">\r\n                        Var v\u00e4nlig och fyll i din e-post.                    <\/p>\r\n                <\/div>\r\n                \r\n                <div class=\"nab-form-area-item is-50\">\r\n                    <label for=\"nab-form-phone\" class=\"nab-form-area-label\">\r\n                        Telefon*                    <\/label>\r\n                    <input type=\"tel\" class=\"nab-form-area-input is-required\" id=\"nab-form-phone\">\r\n                    <p class=\"nab-form-area-error\">\r\n                        Var v\u00e4nlig och fyll i ditt telefonnummer.                    <\/p>\r\n                <\/div>\r\n\r\n                <div class=\"nab-form-area-item\">\r\n                    <label for=\"nab-form-message\" class=\"nab-form-area-label is-message\">\r\n                        Meddelande                    <\/label>\r\n                    <textarea name=\"\" id=\"nab-form-message\" class=\"nab-form-area-input nab-form-area-textarea\"><\/textarea>\r\n                <\/div>\r\n\r\n                <div class=\"nab-form-area-item\">\r\n                    <button class=\"nab-form-area-submit nab-button is-primary is-full\">\r\n                        Skicka                    <\/button>\r\n                    <img decoding=\"async\" src=\"https:\/\/nabsolutions.com\/se\/wp-content\/themes\/nab-solutions-public\/assets\/static\/images\/oval.svg\" alt=\"\" class=\"nab-form-area-submit-icon\">\r\n                <\/div>\r\n\r\n                <p class=\"nab-form-area-integritypolicy is-small\">\r\n                    Genom att kontakta NAB kommer dina personuppgifter behandlas enligt NAB:s <a href=\"\/se\/om-nab-solutions\/integritetspolicy\">integritetspolicy<\/a>.                <\/p>\r\n\r\n                            <\/form>\r\n        <\/div>\r\n    <\/div>\r\n<\/section>","protected":false},"excerpt":{"rendered":"<p>N\u00e4r Courtyard by Marriott Stockholm ville komma ig\u00e5ng snabbt med ett modernt aff\u00e4rssystem f\u00f6ll valet p\u00e5 Business Central Start. Resultatet? En trygg implementation i h\u00f6gt tempo, smidigare leverant\u00f6rsfakturahantering och ett aff\u00e4rssystem helt i molnet.<\/p>\n","protected":false},"author":6,"featured_media":3546,"parent":13,"menu_order":0,"comment_status":"closed","ping_status":"closed","template":"","meta":{"_acf_changed":false,"inline_featured_image":false,"footnotes":""},"tags":[19],"folder":[135],"class_list":["post-3543","page","type-page","status-publish","has-post-thumbnail","hentry","tag-kundcase"],"acf":[],"yoast_head":"<!-- This site is optimized with the Yoast SEO plugin v27.3 - https:\/\/yoast.com\/product\/yoast-seo-wordpress\/ -->\n<title>Courtyard by Marriott Stockholm - NAB Solutions<\/title>\n<meta name=\"description\" content=\"N\u00e4r Courtyard by Marriott Stockholm ville komma ig\u00e5ng snabbt med ett modernt aff\u00e4rssystem f\u00f6ll valet p\u00e5 Business Central Start. Resultatet?\" \/>\n<meta name=\"robots\" content=\"index, follow, max-snippet:-1, max-image-preview:large, max-video-preview:-1\" \/>\n<link rel=\"canonical\" href=\"https:\/\/nabsolutions.com\/se\/erp\/courtyard-by-marriott-stockholm\/\" \/>\n<meta property=\"og:locale\" content=\"sv_SE\" \/>\n<meta property=\"og:type\" content=\"article\" \/>\n<meta property=\"og:title\" content=\"Courtyard by Marriott Stockholm - NAB Solutions\" \/>\n<meta property=\"og:description\" content=\"N\u00e4r Courtyard by Marriott Stockholm ville komma ig\u00e5ng snabbt med ett modernt aff\u00e4rssystem f\u00f6ll valet p\u00e5 Business Central Start. Resultatet?\" \/>\n<meta property=\"og:url\" content=\"https:\/\/nabsolutions.com\/se\/erp\/courtyard-by-marriott-stockholm\/\" \/>\n<meta property=\"og:site_name\" content=\"NAB SVERIGE\" \/>\n<meta property=\"article:modified_time\" content=\"2026-03-20T13:26:27+00:00\" \/>\n<meta property=\"og:image\" content=\"https:\/\/nabsolutions.com\/se\/wp-content\/uploads\/sites\/2\/2026\/02\/Frame-868-1.png\" \/>\n\t<meta property=\"og:image:width\" content=\"1080\" \/>\n\t<meta property=\"og:image:height\" content=\"1080\" \/>\n\t<meta property=\"og:image:type\" content=\"image\/png\" \/>\n<meta name=\"twitter:card\" content=\"summary_large_image\" \/>\n<meta name=\"twitter:label1\" content=\"Ber\u00e4knad l\u00e4stid\" \/>\n\t<meta name=\"twitter:data1\" content=\"1 minut\" \/>\n<script type=\"application\/ld+json\" class=\"yoast-schema-graph\">{\"@context\":\"https:\\\/\\\/schema.org\",\"@graph\":[{\"@type\":\"WebPage\",\"@id\":\"https:\\\/\\\/nabsolutions.com\\\/se\\\/erp\\\/courtyard-by-marriott-stockholm\\\/\",\"url\":\"https:\\\/\\\/nabsolutions.com\\\/se\\\/erp\\\/courtyard-by-marriott-stockholm\\\/\",\"name\":\"Courtyard by Marriott Stockholm - NAB Solutions\",\"isPartOf\":{\"@id\":\"https:\\\/\\\/nabsolutions.com\\\/se\\\/#website\"},\"primaryImageOfPage\":{\"@id\":\"https:\\\/\\\/nabsolutions.com\\\/se\\\/erp\\\/courtyard-by-marriott-stockholm\\\/#primaryimage\"},\"image\":{\"@id\":\"https:\\\/\\\/nabsolutions.com\\\/se\\\/erp\\\/courtyard-by-marriott-stockholm\\\/#primaryimage\"},\"thumbnailUrl\":\"https:\\\/\\\/nabsolutions.com\\\/se\\\/wp-content\\\/uploads\\\/sites\\\/2\\\/2026\\\/02\\\/Frame-868-1.png\",\"datePublished\":\"2026-02-19T12:27:05+00:00\",\"dateModified\":\"2026-03-20T13:26:27+00:00\",\"description\":\"N\u00e4r Courtyard by Marriott Stockholm ville komma ig\u00e5ng snabbt med ett modernt aff\u00e4rssystem f\u00f6ll valet p\u00e5 Business Central Start. Resultatet?\",\"breadcrumb\":{\"@id\":\"https:\\\/\\\/nabsolutions.com\\\/se\\\/erp\\\/courtyard-by-marriott-stockholm\\\/#breadcrumb\"},\"inLanguage\":\"sv-SE\",\"potentialAction\":[{\"@type\":\"ReadAction\",\"target\":[\"https:\\\/\\\/nabsolutions.com\\\/se\\\/erp\\\/courtyard-by-marriott-stockholm\\\/\"]}]},{\"@type\":\"ImageObject\",\"inLanguage\":\"sv-SE\",\"@id\":\"https:\\\/\\\/nabsolutions.com\\\/se\\\/erp\\\/courtyard-by-marriott-stockholm\\\/#primaryimage\",\"url\":\"https:\\\/\\\/nabsolutions.com\\\/se\\\/wp-content\\\/uploads\\\/sites\\\/2\\\/2026\\\/02\\\/Frame-868-1.png\",\"contentUrl\":\"https:\\\/\\\/nabsolutions.com\\\/se\\\/wp-content\\\/uploads\\\/sites\\\/2\\\/2026\\\/02\\\/Frame-868-1.png\",\"width\":1080,\"height\":1080,\"caption\":\"Courtyard by Marriott ERP Microsoft Dynamics 365 Business Central\"},{\"@type\":\"BreadcrumbList\",\"@id\":\"https:\\\/\\\/nabsolutions.com\\\/se\\\/erp\\\/courtyard-by-marriott-stockholm\\\/#breadcrumb\",\"itemListElement\":[{\"@type\":\"ListItem\",\"position\":1,\"name\":\"Home\",\"item\":\"https:\\\/\\\/nabsolutions.com\\\/se\\\/\"},{\"@type\":\"ListItem\",\"position\":2,\"name\":\"ERP\",\"item\":\"https:\\\/\\\/nabsolutions.com\\\/se\\\/erp\\\/\"},{\"@type\":\"ListItem\",\"position\":3,\"name\":\"Courtyard by Marriott Stockholm k\u00e4nde en trygghet genom hela den snabba leveransen\"}]},{\"@type\":\"WebSite\",\"@id\":\"https:\\\/\\\/nabsolutions.com\\\/se\\\/#website\",\"url\":\"https:\\\/\\\/nabsolutions.com\\\/se\\\/\",\"name\":\"NAB Solutions AB\",\"description\":\"\",\"publisher\":{\"@id\":\"https:\\\/\\\/nabsolutions.com\\\/se\\\/#organization\"},\"alternateName\":\"NAB\",\"potentialAction\":[{\"@type\":\"SearchAction\",\"target\":{\"@type\":\"EntryPoint\",\"urlTemplate\":\"https:\\\/\\\/nabsolutions.com\\\/se\\\/?s={search_term_string}\"},\"query-input\":{\"@type\":\"PropertyValueSpecification\",\"valueRequired\":true,\"valueName\":\"search_term_string\"}}],\"inLanguage\":\"sv-SE\"},{\"@type\":\"Organization\",\"@id\":\"https:\\\/\\\/nabsolutions.com\\\/se\\\/#organization\",\"name\":\"NAB Solutions\",\"alternateName\":\"NAB\",\"url\":\"https:\\\/\\\/nabsolutions.com\\\/se\\\/\",\"logo\":{\"@type\":\"ImageObject\",\"inLanguage\":\"sv-SE\",\"@id\":\"https:\\\/\\\/nabsolutions.com\\\/se\\\/#\\\/schema\\\/logo\\\/image\\\/\",\"url\":\"https:\\\/\\\/nabsolutions.com\\\/se\\\/wp-content\\\/uploads\\\/sites\\\/2\\\/2025\\\/10\\\/nab-logo.svg\",\"contentUrl\":\"https:\\\/\\\/nabsolutions.com\\\/se\\\/wp-content\\\/uploads\\\/sites\\\/2\\\/2025\\\/10\\\/nab-logo.svg\",\"width\":191,\"height\":53,\"caption\":\"NAB Solutions\"},\"image\":{\"@id\":\"https:\\\/\\\/nabsolutions.com\\\/se\\\/#\\\/schema\\\/logo\\\/image\\\/\"}}]}<\/script>\n<!-- \/ Yoast SEO plugin. -->","yoast_head_json":{"title":"Courtyard by Marriott Stockholm - NAB Solutions","description":"N\u00e4r Courtyard by Marriott Stockholm ville komma ig\u00e5ng snabbt med ett modernt aff\u00e4rssystem f\u00f6ll valet p\u00e5 Business Central Start. Resultatet?","robots":{"index":"index","follow":"follow","max-snippet":"max-snippet:-1","max-image-preview":"max-image-preview:large","max-video-preview":"max-video-preview:-1"},"canonical":"https:\/\/nabsolutions.com\/se\/erp\/courtyard-by-marriott-stockholm\/","og_locale":"sv_SE","og_type":"article","og_title":"Courtyard by Marriott Stockholm - NAB Solutions","og_description":"N\u00e4r Courtyard by Marriott Stockholm ville komma ig\u00e5ng snabbt med ett modernt aff\u00e4rssystem f\u00f6ll valet p\u00e5 Business Central Start. Resultatet?","og_url":"https:\/\/nabsolutions.com\/se\/erp\/courtyard-by-marriott-stockholm\/","og_site_name":"NAB SVERIGE","article_modified_time":"2026-03-20T13:26:27+00:00","og_image":[{"width":1080,"height":1080,"url":"https:\/\/nabsolutions.com\/se\/wp-content\/uploads\/sites\/2\/2026\/02\/Frame-868-1.png","type":"image\/png"}],"twitter_card":"summary_large_image","twitter_misc":{"Ber\u00e4knad l\u00e4stid":"1 minut"},"schema":{"@context":"https:\/\/schema.org","@graph":[{"@type":"WebPage","@id":"https:\/\/nabsolutions.com\/se\/erp\/courtyard-by-marriott-stockholm\/","url":"https:\/\/nabsolutions.com\/se\/erp\/courtyard-by-marriott-stockholm\/","name":"Courtyard by Marriott Stockholm - NAB Solutions","isPartOf":{"@id":"https:\/\/nabsolutions.com\/se\/#website"},"primaryImageOfPage":{"@id":"https:\/\/nabsolutions.com\/se\/erp\/courtyard-by-marriott-stockholm\/#primaryimage"},"image":{"@id":"https:\/\/nabsolutions.com\/se\/erp\/courtyard-by-marriott-stockholm\/#primaryimage"},"thumbnailUrl":"https:\/\/nabsolutions.com\/se\/wp-content\/uploads\/sites\/2\/2026\/02\/Frame-868-1.png","datePublished":"2026-02-19T12:27:05+00:00","dateModified":"2026-03-20T13:26:27+00:00","description":"N\u00e4r Courtyard by Marriott Stockholm ville komma ig\u00e5ng snabbt med ett modernt aff\u00e4rssystem f\u00f6ll valet p\u00e5 Business Central Start. Resultatet?","breadcrumb":{"@id":"https:\/\/nabsolutions.com\/se\/erp\/courtyard-by-marriott-stockholm\/#breadcrumb"},"inLanguage":"sv-SE","potentialAction":[{"@type":"ReadAction","target":["https:\/\/nabsolutions.com\/se\/erp\/courtyard-by-marriott-stockholm\/"]}]},{"@type":"ImageObject","inLanguage":"sv-SE","@id":"https:\/\/nabsolutions.com\/se\/erp\/courtyard-by-marriott-stockholm\/#primaryimage","url":"https:\/\/nabsolutions.com\/se\/wp-content\/uploads\/sites\/2\/2026\/02\/Frame-868-1.png","contentUrl":"https:\/\/nabsolutions.com\/se\/wp-content\/uploads\/sites\/2\/2026\/02\/Frame-868-1.png","width":1080,"height":1080,"caption":"Courtyard by Marriott ERP Microsoft Dynamics 365 Business Central"},{"@type":"BreadcrumbList","@id":"https:\/\/nabsolutions.com\/se\/erp\/courtyard-by-marriott-stockholm\/#breadcrumb","itemListElement":[{"@type":"ListItem","position":1,"name":"Home","item":"https:\/\/nabsolutions.com\/se\/"},{"@type":"ListItem","position":2,"name":"ERP","item":"https:\/\/nabsolutions.com\/se\/erp\/"},{"@type":"ListItem","position":3,"name":"Courtyard by Marriott Stockholm k\u00e4nde en trygghet genom hela den snabba leveransen"}]},{"@type":"WebSite","@id":"https:\/\/nabsolutions.com\/se\/#website","url":"https:\/\/nabsolutions.com\/se\/","name":"NAB Solutions AB","description":"","publisher":{"@id":"https:\/\/nabsolutions.com\/se\/#organization"},"alternateName":"NAB","potentialAction":[{"@type":"SearchAction","target":{"@type":"EntryPoint","urlTemplate":"https:\/\/nabsolutions.com\/se\/?s={search_term_string}"},"query-input":{"@type":"PropertyValueSpecification","valueRequired":true,"valueName":"search_term_string"}}],"inLanguage":"sv-SE"},{"@type":"Organization","@id":"https:\/\/nabsolutions.com\/se\/#organization","name":"NAB Solutions","alternateName":"NAB","url":"https:\/\/nabsolutions.com\/se\/","logo":{"@type":"ImageObject","inLanguage":"sv-SE","@id":"https:\/\/nabsolutions.com\/se\/#\/schema\/logo\/image\/","url":"https:\/\/nabsolutions.com\/se\/wp-content\/uploads\/sites\/2\/2025\/10\/nab-logo.svg","contentUrl":"https:\/\/nabsolutions.com\/se\/wp-content\/uploads\/sites\/2\/2025\/10\/nab-logo.svg","width":191,"height":53,"caption":"NAB Solutions"},"image":{"@id":"https:\/\/nabsolutions.com\/se\/#\/schema\/logo\/image\/"}}]}},"_links":{"self":[{"href":"https:\/\/nabsolutions.com\/se\/wp-json\/wp\/v2\/pages\/3543","targetHints":{"allow":["GET"]}}],"collection":[{"href":"https:\/\/nabsolutions.com\/se\/wp-json\/wp\/v2\/pages"}],"about":[{"href":"https:\/\/nabsolutions.com\/se\/wp-json\/wp\/v2\/types\/page"}],"author":[{"embeddable":true,"href":"https:\/\/nabsolutions.com\/se\/wp-json\/wp\/v2\/users\/6"}],"replies":[{"embeddable":true,"href":"https:\/\/nabsolutions.com\/se\/wp-json\/wp\/v2\/comments?post=3543"}],"version-history":[{"count":6,"href":"https:\/\/nabsolutions.com\/se\/wp-json\/wp\/v2\/pages\/3543\/revisions"}],"predecessor-version":[{"id":6664,"href":"https:\/\/nabsolutions.com\/se\/wp-json\/wp\/v2\/pages\/3543\/revisions\/6664"}],"up":[{"embeddable":true,"href":"https:\/\/nabsolutions.com\/se\/wp-json\/wp\/v2\/pages\/13"}],"wp:featuredmedia":[{"embeddable":true,"href":"https:\/\/nabsolutions.com\/se\/wp-json\/wp\/v2\/media\/3546"}],"wp:attachment":[{"href":"https:\/\/nabsolutions.com\/se\/wp-json\/wp\/v2\/media?parent=3543"}],"wp:term":[{"taxonomy":"post_tag","embeddable":true,"href":"https:\/\/nabsolutions.com\/se\/wp-json\/wp\/v2\/tags?post=3543"},{"taxonomy":"folder","embeddable":true,"href":"https:\/\/nabsolutions.com\/se\/wp-json\/wp\/v2\/folder?post=3543"}],"curies":[{"name":"wp","href":"https:\/\/api.w.org\/{rel}","templated":true}]}}