{"id":5794,"date":"2026-03-10T14:02:32","date_gmt":"2026-03-10T13:02:32","guid":{"rendered":"https:\/\/nabsolutions.com\/se\/?page_id=5794"},"modified":"2026-03-17T09:39:34","modified_gmt":"2026-03-17T08:39:34","slug":"integritetspolicy","status":"publish","type":"page","link":"https:\/\/nabsolutions.com\/se\/om-nab-solutions\/integritetspolicy\/","title":{"rendered":"Integritetspolicy"},"content":{"rendered":"\r\n\r\n<section class=\"nab-hero   \" id=\"\">\r\n    <div class=\"nab-hero-inner\">\r\n        <header class=\"nab-hero-header\">\r\n                            <h1 class=\"nab-hero-header-title\">\r\n                    Integritet &#038; Cookies                <\/h1>\r\n                                        <p class=\"nab-hero-header-text is-ingress\">\r\n                    Din integritet \u00e4r viktig f\u00f6r oss och vi vill ber\u00e4tta vilka metoder vi anv\u00e4nder och vilka uppgifter v\u00e5r webbplats samlar in om dig.\r\n\r\n                <\/p>\r\n            \r\n            \r\n                        \r\n                    <\/header>\r\n\r\n        \r\n            <\/div>\r\n<\/section>\n\n\r\n\r\n    <section class=\"nab-article has-offset  \" id=\"\">\r\n        <div class=\"nab-article-inner \">\r\n            <h2>PRIVACY POLICY<\/h2>\n<h3>\nNAB SOLUTIONS AB AND NAB SOLUTIONS INC<\/h3>\n<p><em><strong>Last updated: 2025-01-24<\/strong><\/em><\/p>\n<p>This privacy policy describes how NAB SOLUTIONS (\u201cNAB\u201d) will collect and store the personal data.<\/p>\n<p><strong>1.\u2003PERSONAL DATA<\/strong><br \/>\nNAB will process and store personal data if you are using support service. The data will be stored during the period you are using the application. The data will be stored in NAB support system and will be deleted when you terminate the application.<\/p>\n<p><strong>2.\u2003PURPOSE OF USE OF PERSONAL DATA<\/strong><br \/>\nThe purpose of processing and storage of personal data is to make it possible to communicate with you.<\/p>\n<p><strong>3.\u2003SHARING PERSONAL DATA<\/strong><br \/>\nNAB SOLUTIONS will not disclose your personal data to any third party. If NAB will use a service provider, the service provider will obtain the personal data they need in order to deliver the service. The service provider will sign a personal data assistant agreement including instructions regarding how to process the personal data according to the privacy policy, applicable laws and regulations.<\/p>\n<p><strong>4.\u2003SECURITY OF PERSONAL DATA<\/strong><br \/>\nThe personal data is kept in a safe and secure manner by a variety of security technologies and procedures to help to protect your personal data from unauthorized access, use or disclosure. The personal data is stored in controlled facilities with limited access. Username and password shall be kept in a safe manner to prevent unauthorized access by any third party.<\/p>\n<p><strong>6.\u2003CONTACT INFORMATION<\/strong><br \/>\nIf you have any questions regarding the privacy policy, please use:\u202f<a href=\"mailto:support@nabsolutions.com\">support@nabsolutions.com<\/a><\/p>\n        <\/div>\r\n    <\/section>\r\n\n\n\n<section class=\"nab-cta-island   \" id=\"CTA\">\n    <div class=\"nab-cta-island-inner\">\n        <header class=\"nab-cta-island-header\">\n                            <h2 class=\"nab-cta-island-header-title \">\n                    Har du fr\u00e5gor om v\u00e5r integritetspolicy?                <\/h2>\n                        \n                            <p class=\"nab-cta-island-header-text is-ingress\">\n                    H\u00f6r av dig s\u00e5 svarar vi p\u00e5 era fr\u00e5gor!                 <\/p>\n                        \n                            <a href=\"\" class=\"nab-cta-island-header-button nab-button is-primary is-info-form-popup\" aria-label=\"Kontakta oss\">\n                    Kontakta oss                <\/a>\n                \n                    <\/header>\n\n    <\/div>\n<\/section>\n\n\r\n<section class=\"nab-form-popup nab-form\">\r\n    <div class=\"nab-form-popup-inner\">\r\n        <a href=\"#\" class=\"nab-form-popup-close\">\r\n            <i class=\"nab-form-popup-close-icon material-symbols-outlined\">close<\/i>\r\n        <\/a>\r\n        <header class=\"nab-form-popup-header\">\r\n            <h3 class=\"nab-form-popup-header-title is-large\">\r\n                H\u00f6r av dig!            <\/h3>\r\n            <p class=\"nab-form-popup-header-text is-lead\">\r\n                Fyll i dina uppgifter s\u00e5 \u00e5terkommer vi inom kort!            <\/p>\r\n        <\/header>\r\n\r\n        <div class=\"nab-form-popup-form-wrapper\">\r\n            <form\r\n                action=\"\/wp-json\/nab\/v1\/mail\"\r\n                class=\"nab-form-popup-form nab-form-area\"\r\n                id=\"nab-form-area\"\r\n                data-type=\"info\"\r\n            >\r\n                <div class=\"nab-form-area-item is-botcheck\">\r\n                    <input type=\"tel\" class=\"nab-form-area-input is-botcheck\">\r\n                <\/div>\r\n\r\n                <div class=\"nab-form-area-item is-50\">\r\n                    <label for=\"nab-form-first-name\" class=\"nab-form-area-label\">\r\n                        F\u00f6rnamn*  \r\n                    <\/label>\r\n                    <input type=\"text\" class=\"nab-form-area-input is-required\" id=\"nab-form-first-name\">\r\n                    <p class=\"nab-form-area-error\">\r\n                        Var v\u00e4nlig och fyll i ditt f\u00f6rnamn.                    <\/p>\r\n                <\/div>\r\n                \r\n                <div class=\"nab-form-area-item is-50\">\r\n                    <label for=\"nab-form-last-name\" class=\"nab-form-area-label\">\r\n                        Efternamn*                    <\/label>\r\n                    <input type=\"text\" class=\"nab-form-area-input is-required\" id=\"nab-form-last-name\">\r\n                    <p class=\"nab-form-area-error\">\r\n                        Var v\u00e4nlig och fyll i ditt efternamn.                    <\/p>\r\n                <\/div>\r\n                \r\n                <div class=\"nab-form-area-item\">\r\n                    <label for=\"nab-form-company\" class=\"nab-form-area-label\">\r\n                        F\u00f6retag                    <\/label>\r\n                    <input type=\"text\" class=\"nab-form-area-input\" id=\"nab-form-company\">\r\n                <\/div>\r\n\r\n                <div class=\"nab-form-area-item is-50\">\r\n                    <label for=\"nab-form-email\" class=\"nab-form-area-label\">\r\n                        E-post*                    <\/label>\r\n                    <input type=\"email\" class=\"nab-form-area-input is-required\" id=\"nab-form-email\">\r\n                    <p class=\"nab-form-area-error\">\r\n                        Var v\u00e4nlig och fyll i din e-post.                    <\/p>\r\n                <\/div>\r\n                \r\n                <div class=\"nab-form-area-item is-50\">\r\n                    <label for=\"nab-form-phone\" class=\"nab-form-area-label\">\r\n                        Telefon*                    <\/label>\r\n                    <input type=\"tel\" class=\"nab-form-area-input is-required\" id=\"nab-form-phone\">\r\n                    <p class=\"nab-form-area-error\">\r\n                        Var v\u00e4nlig och fyll i ditt telefonnummer.                    <\/p>\r\n                <\/div>\r\n\r\n                <div class=\"nab-form-area-item\">\r\n                    <label for=\"nab-form-message\" class=\"nab-form-area-label is-message\">\r\n                        Meddelande                    <\/label>\r\n                    <textarea name=\"\" id=\"nab-form-message\" class=\"nab-form-area-input nab-form-area-textarea\"><\/textarea>\r\n                <\/div>\r\n\r\n                <div class=\"nab-form-area-item\">\r\n                    <button class=\"nab-form-area-submit nab-button is-primary is-full\">\r\n                        Skicka                    <\/button>\r\n                    <img decoding=\"async\" src=\"https:\/\/nabsolutions.com\/se\/wp-content\/themes\/nab-solutions-public\/assets\/static\/images\/oval.svg\" alt=\"\" class=\"nab-form-area-submit-icon\">\r\n                <\/div>\r\n\r\n                <p class=\"nab-form-area-integritypolicy is-small\">\r\n                    Genom att kontakta NAB kommer dina personuppgifter behandlas enligt NAB:s <a href=\"\/se\/om-nab-solutions\/integritetspolicy\">integritetspolicy<\/a>.                <\/p>\r\n\r\n                            <\/form>\r\n        <\/div>\r\n    <\/div>\r\n<\/section>","protected":false},"excerpt":{"rendered":"","protected":false},"author":4,"featured_media":0,"parent":4694,"menu_order":0,"comment_status":"closed","ping_status":"closed","template":"","meta":{"_acf_changed":false,"inline_featured_image":false,"footnotes":""},"tags":[],"folder":[224],"class_list":["post-5794","page","type-page","status-publish","hentry"],"acf":[],"yoast_head":"<!-- This site is optimized with the Yoast SEO plugin v27.3 - https:\/\/yoast.com\/product\/yoast-seo-wordpress\/ -->\n<title>Integritetspolicy - NAB Solutions AB<\/title>\n<meta name=\"description\" content=\"H\u00e4r hittar du v\u00e5r Integritetspolicy f\u00f6r NAB Solutions webbplats\" \/>\n<meta name=\"robots\" content=\"noindex, nofollow\" \/>\n<meta property=\"og:locale\" content=\"sv_SE\" \/>\n<meta property=\"og:type\" content=\"article\" \/>\n<meta property=\"og:title\" content=\"Integritetspolicy - NAB Solutions AB\" \/>\n<meta property=\"og:description\" content=\"H\u00e4r hittar du v\u00e5r Integritetspolicy f\u00f6r NAB Solutions webbplats\" \/>\n<meta property=\"og:url\" content=\"https:\/\/nabsolutions.com\/se\/om-nab-solutions\/integritetspolicy\/\" \/>\n<meta property=\"og:site_name\" content=\"NAB SVERIGE\" \/>\n<meta property=\"article:modified_time\" content=\"2026-03-17T08:39:34+00:00\" \/>\n<meta name=\"twitter:card\" content=\"summary_large_image\" \/>\n<script type=\"application\/ld+json\" class=\"yoast-schema-graph\">{\"@context\":\"https:\\\/\\\/schema.org\",\"@graph\":[{\"@type\":\"WebPage\",\"@id\":\"https:\\\/\\\/nabsolutions.com\\\/se\\\/om-nab-solutions\\\/integritetspolicy\\\/\",\"url\":\"https:\\\/\\\/nabsolutions.com\\\/se\\\/om-nab-solutions\\\/integritetspolicy\\\/\",\"name\":\"Integritetspolicy - NAB Solutions AB\",\"isPartOf\":{\"@id\":\"https:\\\/\\\/nabsolutions.com\\\/se\\\/#website\"},\"datePublished\":\"2026-03-10T13:02:32+00:00\",\"dateModified\":\"2026-03-17T08:39:34+00:00\",\"description\":\"H\u00e4r hittar du v\u00e5r Integritetspolicy f\u00f6r NAB Solutions webbplats\",\"breadcrumb\":{\"@id\":\"https:\\\/\\\/nabsolutions.com\\\/se\\\/om-nab-solutions\\\/integritetspolicy\\\/#breadcrumb\"},\"inLanguage\":\"sv-SE\",\"potentialAction\":[{\"@type\":\"ReadAction\",\"target\":[\"https:\\\/\\\/nabsolutions.com\\\/se\\\/om-nab-solutions\\\/integritetspolicy\\\/\"]}]},{\"@type\":\"BreadcrumbList\",\"@id\":\"https:\\\/\\\/nabsolutions.com\\\/se\\\/om-nab-solutions\\\/integritetspolicy\\\/#breadcrumb\",\"itemListElement\":[{\"@type\":\"ListItem\",\"position\":1,\"name\":\"Home\",\"item\":\"https:\\\/\\\/nabsolutions.com\\\/se\\\/\"},{\"@type\":\"ListItem\",\"position\":2,\"name\":\"Om NAB Solutions\",\"item\":\"https:\\\/\\\/nabsolutions.com\\\/se\\\/om-nab-solutions\\\/\"},{\"@type\":\"ListItem\",\"position\":3,\"name\":\"Integritetspolicy\"}]},{\"@type\":\"WebSite\",\"@id\":\"https:\\\/\\\/nabsolutions.com\\\/se\\\/#website\",\"url\":\"https:\\\/\\\/nabsolutions.com\\\/se\\\/\",\"name\":\"NAB Solutions AB\",\"description\":\"\",\"publisher\":{\"@id\":\"https:\\\/\\\/nabsolutions.com\\\/se\\\/#organization\"},\"alternateName\":\"NAB\",\"potentialAction\":[{\"@type\":\"SearchAction\",\"target\":{\"@type\":\"EntryPoint\",\"urlTemplate\":\"https:\\\/\\\/nabsolutions.com\\\/se\\\/?s={search_term_string}\"},\"query-input\":{\"@type\":\"PropertyValueSpecification\",\"valueRequired\":true,\"valueName\":\"search_term_string\"}}],\"inLanguage\":\"sv-SE\"},{\"@type\":\"Organization\",\"@id\":\"https:\\\/\\\/nabsolutions.com\\\/se\\\/#organization\",\"name\":\"NAB Solutions\",\"alternateName\":\"NAB\",\"url\":\"https:\\\/\\\/nabsolutions.com\\\/se\\\/\",\"logo\":{\"@type\":\"ImageObject\",\"inLanguage\":\"sv-SE\",\"@id\":\"https:\\\/\\\/nabsolutions.com\\\/se\\\/#\\\/schema\\\/logo\\\/image\\\/\",\"url\":\"https:\\\/\\\/nabsolutions.com\\\/se\\\/wp-content\\\/uploads\\\/sites\\\/2\\\/2025\\\/10\\\/nab-logo.svg\",\"contentUrl\":\"https:\\\/\\\/nabsolutions.com\\\/se\\\/wp-content\\\/uploads\\\/sites\\\/2\\\/2025\\\/10\\\/nab-logo.svg\",\"width\":191,\"height\":53,\"caption\":\"NAB Solutions\"},\"image\":{\"@id\":\"https:\\\/\\\/nabsolutions.com\\\/se\\\/#\\\/schema\\\/logo\\\/image\\\/\"}}]}<\/script>\n<!-- \/ Yoast SEO plugin. -->","yoast_head_json":{"title":"Integritetspolicy - NAB Solutions AB","description":"H\u00e4r hittar du v\u00e5r Integritetspolicy f\u00f6r NAB Solutions webbplats","robots":{"index":"noindex","follow":"nofollow"},"og_locale":"sv_SE","og_type":"article","og_title":"Integritetspolicy - NAB Solutions AB","og_description":"H\u00e4r hittar du v\u00e5r Integritetspolicy f\u00f6r NAB Solutions webbplats","og_url":"https:\/\/nabsolutions.com\/se\/om-nab-solutions\/integritetspolicy\/","og_site_name":"NAB SVERIGE","article_modified_time":"2026-03-17T08:39:34+00:00","twitter_card":"summary_large_image","schema":{"@context":"https:\/\/schema.org","@graph":[{"@type":"WebPage","@id":"https:\/\/nabsolutions.com\/se\/om-nab-solutions\/integritetspolicy\/","url":"https:\/\/nabsolutions.com\/se\/om-nab-solutions\/integritetspolicy\/","name":"Integritetspolicy - NAB Solutions AB","isPartOf":{"@id":"https:\/\/nabsolutions.com\/se\/#website"},"datePublished":"2026-03-10T13:02:32+00:00","dateModified":"2026-03-17T08:39:34+00:00","description":"H\u00e4r hittar du v\u00e5r Integritetspolicy f\u00f6r NAB Solutions webbplats","breadcrumb":{"@id":"https:\/\/nabsolutions.com\/se\/om-nab-solutions\/integritetspolicy\/#breadcrumb"},"inLanguage":"sv-SE","potentialAction":[{"@type":"ReadAction","target":["https:\/\/nabsolutions.com\/se\/om-nab-solutions\/integritetspolicy\/"]}]},{"@type":"BreadcrumbList","@id":"https:\/\/nabsolutions.com\/se\/om-nab-solutions\/integritetspolicy\/#breadcrumb","itemListElement":[{"@type":"ListItem","position":1,"name":"Home","item":"https:\/\/nabsolutions.com\/se\/"},{"@type":"ListItem","position":2,"name":"Om NAB Solutions","item":"https:\/\/nabsolutions.com\/se\/om-nab-solutions\/"},{"@type":"ListItem","position":3,"name":"Integritetspolicy"}]},{"@type":"WebSite","@id":"https:\/\/nabsolutions.com\/se\/#website","url":"https:\/\/nabsolutions.com\/se\/","name":"NAB Solutions AB","description":"","publisher":{"@id":"https:\/\/nabsolutions.com\/se\/#organization"},"alternateName":"NAB","potentialAction":[{"@type":"SearchAction","target":{"@type":"EntryPoint","urlTemplate":"https:\/\/nabsolutions.com\/se\/?s={search_term_string}"},"query-input":{"@type":"PropertyValueSpecification","valueRequired":true,"valueName":"search_term_string"}}],"inLanguage":"sv-SE"},{"@type":"Organization","@id":"https:\/\/nabsolutions.com\/se\/#organization","name":"NAB Solutions","alternateName":"NAB","url":"https:\/\/nabsolutions.com\/se\/","logo":{"@type":"ImageObject","inLanguage":"sv-SE","@id":"https:\/\/nabsolutions.com\/se\/#\/schema\/logo\/image\/","url":"https:\/\/nabsolutions.com\/se\/wp-content\/uploads\/sites\/2\/2025\/10\/nab-logo.svg","contentUrl":"https:\/\/nabsolutions.com\/se\/wp-content\/uploads\/sites\/2\/2025\/10\/nab-logo.svg","width":191,"height":53,"caption":"NAB Solutions"},"image":{"@id":"https:\/\/nabsolutions.com\/se\/#\/schema\/logo\/image\/"}}]}},"_links":{"self":[{"href":"https:\/\/nabsolutions.com\/se\/wp-json\/wp\/v2\/pages\/5794","targetHints":{"allow":["GET"]}}],"collection":[{"href":"https:\/\/nabsolutions.com\/se\/wp-json\/wp\/v2\/pages"}],"about":[{"href":"https:\/\/nabsolutions.com\/se\/wp-json\/wp\/v2\/types\/page"}],"author":[{"embeddable":true,"href":"https:\/\/nabsolutions.com\/se\/wp-json\/wp\/v2\/users\/4"}],"replies":[{"embeddable":true,"href":"https:\/\/nabsolutions.com\/se\/wp-json\/wp\/v2\/comments?post=5794"}],"version-history":[{"count":2,"href":"https:\/\/nabsolutions.com\/se\/wp-json\/wp\/v2\/pages\/5794\/revisions"}],"predecessor-version":[{"id":6264,"href":"https:\/\/nabsolutions.com\/se\/wp-json\/wp\/v2\/pages\/5794\/revisions\/6264"}],"up":[{"embeddable":true,"href":"https:\/\/nabsolutions.com\/se\/wp-json\/wp\/v2\/pages\/4694"}],"wp:attachment":[{"href":"https:\/\/nabsolutions.com\/se\/wp-json\/wp\/v2\/media?parent=5794"}],"wp:term":[{"taxonomy":"post_tag","embeddable":true,"href":"https:\/\/nabsolutions.com\/se\/wp-json\/wp\/v2\/tags?post=5794"},{"taxonomy":"folder","embeddable":true,"href":"https:\/\/nabsolutions.com\/se\/wp-json\/wp\/v2\/folder?post=5794"}],"curies":[{"name":"wp","href":"https:\/\/api.w.org\/{rel}","templated":true}]}}