{"id":6154,"date":"2026-03-16T08:17:55","date_gmt":"2026-03-16T07:17:55","guid":{"rendered":"https:\/\/nabsolutions.com\/se\/?page_id=6154"},"modified":"2026-03-16T08:17:55","modified_gmt":"2026-03-16T07:17:55","slug":"prenumerera-pa-vart-nyhetsbrev","status":"publish","type":"page","link":"https:\/\/nabsolutions.com\/se\/om-nab-solutions\/prenumerera-pa-vart-nyhetsbrev\/","title":{"rendered":"Prenumerera p\u00e5 v\u00e5rt nyhetsbrev"},"content":{"rendered":"\r\n<section class=\"nab-form-island\">\r\n    <div class=\"nab-form-island-inner\">\r\n        <div class=\"nab-form-island-items\">\r\n            <header class=\"nab-form-island-header\">\r\n                  \r\n                    <h2 class=\"nab-form-island-header-title\">\r\n                        Ligg steget f\u00f6re med NAB \u2013 Anm\u00e4l dig till v\u00e5rt nyhetsbrev                    <\/h2>\r\n                    \r\n                                    <p class=\"nab-form-island-header-text is-ingress\">\r\n                        F\u00e5 insikter, best practice och uppdateringar om Microsoft\u2011l\u00f6sningar, AI och digital transformation \u2013 direkt i din inkorg.\r\n  \r\n                    <\/p>\r\n                            <\/header>\r\n    \r\n            <div class=\"nab-form-island-form\">\r\n                <div class=\"nab-form has-no-side-padding\">\r\n                    <div class=\"nab-form-inner has-lesser-padding\">\r\n                                                    <header class=\"nab-form-header\">\r\n                                <h4 class=\"nab-form-header-title is-bold\">\r\n                                                                            Anm\u00e4l dig                                                                    <\/h4>\r\n                                <p class=\"nab-form-header-text is-lead\">\r\n                                                                            H\u00e5ll dig uppdaterad med v\u00e5rt nyhetsbrev\r\n                                                                    <\/p>\r\n                            <\/header>\r\n                                                \r\n                        <header class=\"nab-form-header is-success is-hidden\">\r\n                            <h4 class=\"nab-form-header-title is-bold\">\r\n                                                            <\/h4>\r\n                            <p class=\"nab-form-header-text is-large has-more-margin-bottom\">\r\n                                                            <\/p>\r\n\r\n                                                    <\/header>\r\n        \r\n                        <div class=\"nab-form-form-wrapper\">\r\n                            \r\n                                                            <form\r\n                                    action=\"\/wp-json\/nab\/v1\/newsletter\"\r\n                                    class=\"nab-newsletter-popup-form nab-form-area\"\r\n                                    id=\"nab-form-area\"\r\n                                    data-type=\"newsletter\"\r\n                                >\r\n                                    <div class=\"nab-form-area-item is-botcheck\">\r\n                                        <input type=\"tel\" class=\"nab-form-area-input is-botcheck\">\r\n                                    <\/div>\r\n\r\n                                    <div class=\"nab-form-area-item\">\r\n                                        <label for=\"nab-form-name\" class=\"nab-form-area-label\">\r\n                                            Namn*                                        <\/label>\r\n                                        <input type=\"text\" class=\"nab-form-area-input is-required\" id=\"nab-form-name\">\r\n                                        <p class=\"nab-form-area-error\">\r\n                                            Var v\u00e4nlig och fyll i ditt namn.                                        <\/p>\r\n                                    <\/div>\r\n\r\n                                    <div class=\"nab-form-area-item\">\r\n                                        <label for=\"nab-form-email\" class=\"nab-form-area-label\">\r\n                                            E-post*                                        <\/label>\r\n                                        <input type=\"email\" class=\"nab-form-area-input is-required\" id=\"nab-form-email\">\r\n                                        <p class=\"nab-form-area-error\">\r\n                                            Var v\u00e4nlig och fyll i din e-post.                                        <\/p>\r\n                                    <\/div>\r\n\r\n                                    <div class=\"nab-form-area-item\">\r\n                                        <button class=\"nab-form-area-submit nab-button is-primary is-full\">\r\n                                            Skicka                                        <\/button>\r\n                                        <img decoding=\"async\" src=\"https:\/\/nabsolutions.com\/se\/wp-content\/themes\/nab-solutions-public\/assets\/static\/images\/oval.svg\" alt=\"\" class=\"nab-form-area-submit-icon\">\r\n                                    <\/div>\r\n\r\n                                    <p class=\"nab-form-area-integritypolicy is-small\">\r\n                                        Genom att kontakta NAB kommer dina personuppgifter behandlas enligt NAB:s <a href=\"\/se\/om-nab-solutions\/integritetspolicy\">integritetspolicy<\/a>.                                    <\/p>\r\n                                <\/form>\r\n                            \r\n                                                    <\/div>\r\n                    <\/div>\r\n                <\/div>\r\n            <\/div>\r\n        <\/div>\r\n    <\/div>\r\n<\/section>\r\n\r\n\n\n\n<section class=\"nab-text-island  \" id=\"\">\n    <div class=\"nab-text-island-inner \">\n        <header class=\"nab-text-island-header\">\n            \n                    <\/header>\n    <\/div>\n<\/section>\n\n\r\n\r\n    <section class=\"nab-articles-list   is-none\" id=\"\">\r\n        <div class=\"nab-articles-list-inner\">\r\n            <header class=\"nab-articles-list-header\">\r\n                <h2 class=\"nab-articles-list-header-title\">\r\n                    V\u00e5ra senaste artiklar                <\/h2>\r\n            <\/header>\r\n\r\n                        \r\n            <div class=\"nab-articles-list-items\">\r\n                <a href=\"https:\/\/nabsolutions.com\/se\/crm\/crm-sa-skapar-du-struktur-kontroll-och-tillvaxt-med-microsoft-dynamics-crm\/\" class=\"nab-articles-list-item has-even-more-margin-bottom\" aria-label=\"CRM \u2013 s\u00e5 skapar du struktur, kontroll och tillv\u00e4xt med Microsoft Dynamics CRM\">\r\n    <header class=\"nab-articles-list-item-header\">\r\n        <div class=\"nab-articles-list-item-header-image has-lesser-margin-bottom\">\r\n                            <img decoding=\"async\" \r\n                    class=\"nab-articles-list-item-header-image-figure lazyload\" \r\n                    data-src=\"https:\/\/nabsolutions.com\/se\/wp-content\/uploads\/sites\/2\/2026\/04\/2c160087-5294-4d2f-9ef2-b61741c04614.png\" \r\n                    alt=\"\"\r\n                 src=\"data:image\/svg+xml;base64,PHN2ZyB3aWR0aD0iMSIgaGVpZ2h0PSIxIiB4bWxucz0iaHR0cDovL3d3dy53My5vcmcvMjAwMC9zdmciPjwvc3ZnPg==\" style=\"--smush-placeholder-width: 1344px; --smush-placeholder-aspect-ratio: 1344\/752;\">\r\n                        <div class=\"content-overlay\"><\/div>\r\n        <\/div>\r\n\r\n        \r\n        <h4 class=\"nab-articles-list-item-header-title has-even-less-margin-bottom is-bold\">\r\n            CRM \u2013 s\u00e5 skapar du struktur, kontroll och tillv\u00e4xt med Microsoft Dynamics CRM            <span class=\"content-overlay button-border\"><\/span>\r\n        <\/h4>\r\n\r\n        \r\n\r\n                    <p class=\"nab-articles-list-item-header-excerpt\">\r\n                Dynamics 365 CRM erbjuder en kraftfull l\u00f6sning f\u00f6r att hantera aff\u00e4rsrelationer och effektivisera processer inom f\u00f6rs\u00e4ljning, marknadsf\u00f6ring och kundservice.            <\/p>\r\n        \r\n    <\/header>\r\n    \r\n            <p class=\"nab-articles-list-item-header-button nab-button is-secondary\">\r\n            L\u00e4s mer        <\/p>\r\n    <\/a>                    \r\n                <a href=\"https:\/\/nabsolutions.com\/se\/erp\/basta-erp-for-banker-2026-sa-valjer-du-ratt-affarssystem-i-en-reglerad-miljo\/\" class=\"nab-articles-list-item has-even-more-margin-bottom\" aria-label=\"B\u00e4sta ERP f\u00f6r banker 2026 \u2013 s\u00e5 v\u00e4ljer du r\u00e4tt aff\u00e4rssystem i en reglerad milj\u00f6\">\r\n    <header class=\"nab-articles-list-item-header\">\r\n        <div class=\"nab-articles-list-item-header-image has-lesser-margin-bottom\">\r\n                            <img decoding=\"async\" \r\n                    class=\"nab-articles-list-item-header-image-figure lazyload\" \r\n                    data-src=\"https:\/\/nabsolutions.com\/se\/wp-content\/uploads\/sites\/2\/2025\/02\/Sa-sakerstaller-Business-Central-regelefterlevnad-for-banker-.webp\" \r\n                    alt=\"\"\r\n                 src=\"data:image\/svg+xml;base64,PHN2ZyB3aWR0aD0iMSIgaGVpZ2h0PSIxIiB4bWxucz0iaHR0cDovL3d3dy53My5vcmcvMjAwMC9zdmciPjwvc3ZnPg==\" style=\"--smush-placeholder-width: 1920px; --smush-placeholder-aspect-ratio: 1920\/1080;\">\r\n                        <div class=\"content-overlay\"><\/div>\r\n        <\/div>\r\n\r\n        \r\n        <h4 class=\"nab-articles-list-item-header-title has-even-less-margin-bottom is-bold\">\r\n            B\u00e4sta ERP f\u00f6r banker 2026 \u2013 s\u00e5 v\u00e4ljer du r\u00e4tt aff\u00e4rssystem i en reglerad milj\u00f6            <span class=\"content-overlay button-border\"><\/span>\r\n        <\/h4>\r\n\r\n        \r\n\r\n                    <p class=\"nab-articles-list-item-header-excerpt\">\r\n                Viktigaste insikterna Introduktion: Varf\u00f6r ERP-valet \u00e4r kritiskt f\u00f6r banker 2026 Banksektorn 2026 pr\u00e4glas av h\u00e5rdare reglering, \u00f6kade kundf\u00f6rv\u00e4ntningar p\u00e5 digitala&hellip;            <\/p>\r\n        \r\n    <\/header>\r\n    \r\n            <p class=\"nab-articles-list-item-header-button nab-button is-secondary\">\r\n            L\u00e4s mer        <\/p>\r\n    <\/a>                    \r\n                <a href=\"https:\/\/nabsolutions.com\/se\/crm\/vilka-kunder-ar-egentligen-varda-mest\/\" class=\"nab-articles-list-item has-even-more-margin-bottom\" aria-label=\"Vilka kunder \u00e4r egentligen v\u00e4rda mest?\">\r\n    <header class=\"nab-articles-list-item-header\">\r\n        <div class=\"nab-articles-list-item-header-image has-lesser-margin-bottom\">\r\n                            <img decoding=\"async\" \r\n                    class=\"nab-articles-list-item-header-image-figure lazyload\" \r\n                    data-src=\"https:\/\/nabsolutions.com\/se\/wp-content\/uploads\/sites\/2\/2026\/02\/Affarssystem-for-uthyrning-\u2013-darfor-valjer-manga-NAB-som-partner.webp\" \r\n                    alt=\"\"\r\n                 src=\"data:image\/svg+xml;base64,PHN2ZyB3aWR0aD0iMSIgaGVpZ2h0PSIxIiB4bWxucz0iaHR0cDovL3d3dy53My5vcmcvMjAwMC9zdmciPjwvc3ZnPg==\" style=\"--smush-placeholder-width: 1280px; --smush-placeholder-aspect-ratio: 1280\/720;\">\r\n                        <div class=\"content-overlay\"><\/div>\r\n        <\/div>\r\n\r\n        \r\n        <h4 class=\"nab-articles-list-item-header-title has-even-less-margin-bottom is-bold\">\r\n            Vilka kunder \u00e4r egentligen v\u00e4rda mest?            <span class=\"content-overlay button-border\"><\/span>\r\n        <\/h4>\r\n\r\n        \r\n\r\n                    <p class=\"nab-articles-list-item-header-excerpt\">\r\n                Alla kunder \u00e4r inte lika v\u00e4rdefulla \u2014 men i m\u00e5nga f\u00f6retag behandlas de \u00e4nd\u00e5 som om de vore det. Resultatet&hellip;            <\/p>\r\n        \r\n    <\/header>\r\n    \r\n            <p class=\"nab-articles-list-item-header-button nab-button is-secondary\">\r\n            L\u00e4s mer        <\/p>\r\n    <\/a>                    \r\n                            <\/div>\r\n                    <\/div>\r\n    <\/section>\r\n","protected":false},"excerpt":{"rendered":"","protected":false},"author":4,"featured_media":6001,"parent":4694,"menu_order":0,"comment_status":"closed","ping_status":"closed","template":"","meta":{"_acf_changed":false,"inline_featured_image":false,"footnotes":""},"tags":[],"folder":[69],"class_list":["post-6154","page","type-page","status-publish","has-post-thumbnail","hentry"],"acf":[],"yoast_head":"<!-- This site is optimized with the Yoast SEO plugin v27.3 - https:\/\/yoast.com\/product\/yoast-seo-wordpress\/ -->\n<title>Prenumerera p\u00e5 nyheter om ERP, CRM, AI och DYN365<\/title>\n<meta name=\"description\" content=\"Anm\u00e4l dig till v\u00e5rt nyhetsbrev f\u00f6r att prenumerera p\u00e5 nyheter om ERP, CRM, AI, Dynamics 365 och Microsoft 365\" \/>\n<meta name=\"robots\" content=\"index, follow, max-snippet:-1, max-image-preview:large, max-video-preview:-1\" \/>\n<link rel=\"canonical\" href=\"https:\/\/nabsolutions.com\/se\/om-nab-solutions\/prenumerera-pa-vart-nyhetsbrev\/\" \/>\n<meta property=\"og:locale\" content=\"sv_SE\" \/>\n<meta property=\"og:type\" content=\"article\" \/>\n<meta property=\"og:title\" content=\"Prenumerera p\u00e5 nyheter om ERP, CRM, AI och DYN365\" \/>\n<meta property=\"og:description\" content=\"Anm\u00e4l dig till v\u00e5rt nyhetsbrev f\u00f6r att prenumerera p\u00e5 nyheter om ERP, CRM, AI, Dynamics 365 och Microsoft 365\" \/>\n<meta property=\"og:url\" content=\"https:\/\/nabsolutions.com\/se\/om-nab-solutions\/prenumerera-pa-vart-nyhetsbrev\/\" \/>\n<meta property=\"og:site_name\" content=\"NAB SVERIGE\" \/>\n<meta property=\"og:image\" content=\"https:\/\/nabsolutions.com\/se\/wp-content\/uploads\/sites\/2\/2026\/03\/cropped-nab_symbol_solutions.webp\" \/>\n\t<meta property=\"og:image:width\" content=\"512\" \/>\n\t<meta property=\"og:image:height\" content=\"512\" \/>\n\t<meta property=\"og:image:type\" content=\"image\/webp\" \/>\n<meta name=\"twitter:card\" content=\"summary_large_image\" \/>\n<meta name=\"twitter:label1\" content=\"Ber\u00e4knad l\u00e4stid\" \/>\n\t<meta name=\"twitter:data1\" content=\"1 minut\" \/>\n<script type=\"application\/ld+json\" class=\"yoast-schema-graph\">{\"@context\":\"https:\\\/\\\/schema.org\",\"@graph\":[{\"@type\":\"WebPage\",\"@id\":\"https:\\\/\\\/nabsolutions.com\\\/se\\\/om-nab-solutions\\\/prenumerera-pa-vart-nyhetsbrev\\\/\",\"url\":\"https:\\\/\\\/nabsolutions.com\\\/se\\\/om-nab-solutions\\\/prenumerera-pa-vart-nyhetsbrev\\\/\",\"name\":\"Prenumerera p\u00e5 nyheter om ERP, CRM, AI och DYN365\",\"isPartOf\":{\"@id\":\"https:\\\/\\\/nabsolutions.com\\\/se\\\/#website\"},\"primaryImageOfPage\":{\"@id\":\"https:\\\/\\\/nabsolutions.com\\\/se\\\/om-nab-solutions\\\/prenumerera-pa-vart-nyhetsbrev\\\/#primaryimage\"},\"image\":{\"@id\":\"https:\\\/\\\/nabsolutions.com\\\/se\\\/om-nab-solutions\\\/prenumerera-pa-vart-nyhetsbrev\\\/#primaryimage\"},\"thumbnailUrl\":\"https:\\\/\\\/nabsolutions.com\\\/se\\\/wp-content\\\/uploads\\\/sites\\\/2\\\/2026\\\/03\\\/cropped-nab_symbol_solutions.webp\",\"datePublished\":\"2026-03-16T07:17:55+00:00\",\"description\":\"Anm\u00e4l dig till v\u00e5rt nyhetsbrev f\u00f6r att prenumerera p\u00e5 nyheter om ERP, CRM, AI, Dynamics 365 och Microsoft 365\",\"breadcrumb\":{\"@id\":\"https:\\\/\\\/nabsolutions.com\\\/se\\\/om-nab-solutions\\\/prenumerera-pa-vart-nyhetsbrev\\\/#breadcrumb\"},\"inLanguage\":\"sv-SE\",\"potentialAction\":[{\"@type\":\"ReadAction\",\"target\":[\"https:\\\/\\\/nabsolutions.com\\\/se\\\/om-nab-solutions\\\/prenumerera-pa-vart-nyhetsbrev\\\/\"]}]},{\"@type\":\"ImageObject\",\"inLanguage\":\"sv-SE\",\"@id\":\"https:\\\/\\\/nabsolutions.com\\\/se\\\/om-nab-solutions\\\/prenumerera-pa-vart-nyhetsbrev\\\/#primaryimage\",\"url\":\"https:\\\/\\\/nabsolutions.com\\\/se\\\/wp-content\\\/uploads\\\/sites\\\/2\\\/2026\\\/03\\\/cropped-nab_symbol_solutions.webp\",\"contentUrl\":\"https:\\\/\\\/nabsolutions.com\\\/se\\\/wp-content\\\/uploads\\\/sites\\\/2\\\/2026\\\/03\\\/cropped-nab_symbol_solutions.webp\",\"width\":512,\"height\":512,\"caption\":\"NAB Solutions Logo Symbol\"},{\"@type\":\"BreadcrumbList\",\"@id\":\"https:\\\/\\\/nabsolutions.com\\\/se\\\/om-nab-solutions\\\/prenumerera-pa-vart-nyhetsbrev\\\/#breadcrumb\",\"itemListElement\":[{\"@type\":\"ListItem\",\"position\":1,\"name\":\"Home\",\"item\":\"https:\\\/\\\/nabsolutions.com\\\/se\\\/\"},{\"@type\":\"ListItem\",\"position\":2,\"name\":\"Om NAB Solutions\",\"item\":\"https:\\\/\\\/nabsolutions.com\\\/se\\\/om-nab-solutions\\\/\"},{\"@type\":\"ListItem\",\"position\":3,\"name\":\"Prenumerera p\u00e5 v\u00e5rt nyhetsbrev\"}]},{\"@type\":\"WebSite\",\"@id\":\"https:\\\/\\\/nabsolutions.com\\\/se\\\/#website\",\"url\":\"https:\\\/\\\/nabsolutions.com\\\/se\\\/\",\"name\":\"NAB Solutions AB\",\"description\":\"\",\"publisher\":{\"@id\":\"https:\\\/\\\/nabsolutions.com\\\/se\\\/#organization\"},\"alternateName\":\"NAB\",\"potentialAction\":[{\"@type\":\"SearchAction\",\"target\":{\"@type\":\"EntryPoint\",\"urlTemplate\":\"https:\\\/\\\/nabsolutions.com\\\/se\\\/?s={search_term_string}\"},\"query-input\":{\"@type\":\"PropertyValueSpecification\",\"valueRequired\":true,\"valueName\":\"search_term_string\"}}],\"inLanguage\":\"sv-SE\"},{\"@type\":\"Organization\",\"@id\":\"https:\\\/\\\/nabsolutions.com\\\/se\\\/#organization\",\"name\":\"NAB Solutions\",\"alternateName\":\"NAB\",\"url\":\"https:\\\/\\\/nabsolutions.com\\\/se\\\/\",\"logo\":{\"@type\":\"ImageObject\",\"inLanguage\":\"sv-SE\",\"@id\":\"https:\\\/\\\/nabsolutions.com\\\/se\\\/#\\\/schema\\\/logo\\\/image\\\/\",\"url\":\"https:\\\/\\\/nabsolutions.com\\\/se\\\/wp-content\\\/uploads\\\/sites\\\/2\\\/2025\\\/10\\\/nab-logo.svg\",\"contentUrl\":\"https:\\\/\\\/nabsolutions.com\\\/se\\\/wp-content\\\/uploads\\\/sites\\\/2\\\/2025\\\/10\\\/nab-logo.svg\",\"width\":191,\"height\":53,\"caption\":\"NAB Solutions\"},\"image\":{\"@id\":\"https:\\\/\\\/nabsolutions.com\\\/se\\\/#\\\/schema\\\/logo\\\/image\\\/\"}}]}<\/script>\n<!-- \/ Yoast SEO plugin. -->","yoast_head_json":{"title":"Prenumerera p\u00e5 nyheter om ERP, CRM, AI och DYN365","description":"Anm\u00e4l dig till v\u00e5rt nyhetsbrev f\u00f6r att prenumerera p\u00e5 nyheter om ERP, CRM, AI, Dynamics 365 och Microsoft 365","robots":{"index":"index","follow":"follow","max-snippet":"max-snippet:-1","max-image-preview":"max-image-preview:large","max-video-preview":"max-video-preview:-1"},"canonical":"https:\/\/nabsolutions.com\/se\/om-nab-solutions\/prenumerera-pa-vart-nyhetsbrev\/","og_locale":"sv_SE","og_type":"article","og_title":"Prenumerera p\u00e5 nyheter om ERP, CRM, AI och DYN365","og_description":"Anm\u00e4l dig till v\u00e5rt nyhetsbrev f\u00f6r att prenumerera p\u00e5 nyheter om ERP, CRM, AI, Dynamics 365 och Microsoft 365","og_url":"https:\/\/nabsolutions.com\/se\/om-nab-solutions\/prenumerera-pa-vart-nyhetsbrev\/","og_site_name":"NAB SVERIGE","og_image":[{"width":512,"height":512,"url":"https:\/\/nabsolutions.com\/se\/wp-content\/uploads\/sites\/2\/2026\/03\/cropped-nab_symbol_solutions.webp","type":"image\/webp"}],"twitter_card":"summary_large_image","twitter_misc":{"Ber\u00e4knad l\u00e4stid":"1 minut"},"schema":{"@context":"https:\/\/schema.org","@graph":[{"@type":"WebPage","@id":"https:\/\/nabsolutions.com\/se\/om-nab-solutions\/prenumerera-pa-vart-nyhetsbrev\/","url":"https:\/\/nabsolutions.com\/se\/om-nab-solutions\/prenumerera-pa-vart-nyhetsbrev\/","name":"Prenumerera p\u00e5 nyheter om ERP, CRM, AI och DYN365","isPartOf":{"@id":"https:\/\/nabsolutions.com\/se\/#website"},"primaryImageOfPage":{"@id":"https:\/\/nabsolutions.com\/se\/om-nab-solutions\/prenumerera-pa-vart-nyhetsbrev\/#primaryimage"},"image":{"@id":"https:\/\/nabsolutions.com\/se\/om-nab-solutions\/prenumerera-pa-vart-nyhetsbrev\/#primaryimage"},"thumbnailUrl":"https:\/\/nabsolutions.com\/se\/wp-content\/uploads\/sites\/2\/2026\/03\/cropped-nab_symbol_solutions.webp","datePublished":"2026-03-16T07:17:55+00:00","description":"Anm\u00e4l dig till v\u00e5rt nyhetsbrev f\u00f6r att prenumerera p\u00e5 nyheter om ERP, CRM, AI, Dynamics 365 och Microsoft 365","breadcrumb":{"@id":"https:\/\/nabsolutions.com\/se\/om-nab-solutions\/prenumerera-pa-vart-nyhetsbrev\/#breadcrumb"},"inLanguage":"sv-SE","potentialAction":[{"@type":"ReadAction","target":["https:\/\/nabsolutions.com\/se\/om-nab-solutions\/prenumerera-pa-vart-nyhetsbrev\/"]}]},{"@type":"ImageObject","inLanguage":"sv-SE","@id":"https:\/\/nabsolutions.com\/se\/om-nab-solutions\/prenumerera-pa-vart-nyhetsbrev\/#primaryimage","url":"https:\/\/nabsolutions.com\/se\/wp-content\/uploads\/sites\/2\/2026\/03\/cropped-nab_symbol_solutions.webp","contentUrl":"https:\/\/nabsolutions.com\/se\/wp-content\/uploads\/sites\/2\/2026\/03\/cropped-nab_symbol_solutions.webp","width":512,"height":512,"caption":"NAB Solutions Logo Symbol"},{"@type":"BreadcrumbList","@id":"https:\/\/nabsolutions.com\/se\/om-nab-solutions\/prenumerera-pa-vart-nyhetsbrev\/#breadcrumb","itemListElement":[{"@type":"ListItem","position":1,"name":"Home","item":"https:\/\/nabsolutions.com\/se\/"},{"@type":"ListItem","position":2,"name":"Om NAB Solutions","item":"https:\/\/nabsolutions.com\/se\/om-nab-solutions\/"},{"@type":"ListItem","position":3,"name":"Prenumerera p\u00e5 v\u00e5rt nyhetsbrev"}]},{"@type":"WebSite","@id":"https:\/\/nabsolutions.com\/se\/#website","url":"https:\/\/nabsolutions.com\/se\/","name":"NAB Solutions AB","description":"","publisher":{"@id":"https:\/\/nabsolutions.com\/se\/#organization"},"alternateName":"NAB","potentialAction":[{"@type":"SearchAction","target":{"@type":"EntryPoint","urlTemplate":"https:\/\/nabsolutions.com\/se\/?s={search_term_string}"},"query-input":{"@type":"PropertyValueSpecification","valueRequired":true,"valueName":"search_term_string"}}],"inLanguage":"sv-SE"},{"@type":"Organization","@id":"https:\/\/nabsolutions.com\/se\/#organization","name":"NAB Solutions","alternateName":"NAB","url":"https:\/\/nabsolutions.com\/se\/","logo":{"@type":"ImageObject","inLanguage":"sv-SE","@id":"https:\/\/nabsolutions.com\/se\/#\/schema\/logo\/image\/","url":"https:\/\/nabsolutions.com\/se\/wp-content\/uploads\/sites\/2\/2025\/10\/nab-logo.svg","contentUrl":"https:\/\/nabsolutions.com\/se\/wp-content\/uploads\/sites\/2\/2025\/10\/nab-logo.svg","width":191,"height":53,"caption":"NAB Solutions"},"image":{"@id":"https:\/\/nabsolutions.com\/se\/#\/schema\/logo\/image\/"}}]}},"_links":{"self":[{"href":"https:\/\/nabsolutions.com\/se\/wp-json\/wp\/v2\/pages\/6154","targetHints":{"allow":["GET"]}}],"collection":[{"href":"https:\/\/nabsolutions.com\/se\/wp-json\/wp\/v2\/pages"}],"about":[{"href":"https:\/\/nabsolutions.com\/se\/wp-json\/wp\/v2\/types\/page"}],"author":[{"embeddable":true,"href":"https:\/\/nabsolutions.com\/se\/wp-json\/wp\/v2\/users\/4"}],"replies":[{"embeddable":true,"href":"https:\/\/nabsolutions.com\/se\/wp-json\/wp\/v2\/comments?post=6154"}],"version-history":[{"count":1,"href":"https:\/\/nabsolutions.com\/se\/wp-json\/wp\/v2\/pages\/6154\/revisions"}],"predecessor-version":[{"id":6155,"href":"https:\/\/nabsolutions.com\/se\/wp-json\/wp\/v2\/pages\/6154\/revisions\/6155"}],"up":[{"embeddable":true,"href":"https:\/\/nabsolutions.com\/se\/wp-json\/wp\/v2\/pages\/4694"}],"wp:featuredmedia":[{"embeddable":true,"href":"https:\/\/nabsolutions.com\/se\/wp-json\/wp\/v2\/media\/6001"}],"wp:attachment":[{"href":"https:\/\/nabsolutions.com\/se\/wp-json\/wp\/v2\/media?parent=6154"}],"wp:term":[{"taxonomy":"post_tag","embeddable":true,"href":"https:\/\/nabsolutions.com\/se\/wp-json\/wp\/v2\/tags?post=6154"},{"taxonomy":"folder","embeddable":true,"href":"https:\/\/nabsolutions.com\/se\/wp-json\/wp\/v2\/folder?post=6154"}],"curies":[{"name":"wp","href":"https:\/\/api.w.org\/{rel}","templated":true}]}}