{"id":6192,"date":"2026-03-17T07:52:25","date_gmt":"2026-03-17T06:52:25","guid":{"rendered":"https:\/\/nabsolutions.com\/se\/?page_id=6192"},"modified":"2026-03-17T07:52:25","modified_gmt":"2026-03-17T06:52:25","slug":"webinar-ai-for-kundansvarig","status":"publish","type":"page","link":"https:\/\/nabsolutions.com\/se\/copilot\/webinar-ai-for-kundansvarig\/","title":{"rendered":"Webinar &#8211; AI f\u00f6r Kundansvarig"},"content":{"rendered":"\r\n<div class=\"nab-event-wrapper\">\r\n    <div class=\"nab-event-inner\">\r\n        <div class=\"nab-breadcrumbs\">\r\n            <a href=\"\/se\" class=\"nab-breadcrumbs-link is-regular\">\r\n                Hem                <i class=\"nab-breadcrumbs-link-icon material-symbols-outlined\" aria-label=\"Chevron right\">chevron_right<\/i>\r\n            <\/a>\r\n\r\n                            <a href=\"\/se\/resurser\/webinars-events\/\" class=\"nab-breadcrumbs-link is-regular\" aria-label=\"Webinars &#038; Events\">\r\n                    Webinars &#038; Events\r\n                    <i class=\"nab-breadcrumbs-link-icon material-symbols-outlined\" aria-label=\"Chevron right\">chevron_right<\/i>\r\n                <\/a>\r\n                        <a class=\"nab-breadcrumbs-link is-regular is-current is-desktop\">\r\n                Webinar &#8211; AI f\u00f6r Kundan&#8230;            <\/a>\r\n            <a class=\"nab-breadcrumbs-link is-regular is-current is-mobile\">\r\n                Webinar &#8211; AI f&#8230;            <\/a>\r\n        <\/div>\r\n        <!-- breadcrumbs h\u00e4r  -->\r\n        <div class=\"nab-event-content\">\r\n            <div class=\"nab-event-hero\">\r\n                <p class=\"nab-event-hero-category is-ingress\">\r\n                    Webinar                <\/p>\r\n\r\n                <h1 class=\"nab-news-hero-header-title is-h2\">\r\n                    Webinar &#8211; AI f\u00f6r Kundansvarig                <\/h1>\r\n\r\n                                    <a href=\"https:\/\/nabsolutions.com\/se\/copilot\/\" class=\"nab-news-hero-header-button nab-button is-primary is-grey is-chips\">\r\n                        AI \/ Copilot                    <\/a>\r\n                                \r\n                \r\n                                    <p class=\"nab-event-hero-text is-ingress\">\r\n                        F\u00f6lj med oss genom en hel arbetsdag och uppt\u00e4ck hur Microsoft Copilot f\u00f6renklar vardagen f\u00f6r en kundansvarig. Fr\u00e5n morgonens mailhantering till kv\u00e4llens sammanfattning \u2013 se konkreta exempel p\u00e5 hur Copilot i Outlook, Teams, Sales och Business Central hj\u00e4lper dig att arbeta smartare.                    <\/p>\r\n                            <\/div>\r\n\r\n            <div class=\"nab-article\">\r\n                <div class=\"nab-article-inner\">\r\n                    \r\n                                            <div class=\"nab-article-image\">\r\n                            <img decoding=\"async\" data-src=\"https:\/\/nabsolutions.com\/se\/wp-content\/uploads\/sites\/2\/2026\/02\/Sa-lyckas-ni-med-Copilot-Studio.webp\" alt=\"\" class=\"nab-article-image-figure lazyload\" src=\"data:image\/svg+xml;base64,PHN2ZyB3aWR0aD0iMSIgaGVpZ2h0PSIxIiB4bWxucz0iaHR0cDovL3d3dy53My5vcmcvMjAwMC9zdmciPjwvc3ZnPg==\" style=\"--smush-placeholder-width: 1280px; --smush-placeholder-aspect-ratio: 1280\/720;\">\r\n                        <\/div>\r\n                    \r\n                                    <\/div>\r\n            <\/div>\r\n\r\n            <div class=\"nab-event-timeline\">\r\n                    \r\n                            <\/div>\r\n\r\n                    <\/div>\r\n        \r\n        <div class=\"nab-event-sidemenu\">\r\n            <div class=\"nab-event-sidemenu-inner\">\r\n                <div class=\"nab-event-sidemenu-content\">\r\n                    \r\n                    <div class=\"nab-event-sidemenu-content-info-wrapper \">\r\n                                                    <h4 class=\"nab-event-sidemenu-content-info is-bold\">\r\n                                <i class=\"nab-event-sidemenu-content-info-icon material-symbols-outlined\" style=\"font-variation-settings: 'FILL' 1;\">calendar_today<\/i>\r\n                                31 mars                            <\/h4>\r\n                                                \r\n                                                    <h4 class=\"nab-event-sidemenu-content-info is-bold\">\r\n                                <i class=\"nab-event-sidemenu-content-info-icon material-symbols-outlined\" style=\"font-variation-settings: 'FILL' 1;\">schedule<\/i>\r\n                                14-14:40                            <\/h4>\r\n                                                \r\n                                                    <h4 class=\"nab-event-sidemenu-content-info is-bold\">\r\n                                <i class=\"nab-event-sidemenu-content-info-icon material-symbols-outlined\" style=\"font-variation-settings: 'FILL' 1;\">location_on<\/i>\r\n                                Teams                            <\/h4>\r\n                                                \r\n                                               \r\n                                            <\/div>\r\n\r\n                                                                                                        <a href=\"https:\/\/events.teams.microsoft.com\/event\/a3d2dea4-c071-4974-a597-6962818f0bb5@50a7c9e2-7c47-4d00-b529-60925d16b0e9\" target=\"_blank\" class=\"nab-event-sidemenu-content-button nab-button is-primary is-full\">\r\n                                    Anm\u00e4l dig (\u00f6ppnas i nytt f\u00f6nster)                                <\/a>\r\n                                                                        \r\n                                    <\/div>\r\n            <\/div>\r\n        <\/div>\r\n    <\/div>\r\n<\/div>\r\n\r\n    <section class=\"nab-usp-island has-more-padding-bottom\">\r\n        <div class=\"nab-usp-island-inner\">\r\n            <header class=\"nab-usp-island-header\">\r\n                                    <h2 class=\"nab-usp-island-header-title\">\r\n                        Fler event                    <\/h2>\r\n                            <\/header>\r\n\r\n            \r\n            <div class=\"nab-usp-island-items\">\r\n                                                                                                    <\/div>\r\n        <\/div>\r\n    <\/section>\r\n","protected":false},"excerpt":{"rendered":"<p>F\u00f6lj med oss genom en hel arbetsdag och uppt\u00e4ck hur Microsoft Copilot f\u00f6renklar vardagen f\u00f6r en kundansvarig. Fr\u00e5n morgonens mailhantering till kv\u00e4llens sammanfattning \u2013 se konkreta exempel p\u00e5 hur Copilot i Outlook, Teams, Sales och Business Central hj\u00e4lper dig att arbeta smartare.<\/p>\n","protected":false},"author":4,"featured_media":5445,"parent":17,"menu_order":0,"comment_status":"closed","ping_status":"closed","template":"","meta":{"_acf_changed":false,"inline_featured_image":false,"footnotes":""},"tags":[21],"folder":[170],"class_list":["post-6192","page","type-page","status-publish","has-post-thumbnail","hentry","tag-event"],"acf":[],"yoast_head":"<!-- This site is optimized with the Yoast SEO plugin v27.5 - https:\/\/yoast.com\/product\/yoast-seo-wordpress\/ -->\n<title>Webinar - AI f\u00f6r Kundansvarig med Microsoft Copilot<\/title>\n<meta name=\"description\" content=\"Uppt\u00e4ck hur Microsoft Copilot f\u00f6renklar vardagen f\u00f6r en kundansvarig. Konkreta exempel p\u00e5 hur Copilot i Outlook, Teams och Sales\" \/>\n<meta name=\"robots\" content=\"index, follow, max-snippet:-1, max-image-preview:large, max-video-preview:-1\" \/>\n<link rel=\"canonical\" href=\"https:\/\/nabsolutions.com\/se\/copilot\/webinar-ai-for-kundansvarig\/\" \/>\n<meta property=\"og:locale\" content=\"sv_SE\" \/>\n<meta property=\"og:type\" content=\"article\" \/>\n<meta property=\"og:title\" content=\"Webinar - AI f\u00f6r Kundansvarig med Microsoft Copilot\" \/>\n<meta property=\"og:description\" content=\"Uppt\u00e4ck hur Microsoft Copilot f\u00f6renklar vardagen f\u00f6r en kundansvarig. Konkreta exempel p\u00e5 hur Copilot i Outlook, Teams och Sales\" \/>\n<meta property=\"og:url\" content=\"https:\/\/nabsolutions.com\/se\/copilot\/webinar-ai-for-kundansvarig\/\" \/>\n<meta property=\"og:site_name\" content=\"NAB SVERIGE\" \/>\n<meta property=\"og:image\" content=\"https:\/\/nabsolutions.com\/se\/wp-content\/uploads\/sites\/2\/2026\/02\/Sa-lyckas-ni-med-Copilot-Studio.webp\" \/>\n\t<meta property=\"og:image:width\" content=\"1280\" \/>\n\t<meta property=\"og:image:height\" content=\"720\" \/>\n\t<meta property=\"og:image:type\" content=\"image\/webp\" \/>\n<meta name=\"twitter:card\" content=\"summary_large_image\" \/>\n<meta name=\"twitter:label1\" content=\"Ber\u00e4knad l\u00e4stid\" \/>\n\t<meta name=\"twitter:data1\" content=\"1 minut\" \/>\n<script type=\"application\/ld+json\" class=\"yoast-schema-graph\">{\"@context\":\"https:\\\/\\\/schema.org\",\"@graph\":[{\"@type\":\"WebPage\",\"@id\":\"https:\\\/\\\/nabsolutions.com\\\/se\\\/copilot\\\/webinar-ai-for-kundansvarig\\\/\",\"url\":\"https:\\\/\\\/nabsolutions.com\\\/se\\\/copilot\\\/webinar-ai-for-kundansvarig\\\/\",\"name\":\"Webinar - AI f\u00f6r Kundansvarig med Microsoft Copilot\",\"isPartOf\":{\"@id\":\"https:\\\/\\\/nabsolutions.com\\\/se\\\/#website\"},\"primaryImageOfPage\":{\"@id\":\"https:\\\/\\\/nabsolutions.com\\\/se\\\/copilot\\\/webinar-ai-for-kundansvarig\\\/#primaryimage\"},\"image\":{\"@id\":\"https:\\\/\\\/nabsolutions.com\\\/se\\\/copilot\\\/webinar-ai-for-kundansvarig\\\/#primaryimage\"},\"thumbnailUrl\":\"https:\\\/\\\/nabsolutions.com\\\/se\\\/wp-content\\\/uploads\\\/sites\\\/2\\\/2026\\\/02\\\/Sa-lyckas-ni-med-Copilot-Studio.webp\",\"datePublished\":\"2026-03-17T06:52:25+00:00\",\"description\":\"Uppt\u00e4ck hur Microsoft Copilot f\u00f6renklar vardagen f\u00f6r en kundansvarig. Konkreta exempel p\u00e5 hur Copilot i Outlook, Teams och Sales\",\"breadcrumb\":{\"@id\":\"https:\\\/\\\/nabsolutions.com\\\/se\\\/copilot\\\/webinar-ai-for-kundansvarig\\\/#breadcrumb\"},\"inLanguage\":\"sv-SE\",\"potentialAction\":[{\"@type\":\"ReadAction\",\"target\":[\"https:\\\/\\\/nabsolutions.com\\\/se\\\/copilot\\\/webinar-ai-for-kundansvarig\\\/\"]}]},{\"@type\":\"ImageObject\",\"inLanguage\":\"sv-SE\",\"@id\":\"https:\\\/\\\/nabsolutions.com\\\/se\\\/copilot\\\/webinar-ai-for-kundansvarig\\\/#primaryimage\",\"url\":\"https:\\\/\\\/nabsolutions.com\\\/se\\\/wp-content\\\/uploads\\\/sites\\\/2\\\/2026\\\/02\\\/Sa-lyckas-ni-med-Copilot-Studio.webp\",\"contentUrl\":\"https:\\\/\\\/nabsolutions.com\\\/se\\\/wp-content\\\/uploads\\\/sites\\\/2\\\/2026\\\/02\\\/Sa-lyckas-ni-med-Copilot-Studio.webp\",\"width\":1280,\"height\":720},{\"@type\":\"BreadcrumbList\",\"@id\":\"https:\\\/\\\/nabsolutions.com\\\/se\\\/copilot\\\/webinar-ai-for-kundansvarig\\\/#breadcrumb\",\"itemListElement\":[{\"@type\":\"ListItem\",\"position\":1,\"name\":\"Home\",\"item\":\"https:\\\/\\\/nabsolutions.com\\\/se\\\/\"},{\"@type\":\"ListItem\",\"position\":2,\"name\":\"AI \\\/ Copilot\",\"item\":\"https:\\\/\\\/nabsolutions.com\\\/se\\\/copilot\\\/\"},{\"@type\":\"ListItem\",\"position\":3,\"name\":\"Webinar &#8211; AI f\u00f6r Kundansvarig\"}]},{\"@type\":\"WebSite\",\"@id\":\"https:\\\/\\\/nabsolutions.com\\\/se\\\/#website\",\"url\":\"https:\\\/\\\/nabsolutions.com\\\/se\\\/\",\"name\":\"NAB Solutions AB\",\"description\":\"\",\"publisher\":{\"@id\":\"https:\\\/\\\/nabsolutions.com\\\/se\\\/#organization\"},\"alternateName\":\"NAB\",\"potentialAction\":[{\"@type\":\"SearchAction\",\"target\":{\"@type\":\"EntryPoint\",\"urlTemplate\":\"https:\\\/\\\/nabsolutions.com\\\/se\\\/?s={search_term_string}\"},\"query-input\":{\"@type\":\"PropertyValueSpecification\",\"valueRequired\":true,\"valueName\":\"search_term_string\"}}],\"inLanguage\":\"sv-SE\"},{\"@type\":\"Organization\",\"@id\":\"https:\\\/\\\/nabsolutions.com\\\/se\\\/#organization\",\"name\":\"NAB Solutions\",\"alternateName\":\"NAB\",\"url\":\"https:\\\/\\\/nabsolutions.com\\\/se\\\/\",\"logo\":{\"@type\":\"ImageObject\",\"inLanguage\":\"sv-SE\",\"@id\":\"https:\\\/\\\/nabsolutions.com\\\/se\\\/#\\\/schema\\\/logo\\\/image\\\/\",\"url\":\"https:\\\/\\\/nabsolutions.com\\\/se\\\/wp-content\\\/uploads\\\/sites\\\/2\\\/2025\\\/10\\\/nab-logo.svg\",\"contentUrl\":\"https:\\\/\\\/nabsolutions.com\\\/se\\\/wp-content\\\/uploads\\\/sites\\\/2\\\/2025\\\/10\\\/nab-logo.svg\",\"width\":191,\"height\":53,\"caption\":\"NAB Solutions\"},\"image\":{\"@id\":\"https:\\\/\\\/nabsolutions.com\\\/se\\\/#\\\/schema\\\/logo\\\/image\\\/\"}}]}<\/script>\n<!-- \/ Yoast SEO plugin. -->","yoast_head_json":{"title":"Webinar - AI f\u00f6r Kundansvarig med Microsoft Copilot","description":"Uppt\u00e4ck hur Microsoft Copilot f\u00f6renklar vardagen f\u00f6r en kundansvarig. Konkreta exempel p\u00e5 hur Copilot i Outlook, Teams och Sales","robots":{"index":"index","follow":"follow","max-snippet":"max-snippet:-1","max-image-preview":"max-image-preview:large","max-video-preview":"max-video-preview:-1"},"canonical":"https:\/\/nabsolutions.com\/se\/copilot\/webinar-ai-for-kundansvarig\/","og_locale":"sv_SE","og_type":"article","og_title":"Webinar - AI f\u00f6r Kundansvarig med Microsoft Copilot","og_description":"Uppt\u00e4ck hur Microsoft Copilot f\u00f6renklar vardagen f\u00f6r en kundansvarig. Konkreta exempel p\u00e5 hur Copilot i Outlook, Teams och Sales","og_url":"https:\/\/nabsolutions.com\/se\/copilot\/webinar-ai-for-kundansvarig\/","og_site_name":"NAB SVERIGE","og_image":[{"width":1280,"height":720,"url":"https:\/\/nabsolutions.com\/se\/wp-content\/uploads\/sites\/2\/2026\/02\/Sa-lyckas-ni-med-Copilot-Studio.webp","type":"image\/webp"}],"twitter_card":"summary_large_image","twitter_misc":{"Ber\u00e4knad l\u00e4stid":"1 minut"},"schema":{"@context":"https:\/\/schema.org","@graph":[{"@type":"WebPage","@id":"https:\/\/nabsolutions.com\/se\/copilot\/webinar-ai-for-kundansvarig\/","url":"https:\/\/nabsolutions.com\/se\/copilot\/webinar-ai-for-kundansvarig\/","name":"Webinar - AI f\u00f6r Kundansvarig med Microsoft Copilot","isPartOf":{"@id":"https:\/\/nabsolutions.com\/se\/#website"},"primaryImageOfPage":{"@id":"https:\/\/nabsolutions.com\/se\/copilot\/webinar-ai-for-kundansvarig\/#primaryimage"},"image":{"@id":"https:\/\/nabsolutions.com\/se\/copilot\/webinar-ai-for-kundansvarig\/#primaryimage"},"thumbnailUrl":"https:\/\/nabsolutions.com\/se\/wp-content\/uploads\/sites\/2\/2026\/02\/Sa-lyckas-ni-med-Copilot-Studio.webp","datePublished":"2026-03-17T06:52:25+00:00","description":"Uppt\u00e4ck hur Microsoft Copilot f\u00f6renklar vardagen f\u00f6r en kundansvarig. Konkreta exempel p\u00e5 hur Copilot i Outlook, Teams och Sales","breadcrumb":{"@id":"https:\/\/nabsolutions.com\/se\/copilot\/webinar-ai-for-kundansvarig\/#breadcrumb"},"inLanguage":"sv-SE","potentialAction":[{"@type":"ReadAction","target":["https:\/\/nabsolutions.com\/se\/copilot\/webinar-ai-for-kundansvarig\/"]}]},{"@type":"ImageObject","inLanguage":"sv-SE","@id":"https:\/\/nabsolutions.com\/se\/copilot\/webinar-ai-for-kundansvarig\/#primaryimage","url":"https:\/\/nabsolutions.com\/se\/wp-content\/uploads\/sites\/2\/2026\/02\/Sa-lyckas-ni-med-Copilot-Studio.webp","contentUrl":"https:\/\/nabsolutions.com\/se\/wp-content\/uploads\/sites\/2\/2026\/02\/Sa-lyckas-ni-med-Copilot-Studio.webp","width":1280,"height":720},{"@type":"BreadcrumbList","@id":"https:\/\/nabsolutions.com\/se\/copilot\/webinar-ai-for-kundansvarig\/#breadcrumb","itemListElement":[{"@type":"ListItem","position":1,"name":"Home","item":"https:\/\/nabsolutions.com\/se\/"},{"@type":"ListItem","position":2,"name":"AI \/ Copilot","item":"https:\/\/nabsolutions.com\/se\/copilot\/"},{"@type":"ListItem","position":3,"name":"Webinar &#8211; AI f\u00f6r Kundansvarig"}]},{"@type":"WebSite","@id":"https:\/\/nabsolutions.com\/se\/#website","url":"https:\/\/nabsolutions.com\/se\/","name":"NAB Solutions AB","description":"","publisher":{"@id":"https:\/\/nabsolutions.com\/se\/#organization"},"alternateName":"NAB","potentialAction":[{"@type":"SearchAction","target":{"@type":"EntryPoint","urlTemplate":"https:\/\/nabsolutions.com\/se\/?s={search_term_string}"},"query-input":{"@type":"PropertyValueSpecification","valueRequired":true,"valueName":"search_term_string"}}],"inLanguage":"sv-SE"},{"@type":"Organization","@id":"https:\/\/nabsolutions.com\/se\/#organization","name":"NAB Solutions","alternateName":"NAB","url":"https:\/\/nabsolutions.com\/se\/","logo":{"@type":"ImageObject","inLanguage":"sv-SE","@id":"https:\/\/nabsolutions.com\/se\/#\/schema\/logo\/image\/","url":"https:\/\/nabsolutions.com\/se\/wp-content\/uploads\/sites\/2\/2025\/10\/nab-logo.svg","contentUrl":"https:\/\/nabsolutions.com\/se\/wp-content\/uploads\/sites\/2\/2025\/10\/nab-logo.svg","width":191,"height":53,"caption":"NAB Solutions"},"image":{"@id":"https:\/\/nabsolutions.com\/se\/#\/schema\/logo\/image\/"}}]}},"_links":{"self":[{"href":"https:\/\/nabsolutions.com\/se\/wp-json\/wp\/v2\/pages\/6192","targetHints":{"allow":["GET"]}}],"collection":[{"href":"https:\/\/nabsolutions.com\/se\/wp-json\/wp\/v2\/pages"}],"about":[{"href":"https:\/\/nabsolutions.com\/se\/wp-json\/wp\/v2\/types\/page"}],"author":[{"embeddable":true,"href":"https:\/\/nabsolutions.com\/se\/wp-json\/wp\/v2\/users\/4"}],"replies":[{"embeddable":true,"href":"https:\/\/nabsolutions.com\/se\/wp-json\/wp\/v2\/comments?post=6192"}],"version-history":[{"count":2,"href":"https:\/\/nabsolutions.com\/se\/wp-json\/wp\/v2\/pages\/6192\/revisions"}],"predecessor-version":[{"id":6194,"href":"https:\/\/nabsolutions.com\/se\/wp-json\/wp\/v2\/pages\/6192\/revisions\/6194"}],"up":[{"embeddable":true,"href":"https:\/\/nabsolutions.com\/se\/wp-json\/wp\/v2\/pages\/17"}],"wp:featuredmedia":[{"embeddable":true,"href":"https:\/\/nabsolutions.com\/se\/wp-json\/wp\/v2\/media\/5445"}],"wp:attachment":[{"href":"https:\/\/nabsolutions.com\/se\/wp-json\/wp\/v2\/media?parent=6192"}],"wp:term":[{"taxonomy":"post_tag","embeddable":true,"href":"https:\/\/nabsolutions.com\/se\/wp-json\/wp\/v2\/tags?post=6192"},{"taxonomy":"folder","embeddable":true,"href":"https:\/\/nabsolutions.com\/se\/wp-json\/wp\/v2\/folder?post=6192"}],"curies":[{"name":"wp","href":"https:\/\/api.w.org\/{rel}","templated":true}]}}