{"id":6200,"date":"2026-03-17T08:13:23","date_gmt":"2026-03-17T07:13:23","guid":{"rendered":"https:\/\/nabsolutions.com\/se\/?page_id=6200"},"modified":"2026-03-17T08:13:23","modified_gmt":"2026-03-17T07:13:23","slug":"webinar-vad-ar-nytt-i-crm-wave-1","status":"publish","type":"page","link":"https:\/\/nabsolutions.com\/se\/crm\/webinar-vad-ar-nytt-i-crm-wave-1\/","title":{"rendered":"Webinar \u2013 Vad \u00e4r nytt i CRM \u2013 Wave 1"},"content":{"rendered":"\r\n<div class=\"nab-event-wrapper\">\r\n    <div class=\"nab-event-inner\">\r\n        <div class=\"nab-breadcrumbs\">\r\n            <a href=\"\/se\" class=\"nab-breadcrumbs-link is-regular\">\r\n                Hem                <i class=\"nab-breadcrumbs-link-icon material-symbols-outlined\" aria-label=\"Chevron right\">chevron_right<\/i>\r\n            <\/a>\r\n\r\n                            <a href=\"\/se\/resurser\/webinars-events\/\" class=\"nab-breadcrumbs-link is-regular\" aria-label=\"Webinars &#038; Events\">\r\n                    Webinars &#038; Events\r\n                    <i class=\"nab-breadcrumbs-link-icon material-symbols-outlined\" aria-label=\"Chevron right\">chevron_right<\/i>\r\n                <\/a>\r\n                        <a class=\"nab-breadcrumbs-link is-regular is-current is-desktop\">\r\n                Webinar \u2013 Vad \u00e4r nytt i CRM&#8230;            <\/a>\r\n            <a class=\"nab-breadcrumbs-link is-regular is-current is-mobile\">\r\n                Webinar \u2013 Vad \u00e4r &#8230;            <\/a>\r\n        <\/div>\r\n        <!-- breadcrumbs h\u00e4r  -->\r\n        <div class=\"nab-event-content\">\r\n            <div class=\"nab-event-hero\">\r\n                <p class=\"nab-event-hero-category is-ingress\">\r\n                    Webinar                <\/p>\r\n\r\n                <h1 class=\"nab-news-hero-header-title is-h2\">\r\n                    Webinar \u2013 Vad \u00e4r nytt i CRM \u2013 Wave 1                <\/h1>\r\n\r\n                                    <a href=\"https:\/\/nabsolutions.com\/se\/crm\/\" class=\"nab-news-hero-header-button nab-button is-primary is-grey is-chips\">\r\n                        CRM                    <\/a>\r\n                                \r\n                \r\n                                    <p class=\"nab-event-hero-text is-ingress\">\r\n                        Wave 1 \u00e4r h\u00e4r och med den kommer nya funktioner och f\u00f6rb\u00e4ttringar i Microsoft Dynamics 365 CRM. Uppdateringen p\u00e5verkar hur l\u00f6sningarna anv\u00e4nds i vardagen och hur plattformen forts\u00e4tter att utvecklas fram\u00e5t. Under webinariet lyfter vi utvalda nyheter, s\u00e4tter dem i sitt sammanhang och delar v\u00e5r syn p\u00e5 vad som \u00e4r v\u00e4rt att uppm\u00e4rksamma. Vad kan ge effekt direkt? Vad \u00e4r bra att planera f\u00f6r? Och vad \u00e4r helt enkelt bra att k\u00e4nna till?\n                    <\/p>\r\n                            <\/div>\r\n\r\n            <div class=\"nab-article\">\r\n                <div class=\"nab-article-inner\">\r\n                    \r\n                                            <div class=\"nab-article-image\">\r\n                            <img decoding=\"async\" data-src=\"https:\/\/nabsolutions.com\/se\/wp-content\/uploads\/sites\/2\/2026\/03\/webinar-wave-1.webp\" alt=\"Webinar CRM wave 1\" class=\"nab-article-image-figure lazyload\" src=\"data:image\/svg+xml;base64,PHN2ZyB3aWR0aD0iMSIgaGVpZ2h0PSIxIiB4bWxucz0iaHR0cDovL3d3dy53My5vcmcvMjAwMC9zdmciPjwvc3ZnPg==\" style=\"--smush-placeholder-width: 1920px; --smush-placeholder-aspect-ratio: 1920\/1080;\">\r\n                        <\/div>\r\n                    \r\n                                    <\/div>\r\n            <\/div>\r\n\r\n            <div class=\"nab-event-timeline\">\r\n                    \r\n                            <\/div>\r\n\r\n                    <\/div>\r\n        \r\n        <div class=\"nab-event-sidemenu\">\r\n            <div class=\"nab-event-sidemenu-inner\">\r\n                <div class=\"nab-event-sidemenu-content\">\r\n                    \r\n                    <div class=\"nab-event-sidemenu-content-info-wrapper \">\r\n                                                    <h4 class=\"nab-event-sidemenu-content-info is-bold\">\r\n                                <i class=\"nab-event-sidemenu-content-info-icon material-symbols-outlined\" style=\"font-variation-settings: 'FILL' 1;\">calendar_today<\/i>\r\n                                17 april                            <\/h4>\r\n                                                \r\n                                                    <h4 class=\"nab-event-sidemenu-content-info is-bold\">\r\n                                <i class=\"nab-event-sidemenu-content-info-icon material-symbols-outlined\" style=\"font-variation-settings: 'FILL' 1;\">schedule<\/i>\r\n                                11-11:45                            <\/h4>\r\n                                                \r\n                                                    <h4 class=\"nab-event-sidemenu-content-info is-bold\">\r\n                                <i class=\"nab-event-sidemenu-content-info-icon material-symbols-outlined\" style=\"font-variation-settings: 'FILL' 1;\">location_on<\/i>\r\n                                Teams                            <\/h4>\r\n                                                \r\n                                               \r\n                                            <\/div>\r\n\r\n                                                                                                        <a href=\"https:\/\/events.teams.microsoft.com\/event\/102c2496-2f09-4c31-b559-0895be9310b8@50a7c9e2-7c47-4d00-b529-60925d16b0e9\" target=\"_blank\" class=\"nab-event-sidemenu-content-button nab-button is-primary is-full\">\r\n                                    Anm\u00e4l dig (\u00f6ppnas i nytt f\u00f6nster)                                <\/a>\r\n                                                                        \r\n                                    <\/div>\r\n            <\/div>\r\n        <\/div>\r\n    <\/div>\r\n<\/div>\r\n\r\n    <section class=\"nab-usp-island has-more-padding-bottom\">\r\n        <div class=\"nab-usp-island-inner\">\r\n            <header class=\"nab-usp-island-header\">\r\n                                    <h2 class=\"nab-usp-island-header-title\">\r\n                        Fler event                    <\/h2>\r\n                            <\/header>\r\n\r\n            \r\n            <div class=\"nab-usp-island-items\">\r\n                                                                                                    <\/div>\r\n        <\/div>\r\n    <\/section>\r\n","protected":false},"excerpt":{"rendered":"<p>Wave 1 \u00e4r h\u00e4r och med den kommer nya funktioner och f\u00f6rb\u00e4ttringar i Microsoft Dynamics 365 CRM. Uppdateringen p\u00e5verkar hur l\u00f6sningarna anv\u00e4nds i vardagen och hur plattformen forts\u00e4tter att utvecklas fram\u00e5t. Under webinariet lyfter vi utvalda nyheter, s\u00e4tter dem i sitt sammanhang och delar v\u00e5r syn p\u00e5 vad som \u00e4r v\u00e4rt att uppm\u00e4rksamma. Vad kan ge effekt direkt? Vad \u00e4r bra att planera f\u00f6r? Och vad \u00e4r helt enkelt bra att k\u00e4nna till?<\/p>\n","protected":false},"author":4,"featured_media":6201,"parent":15,"menu_order":0,"comment_status":"closed","ping_status":"closed","template":"","meta":{"_acf_changed":false,"inline_featured_image":false,"footnotes":""},"tags":[21],"folder":[170],"class_list":["post-6200","page","type-page","status-publish","has-post-thumbnail","hentry","tag-event"],"acf":[],"yoast_head":"<!-- This site is optimized with the Yoast SEO plugin v27.3 - https:\/\/yoast.com\/product\/yoast-seo-wordpress\/ -->\n<title>Webinar \u2013 vad \u00e4r nytt i Microsoft Dynamics 365 CRM? Wave 1<\/title>\n<meta name=\"description\" content=\"Wave 1 \u00e4r h\u00e4r och med den kommer nya funktioner och f\u00f6rb\u00e4ttringar i Microsoft Dynamics CRM. Anm\u00e4l dig idag f\u00f6r att ta del av nyheterna\" \/>\n<meta name=\"robots\" content=\"index, follow, max-snippet:-1, max-image-preview:large, max-video-preview:-1\" \/>\n<link rel=\"canonical\" href=\"https:\/\/nabsolutions.com\/se\/crm\/webinar-vad-ar-nytt-i-crm-wave-1\/\" \/>\n<meta property=\"og:locale\" content=\"sv_SE\" \/>\n<meta property=\"og:type\" content=\"article\" \/>\n<meta property=\"og:title\" content=\"Webinar \u2013 vad \u00e4r nytt i Microsoft Dynamics 365 CRM? Wave 1\" \/>\n<meta property=\"og:description\" content=\"Wave 1 \u00e4r h\u00e4r och med den kommer nya funktioner och f\u00f6rb\u00e4ttringar i Microsoft Dynamics CRM. Anm\u00e4l dig idag f\u00f6r att ta del av nyheterna\" \/>\n<meta property=\"og:url\" content=\"https:\/\/nabsolutions.com\/se\/crm\/webinar-vad-ar-nytt-i-crm-wave-1\/\" \/>\n<meta property=\"og:site_name\" content=\"NAB SVERIGE\" \/>\n<meta property=\"og:image\" content=\"https:\/\/nabsolutions.com\/se\/wp-content\/uploads\/sites\/2\/2026\/03\/webinar-wave-1.webp\" \/>\n\t<meta property=\"og:image:width\" content=\"1920\" \/>\n\t<meta property=\"og:image:height\" content=\"1080\" \/>\n\t<meta property=\"og:image:type\" content=\"image\/webp\" \/>\n<meta name=\"twitter:card\" content=\"summary_large_image\" \/>\n<meta name=\"twitter:label1\" content=\"Ber\u00e4knad l\u00e4stid\" \/>\n\t<meta name=\"twitter:data1\" content=\"1 minut\" \/>\n<script type=\"application\/ld+json\" class=\"yoast-schema-graph\">{\"@context\":\"https:\\\/\\\/schema.org\",\"@graph\":[{\"@type\":\"WebPage\",\"@id\":\"https:\\\/\\\/nabsolutions.com\\\/se\\\/crm\\\/webinar-vad-ar-nytt-i-crm-wave-1\\\/\",\"url\":\"https:\\\/\\\/nabsolutions.com\\\/se\\\/crm\\\/webinar-vad-ar-nytt-i-crm-wave-1\\\/\",\"name\":\"Webinar \u2013 vad \u00e4r nytt i Microsoft Dynamics 365 CRM? Wave 1\",\"isPartOf\":{\"@id\":\"https:\\\/\\\/nabsolutions.com\\\/se\\\/#website\"},\"primaryImageOfPage\":{\"@id\":\"https:\\\/\\\/nabsolutions.com\\\/se\\\/crm\\\/webinar-vad-ar-nytt-i-crm-wave-1\\\/#primaryimage\"},\"image\":{\"@id\":\"https:\\\/\\\/nabsolutions.com\\\/se\\\/crm\\\/webinar-vad-ar-nytt-i-crm-wave-1\\\/#primaryimage\"},\"thumbnailUrl\":\"https:\\\/\\\/nabsolutions.com\\\/se\\\/wp-content\\\/uploads\\\/sites\\\/2\\\/2026\\\/03\\\/webinar-wave-1.webp\",\"datePublished\":\"2026-03-17T07:13:23+00:00\",\"description\":\"Wave 1 \u00e4r h\u00e4r och med den kommer nya funktioner och f\u00f6rb\u00e4ttringar i Microsoft Dynamics CRM. Anm\u00e4l dig idag f\u00f6r att ta del av nyheterna\",\"breadcrumb\":{\"@id\":\"https:\\\/\\\/nabsolutions.com\\\/se\\\/crm\\\/webinar-vad-ar-nytt-i-crm-wave-1\\\/#breadcrumb\"},\"inLanguage\":\"sv-SE\",\"potentialAction\":[{\"@type\":\"ReadAction\",\"target\":[\"https:\\\/\\\/nabsolutions.com\\\/se\\\/crm\\\/webinar-vad-ar-nytt-i-crm-wave-1\\\/\"]}]},{\"@type\":\"ImageObject\",\"inLanguage\":\"sv-SE\",\"@id\":\"https:\\\/\\\/nabsolutions.com\\\/se\\\/crm\\\/webinar-vad-ar-nytt-i-crm-wave-1\\\/#primaryimage\",\"url\":\"https:\\\/\\\/nabsolutions.com\\\/se\\\/wp-content\\\/uploads\\\/sites\\\/2\\\/2026\\\/03\\\/webinar-wave-1.webp\",\"contentUrl\":\"https:\\\/\\\/nabsolutions.com\\\/se\\\/wp-content\\\/uploads\\\/sites\\\/2\\\/2026\\\/03\\\/webinar-wave-1.webp\",\"width\":1920,\"height\":1080,\"caption\":\"Webinar CRM wave 1\"},{\"@type\":\"BreadcrumbList\",\"@id\":\"https:\\\/\\\/nabsolutions.com\\\/se\\\/crm\\\/webinar-vad-ar-nytt-i-crm-wave-1\\\/#breadcrumb\",\"itemListElement\":[{\"@type\":\"ListItem\",\"position\":1,\"name\":\"Home\",\"item\":\"https:\\\/\\\/nabsolutions.com\\\/se\\\/\"},{\"@type\":\"ListItem\",\"position\":2,\"name\":\"CRM\",\"item\":\"https:\\\/\\\/nabsolutions.com\\\/se\\\/crm\\\/\"},{\"@type\":\"ListItem\",\"position\":3,\"name\":\"Webinar \u2013 Vad \u00e4r nytt i CRM \u2013 Wave 1\"}]},{\"@type\":\"WebSite\",\"@id\":\"https:\\\/\\\/nabsolutions.com\\\/se\\\/#website\",\"url\":\"https:\\\/\\\/nabsolutions.com\\\/se\\\/\",\"name\":\"NAB Solutions AB\",\"description\":\"\",\"publisher\":{\"@id\":\"https:\\\/\\\/nabsolutions.com\\\/se\\\/#organization\"},\"alternateName\":\"NAB\",\"potentialAction\":[{\"@type\":\"SearchAction\",\"target\":{\"@type\":\"EntryPoint\",\"urlTemplate\":\"https:\\\/\\\/nabsolutions.com\\\/se\\\/?s={search_term_string}\"},\"query-input\":{\"@type\":\"PropertyValueSpecification\",\"valueRequired\":true,\"valueName\":\"search_term_string\"}}],\"inLanguage\":\"sv-SE\"},{\"@type\":\"Organization\",\"@id\":\"https:\\\/\\\/nabsolutions.com\\\/se\\\/#organization\",\"name\":\"NAB Solutions\",\"alternateName\":\"NAB\",\"url\":\"https:\\\/\\\/nabsolutions.com\\\/se\\\/\",\"logo\":{\"@type\":\"ImageObject\",\"inLanguage\":\"sv-SE\",\"@id\":\"https:\\\/\\\/nabsolutions.com\\\/se\\\/#\\\/schema\\\/logo\\\/image\\\/\",\"url\":\"https:\\\/\\\/nabsolutions.com\\\/se\\\/wp-content\\\/uploads\\\/sites\\\/2\\\/2025\\\/10\\\/nab-logo.svg\",\"contentUrl\":\"https:\\\/\\\/nabsolutions.com\\\/se\\\/wp-content\\\/uploads\\\/sites\\\/2\\\/2025\\\/10\\\/nab-logo.svg\",\"width\":191,\"height\":53,\"caption\":\"NAB Solutions\"},\"image\":{\"@id\":\"https:\\\/\\\/nabsolutions.com\\\/se\\\/#\\\/schema\\\/logo\\\/image\\\/\"}}]}<\/script>\n<!-- \/ Yoast SEO plugin. -->","yoast_head_json":{"title":"Webinar \u2013 vad \u00e4r nytt i Microsoft Dynamics 365 CRM? Wave 1","description":"Wave 1 \u00e4r h\u00e4r och med den kommer nya funktioner och f\u00f6rb\u00e4ttringar i Microsoft Dynamics CRM. Anm\u00e4l dig idag f\u00f6r att ta del av nyheterna","robots":{"index":"index","follow":"follow","max-snippet":"max-snippet:-1","max-image-preview":"max-image-preview:large","max-video-preview":"max-video-preview:-1"},"canonical":"https:\/\/nabsolutions.com\/se\/crm\/webinar-vad-ar-nytt-i-crm-wave-1\/","og_locale":"sv_SE","og_type":"article","og_title":"Webinar \u2013 vad \u00e4r nytt i Microsoft Dynamics 365 CRM? Wave 1","og_description":"Wave 1 \u00e4r h\u00e4r och med den kommer nya funktioner och f\u00f6rb\u00e4ttringar i Microsoft Dynamics CRM. Anm\u00e4l dig idag f\u00f6r att ta del av nyheterna","og_url":"https:\/\/nabsolutions.com\/se\/crm\/webinar-vad-ar-nytt-i-crm-wave-1\/","og_site_name":"NAB SVERIGE","og_image":[{"width":1920,"height":1080,"url":"https:\/\/nabsolutions.com\/se\/wp-content\/uploads\/sites\/2\/2026\/03\/webinar-wave-1.webp","type":"image\/webp"}],"twitter_card":"summary_large_image","twitter_misc":{"Ber\u00e4knad l\u00e4stid":"1 minut"},"schema":{"@context":"https:\/\/schema.org","@graph":[{"@type":"WebPage","@id":"https:\/\/nabsolutions.com\/se\/crm\/webinar-vad-ar-nytt-i-crm-wave-1\/","url":"https:\/\/nabsolutions.com\/se\/crm\/webinar-vad-ar-nytt-i-crm-wave-1\/","name":"Webinar \u2013 vad \u00e4r nytt i Microsoft Dynamics 365 CRM? Wave 1","isPartOf":{"@id":"https:\/\/nabsolutions.com\/se\/#website"},"primaryImageOfPage":{"@id":"https:\/\/nabsolutions.com\/se\/crm\/webinar-vad-ar-nytt-i-crm-wave-1\/#primaryimage"},"image":{"@id":"https:\/\/nabsolutions.com\/se\/crm\/webinar-vad-ar-nytt-i-crm-wave-1\/#primaryimage"},"thumbnailUrl":"https:\/\/nabsolutions.com\/se\/wp-content\/uploads\/sites\/2\/2026\/03\/webinar-wave-1.webp","datePublished":"2026-03-17T07:13:23+00:00","description":"Wave 1 \u00e4r h\u00e4r och med den kommer nya funktioner och f\u00f6rb\u00e4ttringar i Microsoft Dynamics CRM. Anm\u00e4l dig idag f\u00f6r att ta del av nyheterna","breadcrumb":{"@id":"https:\/\/nabsolutions.com\/se\/crm\/webinar-vad-ar-nytt-i-crm-wave-1\/#breadcrumb"},"inLanguage":"sv-SE","potentialAction":[{"@type":"ReadAction","target":["https:\/\/nabsolutions.com\/se\/crm\/webinar-vad-ar-nytt-i-crm-wave-1\/"]}]},{"@type":"ImageObject","inLanguage":"sv-SE","@id":"https:\/\/nabsolutions.com\/se\/crm\/webinar-vad-ar-nytt-i-crm-wave-1\/#primaryimage","url":"https:\/\/nabsolutions.com\/se\/wp-content\/uploads\/sites\/2\/2026\/03\/webinar-wave-1.webp","contentUrl":"https:\/\/nabsolutions.com\/se\/wp-content\/uploads\/sites\/2\/2026\/03\/webinar-wave-1.webp","width":1920,"height":1080,"caption":"Webinar CRM wave 1"},{"@type":"BreadcrumbList","@id":"https:\/\/nabsolutions.com\/se\/crm\/webinar-vad-ar-nytt-i-crm-wave-1\/#breadcrumb","itemListElement":[{"@type":"ListItem","position":1,"name":"Home","item":"https:\/\/nabsolutions.com\/se\/"},{"@type":"ListItem","position":2,"name":"CRM","item":"https:\/\/nabsolutions.com\/se\/crm\/"},{"@type":"ListItem","position":3,"name":"Webinar \u2013 Vad \u00e4r nytt i CRM \u2013 Wave 1"}]},{"@type":"WebSite","@id":"https:\/\/nabsolutions.com\/se\/#website","url":"https:\/\/nabsolutions.com\/se\/","name":"NAB Solutions AB","description":"","publisher":{"@id":"https:\/\/nabsolutions.com\/se\/#organization"},"alternateName":"NAB","potentialAction":[{"@type":"SearchAction","target":{"@type":"EntryPoint","urlTemplate":"https:\/\/nabsolutions.com\/se\/?s={search_term_string}"},"query-input":{"@type":"PropertyValueSpecification","valueRequired":true,"valueName":"search_term_string"}}],"inLanguage":"sv-SE"},{"@type":"Organization","@id":"https:\/\/nabsolutions.com\/se\/#organization","name":"NAB Solutions","alternateName":"NAB","url":"https:\/\/nabsolutions.com\/se\/","logo":{"@type":"ImageObject","inLanguage":"sv-SE","@id":"https:\/\/nabsolutions.com\/se\/#\/schema\/logo\/image\/","url":"https:\/\/nabsolutions.com\/se\/wp-content\/uploads\/sites\/2\/2025\/10\/nab-logo.svg","contentUrl":"https:\/\/nabsolutions.com\/se\/wp-content\/uploads\/sites\/2\/2025\/10\/nab-logo.svg","width":191,"height":53,"caption":"NAB Solutions"},"image":{"@id":"https:\/\/nabsolutions.com\/se\/#\/schema\/logo\/image\/"}}]}},"_links":{"self":[{"href":"https:\/\/nabsolutions.com\/se\/wp-json\/wp\/v2\/pages\/6200","targetHints":{"allow":["GET"]}}],"collection":[{"href":"https:\/\/nabsolutions.com\/se\/wp-json\/wp\/v2\/pages"}],"about":[{"href":"https:\/\/nabsolutions.com\/se\/wp-json\/wp\/v2\/types\/page"}],"author":[{"embeddable":true,"href":"https:\/\/nabsolutions.com\/se\/wp-json\/wp\/v2\/users\/4"}],"replies":[{"embeddable":true,"href":"https:\/\/nabsolutions.com\/se\/wp-json\/wp\/v2\/comments?post=6200"}],"version-history":[{"count":1,"href":"https:\/\/nabsolutions.com\/se\/wp-json\/wp\/v2\/pages\/6200\/revisions"}],"predecessor-version":[{"id":6202,"href":"https:\/\/nabsolutions.com\/se\/wp-json\/wp\/v2\/pages\/6200\/revisions\/6202"}],"up":[{"embeddable":true,"href":"https:\/\/nabsolutions.com\/se\/wp-json\/wp\/v2\/pages\/15"}],"wp:featuredmedia":[{"embeddable":true,"href":"https:\/\/nabsolutions.com\/se\/wp-json\/wp\/v2\/media\/6201"}],"wp:attachment":[{"href":"https:\/\/nabsolutions.com\/se\/wp-json\/wp\/v2\/media?parent=6200"}],"wp:term":[{"taxonomy":"post_tag","embeddable":true,"href":"https:\/\/nabsolutions.com\/se\/wp-json\/wp\/v2\/tags?post=6200"},{"taxonomy":"folder","embeddable":true,"href":"https:\/\/nabsolutions.com\/se\/wp-json\/wp\/v2\/folder?post=6200"}],"curies":[{"name":"wp","href":"https:\/\/api.w.org\/{rel}","templated":true}]}}