{"id":1790,"date":"2023-03-12T08:38:06","date_gmt":"2023-03-12T12:38:06","guid":{"rendered":"https:\/\/nabsolutions.com\/us\/?page_id=1790"},"modified":"2026-03-31T08:37:07","modified_gmt":"2026-03-31T12:37:07","slug":"fast-with-mcr-live-with-five-companies-in-business-central-in-just-three-weeks","status":"publish","type":"page","link":"https:\/\/nabsolutions.com\/us\/erp\/fast-with-mcr-live-with-five-companies-in-business-central-in-just-three-weeks\/","title":{"rendered":"MCR live with five companies in Business Central in three weeks!"},"content":{"rendered":"\r\n<section class=\"nab-half-hero   \" id=\"\">\r\n    <div class=\"nab-half-hero-inner\">\r\n        <div class=\"nab-half-hero-items\">\r\n            <header class=\"nab-half-hero-header\">\r\n                \r\n                                    <h1 class=\"nab-half-hero-header-title is-h2\">\r\n                        Fast with MCR \u2014 live with five companies in Business Central in just three weeks!                    <\/h1>\r\n                \r\n                                    <p class=\"nab-half-hero-header-text is-ingress\">\r\n                        With five different companies, MCR decided to move its accounting from its legacy system to Business Central Online. Using Business Central Start\u2014a packaged implementation\u2014they were up and running in the cloud with all companies in just three weeks. Jessica Nellemark, CFO at MCR, did not experience any issues starting with a packaged solution and later expanding Business Central Start based on their needs.                    <\/p>\r\n                \r\n                                \r\n                                \r\n                                \r\n                            <\/header>\r\n\r\n                            <div class=\"nab-half-hero-image\">\r\n                    <img decoding=\"async\" \r\n                        class=\"nab-half-hero-image-figure lazyload\" \r\n                        data-src=\"https:\/\/nabsolutions.com\/us\/wp-content\/uploads\/sites\/4\/2025\/12\/MCR_var_igang_snabbt_med_ERP_fran_microsoft.webp\" \r\n                        alt=\"MCR var ig\u00e5ng snabbt med ERP fr\u00e5n Microsoft\"\r\n                     src=\"data:image\/svg+xml;base64,PHN2ZyB3aWR0aD0iMSIgaGVpZ2h0PSIxIiB4bWxucz0iaHR0cDovL3d3dy53My5vcmcvMjAwMC9zdmciPjwvc3ZnPg==\" style=\"--smush-placeholder-width: 1724px; --smush-placeholder-aspect-ratio: 1724\/1724;\">\r\n\r\n                                            <div class=\"nab-half-hero-image-logo-wrapper\">\r\n                            <img decoding=\"async\" \r\n                                class=\"nab-half-hero-image-logo lazyload\" \r\n                                data-src=\"https:\/\/nabsolutions.com\/us\/wp-content\/uploads\/sites\/4\/2026\/03\/MCRlogga.png\" \r\n                                alt=\"MCR Logo\"\r\n                             src=\"data:image\/svg+xml;base64,PHN2ZyB3aWR0aD0iMSIgaGVpZ2h0PSIxIiB4bWxucz0iaHR0cDovL3d3dy53My5vcmcvMjAwMC9zdmciPjwvc3ZnPg==\" style=\"--smush-placeholder-width: 120px; --smush-placeholder-aspect-ratio: 120\/67;\">\r\n                        <\/div>\r\n                                    <\/div>\r\n                    <\/div>\r\n    <\/div>\r\n<\/section>\n\n\r\n\r\n    <section class=\"nab-article has-offset  \" id=\"\">\r\n        <div class=\"nab-article-inner \">\r\n            <h3>MCR knows everything about containers<\/h3>\n<p>The family\u2011owned company MCR has been operating since 1983 and works with everything related to container services. MCR sells and rents out containers in various sizes and also customizes containers based on specific requirements. The head office is located near the Port of Gothenburg, where repairs, refrigeration work, and container washing are carried out. In addition to its operations in Gothenburg, MCR is also present in Norrk\u00f6ping and S\u00f6dert\u00e4lje.<\/p>\n<p>\u201cWe chose to smoothly further develop our business solution after going live, adding functionality and workflows for invoicing with service items, contract invoicing, and a one\u2011step invoice approval process in a second phase. With Business Central, we can access all our companies from a single login, which saves us a lot of time,\u201d says Jessica Nellemark, CFO at MCR.<\/p>\n        <\/div>\r\n    <\/section>\r\n\n\n\n\n\n    <section class=\"nab-bento  \" id=\"\">\n        <div class=\"nab-bento-inner\">\n                            \n                                \n                                    <div class=\"nab-bento-items is-bento-two\">\n                                                    <div class=\"nab-bento-item link-box-wrapper is-bento-two is-2-1  \">\n                                <div class=\"nab-bento-item-inner is-dark-green    is-flex-end \">\n                                    \n                                    \n                                    <header class=\"nab-bento-item-header  \">\n                                                                                    <p class=\"nab-bento-item-header-subtitle is-uppercase\">\n                                                Jessica Nellemark, CFO at Mcr                                            <\/p>\n                                            <h3 class=\"nab-bento-item-header-title   \">\n                                                \u201cWe chose Business Central Start and were up and running with five different companies in just three weeks. It worked perfectly to start with a packaged solution across all companies and then later expand with additional functionality for the companies that needed it.\u201d                                            <\/h3>\n                                                                                    \n                                                                            <\/header>\n\n                                    \n                                                                    <\/div>\n                            <\/div>\n                                                    <div class=\"nab-bento-item link-box-wrapper is-bento-two   \">\n                                <div class=\"nab-bento-item-inner is-dark-green has-lesser-padding has-overlay  is-flex-end \">\n                                                                            <img decoding=\"async\"\n                                            class=\"nab-bento-item-image-figure has-overlay lazyload\" \n                                            data-src=\"https:\/\/nabsolutions.com\/us\/wp-content\/uploads\/sites\/4\/2025\/11\/continia-1.webp\" \n                                            alt=\"Effektivisera betalningar i Business Central\"\n                                         src=\"data:image\/svg+xml;base64,PHN2ZyB3aWR0aD0iMSIgaGVpZ2h0PSIxIiB4bWxucz0iaHR0cDovL3d3dy53My5vcmcvMjAwMC9zdmciPjwvc3ZnPg==\" style=\"--smush-placeholder-width: 1920px; --smush-placeholder-aspect-ratio: 1920\/1080;\">\n                                    \n                                    \n                                    <header class=\"nab-bento-item-header  \">\n                                                                                    <p class=\"nab-bento-item-header-subtitle is-uppercase\">\n                                                Scalable ERP                                            <\/p>\n                                            <h3 class=\"nab-bento-item-header-title is-smaller  \">\n                                                A powerful business system to grow with.                                            <\/h3>\n                                                                                    \n                                                                                    <a \n                                                href=\"https:\/\/nabsolutions.com\/us\/erp\/\" \n                                                class=\"nab-bento-item-header-button nab-button is-primary \"\n                                                aria-label=\"Discorver our ERP\"\n                                            >\n                                                <span class=\"nab-link-box\"><\/span>\n                                                                                                    <span class=\"nab-bento-item-header-button-text\">\n                                                        Discorver our ERP                                                    <\/span>\n                                                    <i class=\"nab-bento-item-header-title-icon material-symbols-outlined is-mobile \" aria-label=\"Arrow right\">arrow_right_alt<\/i>\n                                                                                            <\/a>\n                                                                            <\/header>\n\n                                    \n                                                                    <\/div>\n                            <\/div>\n                                            <\/div>\n                               \n                                    <\/div>\n    <\/section>\n\n\n\n<section class=\"nab-cta-island   \" id=\"CTA\">\n    <div class=\"nab-cta-island-inner\">\n        <header class=\"nab-cta-island-header\">\n                            <h2 class=\"nab-cta-island-header-title \">\n                    Want to get a powerful ERP to grow with?                <\/h2>\n                        \n                            <p class=\"nab-cta-island-header-text is-ingress\">\n                    We\u2019re specialists in ERP, CRM, Business Intelligence, and AI, and we\u2019re here to help                <\/p>\n                        \n                            <a href=\"\" class=\"nab-cta-island-header-button nab-button is-primary is-info-form-popup\" aria-label=\"Contact us\">\n                    Contact us                <\/a>\n                \n                    <\/header>\n\n    <\/div>\n<\/section>\n\n\r\n<section class=\"nab-form-popup nab-form\">\r\n    <div class=\"nab-form-popup-inner\">\r\n        <a href=\"#\" class=\"nab-form-popup-close\">\r\n            <i class=\"nab-form-popup-close-icon material-symbols-outlined\">close<\/i>\r\n        <\/a>\r\n        <header class=\"nab-form-popup-header\">\r\n            <h3 class=\"nab-form-popup-header-title is-large\">\r\n                Get in touch!            <\/h3>\r\n            <p class=\"nab-form-popup-header-text is-lead\">\r\n                Fill in your details and we\u2019ll get back to you shortly!            <\/p>\r\n        <\/header>\r\n\r\n        <div class=\"nab-form-popup-form-wrapper\">\r\n            <form\r\n                action=\"\/wp-json\/nab\/v1\/mail\"\r\n                class=\"nab-form-popup-form nab-form-area\"\r\n                id=\"nab-form-area\"\r\n                data-type=\"info\"\r\n            >\r\n                <div class=\"nab-form-area-item is-botcheck\">\r\n                    <input type=\"tel\" class=\"nab-form-area-input is-botcheck\">\r\n                <\/div>\r\n\r\n                <div class=\"nab-form-area-item is-50\">\r\n                    <label for=\"nab-form-first-name\" class=\"nab-form-area-label\">\r\n                        First name*  \r\n                    <\/label>\r\n                    <input type=\"text\" class=\"nab-form-area-input is-required\" id=\"nab-form-first-name\">\r\n                    <p class=\"nab-form-area-error\">\r\n                        Please enter your first name.                    <\/p>\r\n                <\/div>\r\n                \r\n                <div class=\"nab-form-area-item is-50\">\r\n                    <label for=\"nab-form-last-name\" class=\"nab-form-area-label\">\r\n                        Last name*                    <\/label>\r\n                    <input type=\"text\" class=\"nab-form-area-input is-required\" id=\"nab-form-last-name\">\r\n                    <p class=\"nab-form-area-error\">\r\n                        Please enter your last name.                    <\/p>\r\n                <\/div>\r\n                \r\n                <div class=\"nab-form-area-item\">\r\n                    <label for=\"nab-form-company\" class=\"nab-form-area-label\">\r\n                        Company                    <\/label>\r\n                    <input type=\"text\" class=\"nab-form-area-input\" id=\"nab-form-company\">\r\n                <\/div>\r\n\r\n                <div class=\"nab-form-area-item is-50\">\r\n                    <label for=\"nab-form-email\" class=\"nab-form-area-label\">\r\n                        Email*                    <\/label>\r\n                    <input type=\"email\" class=\"nab-form-area-input is-required\" id=\"nab-form-email\">\r\n                    <p class=\"nab-form-area-error\">\r\n                        Please enter your email.                    <\/p>\r\n                <\/div>\r\n                \r\n                <div class=\"nab-form-area-item is-50\">\r\n                    <label for=\"nab-form-phone\" class=\"nab-form-area-label\">\r\n                        Phone*                    <\/label>\r\n                    <input type=\"tel\" class=\"nab-form-area-input is-required\" id=\"nab-form-phone\">\r\n                    <p class=\"nab-form-area-error\">\r\n                        Please enter your phone number.                    <\/p>\r\n                <\/div>\r\n\r\n                <div class=\"nab-form-area-item\">\r\n                    <label for=\"nab-form-message\" class=\"nab-form-area-label is-message\">\r\n                        Message                    <\/label>\r\n                    <textarea name=\"\" id=\"nab-form-message\" class=\"nab-form-area-input nab-form-area-textarea\"><\/textarea>\r\n                <\/div>\r\n\r\n                <div class=\"nab-form-area-item\">\r\n                    <button class=\"nab-form-area-submit nab-button is-primary is-full\">\r\n                        Send                    <\/button>\r\n                    <img decoding=\"async\" src=\"https:\/\/nabsolutions.com\/us\/wp-content\/themes\/nab-solutions-public\/assets\/static\/images\/oval.svg\" alt=\"\" class=\"nab-form-area-submit-icon\">\r\n                <\/div>\r\n\r\n                <p class=\"nab-form-area-integritypolicy is-small\">\r\n                    By contacting us, your personal data will be processed in accordance with NAB&#8217;s <a href=\"\/us\/about-nab-solutions\/privacy-policy\">privacy policy<\/a>.                <\/p>\r\n\r\n                            <\/form>\r\n        <\/div>\r\n    <\/div>\r\n<\/section>","protected":false},"excerpt":{"rendered":"","protected":false},"author":6,"featured_media":1791,"parent":13,"menu_order":0,"comment_status":"closed","ping_status":"closed","template":"","meta":{"_acf_changed":false,"inline_featured_image":false,"footnotes":""},"tags":[19],"folder":[22,135],"class_list":["post-1790","page","type-page","status-publish","has-post-thumbnail","hentry","tag-customer-stories"],"acf":[],"yoast_head":"<!-- This site is optimized with the Yoast SEO plugin v27.3 - https:\/\/yoast.com\/product\/yoast-seo-wordpress\/ -->\n<title>MCR live with five companies in Business Central in three weeks! - NAB US<\/title>\n<meta name=\"description\" content=\"MCR moved multiple companies to Microsoft Business Central and was live in just three weeks gaining smoother processes, and time savings.\" \/>\n<meta name=\"robots\" content=\"index, follow, max-snippet:-1, max-image-preview:large, max-video-preview:-1\" \/>\n<link rel=\"canonical\" href=\"https:\/\/nabsolutions.com\/us\/erp\/fast-with-mcr-live-with-five-companies-in-business-central-in-just-three-weeks\/\" \/>\n<meta property=\"og:locale\" content=\"en_US\" \/>\n<meta property=\"og:type\" content=\"article\" \/>\n<meta property=\"og:title\" content=\"MCR live with five companies in Business Central in three weeks! - NAB US\" \/>\n<meta property=\"og:description\" content=\"MCR moved multiple companies to Microsoft Business Central and was live in just three weeks gaining smoother processes, and time savings.\" \/>\n<meta property=\"og:url\" content=\"https:\/\/nabsolutions.com\/us\/erp\/fast-with-mcr-live-with-five-companies-in-business-central-in-just-three-weeks\/\" \/>\n<meta property=\"og:site_name\" content=\"NAB US\" \/>\n<meta property=\"article:modified_time\" content=\"2026-03-31T12:37:07+00:00\" \/>\n<meta property=\"og:image\" content=\"https:\/\/nabsolutions.com\/us\/wp-content\/uploads\/sites\/4\/2025\/12\/MCR_var_igang_snabbt_med_ERP_fran_microsoft.webp\" \/>\n\t<meta property=\"og:image:width\" content=\"1724\" \/>\n\t<meta property=\"og:image:height\" content=\"1724\" \/>\n\t<meta property=\"og:image:type\" content=\"image\/webp\" \/>\n<meta name=\"twitter:card\" content=\"summary_large_image\" \/>\n<meta name=\"twitter:label1\" content=\"Est. reading time\" \/>\n\t<meta name=\"twitter:data1\" content=\"1 minute\" \/>\n<script type=\"application\/ld+json\" class=\"yoast-schema-graph\">{\"@context\":\"https:\\\/\\\/schema.org\",\"@graph\":[{\"@type\":\"WebPage\",\"@id\":\"https:\\\/\\\/nabsolutions.com\\\/us\\\/erp\\\/fast-with-mcr-live-with-five-companies-in-business-central-in-just-three-weeks\\\/\",\"url\":\"https:\\\/\\\/nabsolutions.com\\\/us\\\/erp\\\/fast-with-mcr-live-with-five-companies-in-business-central-in-just-three-weeks\\\/\",\"name\":\"MCR live with five companies in Business Central in three weeks! - NAB US\",\"isPartOf\":{\"@id\":\"https:\\\/\\\/nabsolutions.com\\\/us\\\/#website\"},\"primaryImageOfPage\":{\"@id\":\"https:\\\/\\\/nabsolutions.com\\\/us\\\/erp\\\/fast-with-mcr-live-with-five-companies-in-business-central-in-just-three-weeks\\\/#primaryimage\"},\"image\":{\"@id\":\"https:\\\/\\\/nabsolutions.com\\\/us\\\/erp\\\/fast-with-mcr-live-with-five-companies-in-business-central-in-just-three-weeks\\\/#primaryimage\"},\"thumbnailUrl\":\"https:\\\/\\\/nabsolutions.com\\\/us\\\/wp-content\\\/uploads\\\/sites\\\/4\\\/2025\\\/12\\\/MCR_var_igang_snabbt_med_ERP_fran_microsoft.webp\",\"datePublished\":\"2023-03-12T12:38:06+00:00\",\"dateModified\":\"2026-03-31T12:37:07+00:00\",\"description\":\"MCR moved multiple companies to Microsoft Business Central and was live in just three weeks gaining smoother processes, and time savings.\",\"breadcrumb\":{\"@id\":\"https:\\\/\\\/nabsolutions.com\\\/us\\\/erp\\\/fast-with-mcr-live-with-five-companies-in-business-central-in-just-three-weeks\\\/#breadcrumb\"},\"inLanguage\":\"en-US\",\"potentialAction\":[{\"@type\":\"ReadAction\",\"target\":[\"https:\\\/\\\/nabsolutions.com\\\/us\\\/erp\\\/fast-with-mcr-live-with-five-companies-in-business-central-in-just-three-weeks\\\/\"]}]},{\"@type\":\"ImageObject\",\"inLanguage\":\"en-US\",\"@id\":\"https:\\\/\\\/nabsolutions.com\\\/us\\\/erp\\\/fast-with-mcr-live-with-five-companies-in-business-central-in-just-three-weeks\\\/#primaryimage\",\"url\":\"https:\\\/\\\/nabsolutions.com\\\/us\\\/wp-content\\\/uploads\\\/sites\\\/4\\\/2025\\\/12\\\/MCR_var_igang_snabbt_med_ERP_fran_microsoft.webp\",\"contentUrl\":\"https:\\\/\\\/nabsolutions.com\\\/us\\\/wp-content\\\/uploads\\\/sites\\\/4\\\/2025\\\/12\\\/MCR_var_igang_snabbt_med_ERP_fran_microsoft.webp\",\"width\":1724,\"height\":1724,\"caption\":\"MCR var ig\u00e5ng snabbt med ERP fr\u00e5n Microsoft\"},{\"@type\":\"BreadcrumbList\",\"@id\":\"https:\\\/\\\/nabsolutions.com\\\/us\\\/erp\\\/fast-with-mcr-live-with-five-companies-in-business-central-in-just-three-weeks\\\/#breadcrumb\",\"itemListElement\":[{\"@type\":\"ListItem\",\"position\":1,\"name\":\"Home\",\"item\":\"https:\\\/\\\/nabsolutions.com\\\/us\\\/\"},{\"@type\":\"ListItem\",\"position\":2,\"name\":\"ERP\",\"item\":\"https:\\\/\\\/nabsolutions.com\\\/us\\\/erp\\\/\"},{\"@type\":\"ListItem\",\"position\":3,\"name\":\"MCR live with five companies in Business Central in three weeks!\"}]},{\"@type\":\"WebSite\",\"@id\":\"https:\\\/\\\/nabsolutions.com\\\/us\\\/#website\",\"url\":\"https:\\\/\\\/nabsolutions.com\\\/us\\\/\",\"name\":\"NAB Solutions Inc\",\"description\":\"\",\"publisher\":{\"@id\":\"https:\\\/\\\/nabsolutions.com\\\/us\\\/#organization\"},\"alternateName\":\"NAB\",\"potentialAction\":[{\"@type\":\"SearchAction\",\"target\":{\"@type\":\"EntryPoint\",\"urlTemplate\":\"https:\\\/\\\/nabsolutions.com\\\/us\\\/?s={search_term_string}\"},\"query-input\":{\"@type\":\"PropertyValueSpecification\",\"valueRequired\":true,\"valueName\":\"search_term_string\"}}],\"inLanguage\":\"en-US\"},{\"@type\":\"Organization\",\"@id\":\"https:\\\/\\\/nabsolutions.com\\\/us\\\/#organization\",\"name\":\"NAB Solutions Inc\",\"alternateName\":\"NAB\",\"url\":\"https:\\\/\\\/nabsolutions.com\\\/us\\\/\",\"logo\":{\"@type\":\"ImageObject\",\"inLanguage\":\"en-US\",\"@id\":\"https:\\\/\\\/nabsolutions.com\\\/us\\\/#\\\/schema\\\/logo\\\/image\\\/\",\"url\":\"https:\\\/\\\/nabsolutions.com\\\/us\\\/wp-content\\\/uploads\\\/sites\\\/4\\\/2025\\\/10\\\/nab-logo.svg\",\"contentUrl\":\"https:\\\/\\\/nabsolutions.com\\\/us\\\/wp-content\\\/uploads\\\/sites\\\/4\\\/2025\\\/10\\\/nab-logo.svg\",\"width\":191,\"height\":53,\"caption\":\"NAB Solutions Inc\"},\"image\":{\"@id\":\"https:\\\/\\\/nabsolutions.com\\\/us\\\/#\\\/schema\\\/logo\\\/image\\\/\"}}]}<\/script>\n<!-- \/ Yoast SEO plugin. -->","yoast_head_json":{"title":"MCR live with five companies in Business Central in three weeks! - NAB US","description":"MCR moved multiple companies to Microsoft Business Central and was live in just three weeks gaining smoother processes, and time savings.","robots":{"index":"index","follow":"follow","max-snippet":"max-snippet:-1","max-image-preview":"max-image-preview:large","max-video-preview":"max-video-preview:-1"},"canonical":"https:\/\/nabsolutions.com\/us\/erp\/fast-with-mcr-live-with-five-companies-in-business-central-in-just-three-weeks\/","og_locale":"en_US","og_type":"article","og_title":"MCR live with five companies in Business Central in three weeks! - NAB US","og_description":"MCR moved multiple companies to Microsoft Business Central and was live in just three weeks gaining smoother processes, and time savings.","og_url":"https:\/\/nabsolutions.com\/us\/erp\/fast-with-mcr-live-with-five-companies-in-business-central-in-just-three-weeks\/","og_site_name":"NAB US","article_modified_time":"2026-03-31T12:37:07+00:00","og_image":[{"width":1724,"height":1724,"url":"https:\/\/nabsolutions.com\/us\/wp-content\/uploads\/sites\/4\/2025\/12\/MCR_var_igang_snabbt_med_ERP_fran_microsoft.webp","type":"image\/webp"}],"twitter_card":"summary_large_image","twitter_misc":{"Est. reading time":"1 minute"},"schema":{"@context":"https:\/\/schema.org","@graph":[{"@type":"WebPage","@id":"https:\/\/nabsolutions.com\/us\/erp\/fast-with-mcr-live-with-five-companies-in-business-central-in-just-three-weeks\/","url":"https:\/\/nabsolutions.com\/us\/erp\/fast-with-mcr-live-with-five-companies-in-business-central-in-just-three-weeks\/","name":"MCR live with five companies in Business Central in three weeks! - NAB US","isPartOf":{"@id":"https:\/\/nabsolutions.com\/us\/#website"},"primaryImageOfPage":{"@id":"https:\/\/nabsolutions.com\/us\/erp\/fast-with-mcr-live-with-five-companies-in-business-central-in-just-three-weeks\/#primaryimage"},"image":{"@id":"https:\/\/nabsolutions.com\/us\/erp\/fast-with-mcr-live-with-five-companies-in-business-central-in-just-three-weeks\/#primaryimage"},"thumbnailUrl":"https:\/\/nabsolutions.com\/us\/wp-content\/uploads\/sites\/4\/2025\/12\/MCR_var_igang_snabbt_med_ERP_fran_microsoft.webp","datePublished":"2023-03-12T12:38:06+00:00","dateModified":"2026-03-31T12:37:07+00:00","description":"MCR moved multiple companies to Microsoft Business Central and was live in just three weeks gaining smoother processes, and time savings.","breadcrumb":{"@id":"https:\/\/nabsolutions.com\/us\/erp\/fast-with-mcr-live-with-five-companies-in-business-central-in-just-three-weeks\/#breadcrumb"},"inLanguage":"en-US","potentialAction":[{"@type":"ReadAction","target":["https:\/\/nabsolutions.com\/us\/erp\/fast-with-mcr-live-with-five-companies-in-business-central-in-just-three-weeks\/"]}]},{"@type":"ImageObject","inLanguage":"en-US","@id":"https:\/\/nabsolutions.com\/us\/erp\/fast-with-mcr-live-with-five-companies-in-business-central-in-just-three-weeks\/#primaryimage","url":"https:\/\/nabsolutions.com\/us\/wp-content\/uploads\/sites\/4\/2025\/12\/MCR_var_igang_snabbt_med_ERP_fran_microsoft.webp","contentUrl":"https:\/\/nabsolutions.com\/us\/wp-content\/uploads\/sites\/4\/2025\/12\/MCR_var_igang_snabbt_med_ERP_fran_microsoft.webp","width":1724,"height":1724,"caption":"MCR var ig\u00e5ng snabbt med ERP fr\u00e5n Microsoft"},{"@type":"BreadcrumbList","@id":"https:\/\/nabsolutions.com\/us\/erp\/fast-with-mcr-live-with-five-companies-in-business-central-in-just-three-weeks\/#breadcrumb","itemListElement":[{"@type":"ListItem","position":1,"name":"Home","item":"https:\/\/nabsolutions.com\/us\/"},{"@type":"ListItem","position":2,"name":"ERP","item":"https:\/\/nabsolutions.com\/us\/erp\/"},{"@type":"ListItem","position":3,"name":"MCR live with five companies in Business Central in three weeks!"}]},{"@type":"WebSite","@id":"https:\/\/nabsolutions.com\/us\/#website","url":"https:\/\/nabsolutions.com\/us\/","name":"NAB Solutions Inc","description":"","publisher":{"@id":"https:\/\/nabsolutions.com\/us\/#organization"},"alternateName":"NAB","potentialAction":[{"@type":"SearchAction","target":{"@type":"EntryPoint","urlTemplate":"https:\/\/nabsolutions.com\/us\/?s={search_term_string}"},"query-input":{"@type":"PropertyValueSpecification","valueRequired":true,"valueName":"search_term_string"}}],"inLanguage":"en-US"},{"@type":"Organization","@id":"https:\/\/nabsolutions.com\/us\/#organization","name":"NAB Solutions Inc","alternateName":"NAB","url":"https:\/\/nabsolutions.com\/us\/","logo":{"@type":"ImageObject","inLanguage":"en-US","@id":"https:\/\/nabsolutions.com\/us\/#\/schema\/logo\/image\/","url":"https:\/\/nabsolutions.com\/us\/wp-content\/uploads\/sites\/4\/2025\/10\/nab-logo.svg","contentUrl":"https:\/\/nabsolutions.com\/us\/wp-content\/uploads\/sites\/4\/2025\/10\/nab-logo.svg","width":191,"height":53,"caption":"NAB Solutions Inc"},"image":{"@id":"https:\/\/nabsolutions.com\/us\/#\/schema\/logo\/image\/"}}]}},"_links":{"self":[{"href":"https:\/\/nabsolutions.com\/us\/wp-json\/wp\/v2\/pages\/1790","targetHints":{"allow":["GET"]}}],"collection":[{"href":"https:\/\/nabsolutions.com\/us\/wp-json\/wp\/v2\/pages"}],"about":[{"href":"https:\/\/nabsolutions.com\/us\/wp-json\/wp\/v2\/types\/page"}],"author":[{"embeddable":true,"href":"https:\/\/nabsolutions.com\/us\/wp-json\/wp\/v2\/users\/6"}],"replies":[{"embeddable":true,"href":"https:\/\/nabsolutions.com\/us\/wp-json\/wp\/v2\/comments?post=1790"}],"version-history":[{"count":16,"href":"https:\/\/nabsolutions.com\/us\/wp-json\/wp\/v2\/pages\/1790\/revisions"}],"predecessor-version":[{"id":7779,"href":"https:\/\/nabsolutions.com\/us\/wp-json\/wp\/v2\/pages\/1790\/revisions\/7779"}],"up":[{"embeddable":true,"href":"https:\/\/nabsolutions.com\/us\/wp-json\/wp\/v2\/pages\/13"}],"wp:featuredmedia":[{"embeddable":true,"href":"https:\/\/nabsolutions.com\/us\/wp-json\/wp\/v2\/media\/1791"}],"wp:attachment":[{"href":"https:\/\/nabsolutions.com\/us\/wp-json\/wp\/v2\/media?parent=1790"}],"wp:term":[{"taxonomy":"post_tag","embeddable":true,"href":"https:\/\/nabsolutions.com\/us\/wp-json\/wp\/v2\/tags?post=1790"},{"taxonomy":"folder","embeddable":true,"href":"https:\/\/nabsolutions.com\/us\/wp-json\/wp\/v2\/folder?post=1790"}],"curies":[{"name":"wp","href":"https:\/\/api.w.org\/{rel}","templated":true}]}}